{"id":12483,"date":"2022-01-13T12:36:45","date_gmt":"2022-01-13T11:36:45","guid":{"rendered":"https:\/\/cirhi.test.uwr.edu.pl\/?page_id=12483"},"modified":"2022-03-08T08:20:04","modified_gmt":"2022-03-08T07:20:04","slug":"collaboration-and-supervision","status":"publish","type":"page","link":"https:\/\/cirhi.uwr.edu.pl\/en\/collaboration-and-supervision\/","title":{"rendered":"Collaboration and supervision"},"content":{"rendered":"\n<div class=\"wp-block-ugb-container ugb-container ugb-8dda971 ugb-container--v2 ugb-container--design-plain ugb-main-block\"><div class=\"ugb-inner-block\"><div class=\"ugb-block-content\"><div class=\"ugb-container__wrapper ugb-8dda971-wrapper\"><div class=\"ugb-container__side\"><div class=\"ugb-container__content-wrapper ugb-8dda971-content-wrapper\">\n<div class=\"wp-block-columns bs-news-page is-layout-flex wp-block-columns-is-layout-flex\">\n<div class=\"wp-block-column bs-kontakt-photo is-layout-flow wp-block-column-is-layout-flow\">\n<figure class=\"wp-block-image size-large\"><img loading=\"lazy\" decoding=\"async\" width=\"1024\" height=\"683\" src=\"https:\/\/cirhi.uwr.edu.pl\/wp-content\/uploads\/sites\/15\/2021\/05\/4D8A4897-1024x683.jpg\" alt=\"\" class=\"wp-image-13606\" srcset=\"https:\/\/cirhi.uwr.edu.pl\/wp-content\/uploads\/sites\/15\/2021\/05\/4D8A4897-1024x683.jpg 1024w, https:\/\/cirhi.uwr.edu.pl\/wp-content\/uploads\/sites\/15\/2021\/05\/4D8A4897-300x200.jpg 300w, https:\/\/cirhi.uwr.edu.pl\/wp-content\/uploads\/sites\/15\/2021\/05\/4D8A4897-768x512.jpg 768w, https:\/\/cirhi.uwr.edu.pl\/wp-content\/uploads\/sites\/15\/2021\/05\/4D8A4897-1536x1024.jpg 1536w, https:\/\/cirhi.uwr.edu.pl\/wp-content\/uploads\/sites\/15\/2021\/05\/4D8A4897-2048x1366.jpg 2048w, https:\/\/cirhi.uwr.edu.pl\/wp-content\/uploads\/sites\/15\/2021\/05\/4D8A4897-1320x880.jpg 1320w, https:\/\/cirhi.uwr.edu.pl\/wp-content\/uploads\/sites\/15\/2021\/05\/4D8A4897-24x16.jpg 24w, https:\/\/cirhi.uwr.edu.pl\/wp-content\/uploads\/sites\/15\/2021\/05\/4D8A4897-36x24.jpg 36w, https:\/\/cirhi.uwr.edu.pl\/wp-content\/uploads\/sites\/15\/2021\/05\/4D8A4897-48x32.jpg 48w\" sizes=\"auto, (max-width: 1024px) 100vw, 1024px\" \/><\/figure>\n<\/div>\n\n\n\n<div class=\"wp-block-column bs-contact-right-column is-layout-flow wp-block-column-is-layout-flow\">\n<div class=\"wp-block-bonasoft-modular-breadcrumbs-block\"><div class=\"bs_add_breadcrumb_trail\"><\/div><\/div>\n\n\n\n<hr class=\"wp-block-separator has-text-color has-background has-black-background-color has-black-color is-style-wide bs-border-kontakt\" \/>\n\n\n\n<h1 class=\"bs-naglowek-podstrony wp-block-heading\" id=\"collaboration-and-supervision-1\"><strong><strong><strong>Collaboration and supervision<\/strong><\/strong><\/strong><\/h1>\n\n\n\n<p>We are open to collaboration and we invite all those who would like to work with us to contact us with a suggestion. We are happy to work with you, if the research is underpinned by our values (<a href=\"https:\/\/cirhi.uwr.edu.pl\/en\/w-jaki-sposob-pracujemy\/\">link here<\/a>) and is with the Centre\u2019s wide remit.<\/p>\n\n\n\n<p>Doctoral students. First, we welcome applications from doctoral students. If you would like to do your PhD on a topic that falls within the scope of the Centre, we shall consider it.<\/p>\n\n\n\n<p>Collaboration. We see potential collaboration in two perspectives. First, we do welcome individuals who would like to work with us. Whether such collaboration is based on your ideas, or whether you would like to join us on a project we are engaged in, we are happy to consider it and, if possible, support it.<\/p>\n\n\n\n<p>Second, we are keen to forge institutional links with centres, departments, teams who would like to work with us. We shall always consider possibilities and seek ways to make our collaboration work.<\/p>\n\n\n\n<p>Please contact us at <a href=\"mailto:cirhi@uwr.edu.pl\">cirhi@uwr.edu.pl<\/a>, or any member of the Centre.<\/p>\n<\/div>\n<\/div>\n<\/div><\/div><\/div><\/div><\/div><\/div>\n","protected":false},"excerpt":{"rendered":"<p>Collaboration and supervision We are open to collaboration and we invite all those who would like to work with us to contact us with a suggestion. We are happy to work with you, if the research is underpinned by our values (link here) and is with the Centre\u2019s wide remit. Doctoral students. First, we welcome [&hellip;]<\/p>\n","protected":false},"author":52,"featured_media":0,"parent":0,"menu_order":0,"comment_status":"closed","ping_status":"closed","template":"","meta":{"_acf_changed":false,"inline_featured_image":false,"site-sidebar-layout":"","site-content-layout":"","ast-site-content-layout":"default","site-content-style":"default","site-sidebar-style":"default","ast-global-header-display":"","ast-banner-title-visibility":"","ast-main-header-display":"","ast-hfb-above-header-display":"","ast-hfb-below-header-display":"","ast-hfb-mobile-header-display":"","site-post-title":"","ast-breadcrumbs-content":"","ast-featured-img":"","footer-sml-layout":"","ast-disable-related-posts":"","theme-transparent-header-meta":"","adv-header-id-meta":"","stick-header-meta":"","header-above-stick-meta":"","header-main-stick-meta":"","header-below-stick-meta":"","astra-migrate-meta-layouts":"default","ast-page-background-enabled":"default","ast-page-background-meta":{"desktop":{"background-color":"","background-image":"","background-repeat":"repeat","background-position":"center center","background-size":"auto","background-attachment":"scroll","background-type":"","background-media":"","overlay-type":"","overlay-color":"","overlay-opacity":"","overlay-gradient":""},"tablet":{"background-color":"","background-image":"","background-repeat":"repeat","background-position":"center center","background-size":"auto","background-attachment":"scroll","background-type":"","background-media":"","overlay-type":"","overlay-color":"","overlay-opacity":"","overlay-gradient":""},"mobile":{"background-color":"","background-image":"","background-repeat":"repeat","background-position":"center center","background-size":"auto","background-attachment":"scroll","background-type":"","background-media":"","overlay-type":"","overlay-color":"","overlay-opacity":"","overlay-gradient":""}},"ast-content-background-meta":{"desktop":{"background-color":"var(--ast-global-color-5)","background-image":"","background-repeat":"repeat","background-position":"center center","background-size":"auto","background-attachment":"scroll","background-type":"","background-media":"","overlay-type":"","overlay-color":"","overlay-opacity":"","overlay-gradient":""},"tablet":{"background-color":"var(--ast-global-color-5)","background-image":"","background-repeat":"repeat","background-position":"center center","background-size":"auto","background-attachment":"scroll","background-type":"","background-media":"","overlay-type":"","overlay-color":"","overlay-opacity":"","overlay-gradient":""},"mobile":{"background-color":"var(--ast-global-color-5)","background-image":"","background-repeat":"repeat","background-position":"center center","background-size":"auto","background-attachment":"scroll","background-type":"","background-media":"","overlay-type":"","overlay-color":"","overlay-opacity":"","overlay-gradient":""}},"footnotes":""},"categories":[],"tags":[],"class_list":["post-12483","page","type-page","status-publish","hentry"],"featured_image_urls_v2":{"full":"","thumbnail":"","medium":"","medium_large":"","large":"","1536x1536":"","2048x2048":"","menu-24x24":"","menu-36x36":"","menu-48x48":""},"post_excerpt_stackable_v2":"<p>Collaboration and supervision We are open to collaboration and we invite all those who would like to work with us to contact us with a suggestion. We are happy to work with you, if the research is underpinned by our values (link here) and is with the Centre\u2019s wide remit. Doctoral students. First, we welcome applications from doctoral students. If you would like to do your PhD on a topic that falls within the scope of the Centre, we shall consider it. Collaboration. We see potential collaboration in two perspectives. First, we do welcome individuals who would like to work&hellip;<\/p>\n","category_list_v2":"Uncategorized","author_info_v2":{"name":"wojciechglodek","url":"https:\/\/cirhi.uwr.edu.pl\/en\/author\/wojciechglodek\/"},"comments_num_v2":"0 comments","acf":[],"yoast_head":"<!-- This site is optimized with the Yoast SEO plugin v27.1.1 - https:\/\/yoast.com\/product\/yoast-seo-wordpress\/ -->\n<title>Collaboration and supervision - Centre for Interdisciplinary Research into Health and Illness<\/title>\n<meta name=\"description\" content=\"Jeste\u015bmy pierwszym centrum z humanistyki zdrowia w Polsce. Poznajemy \u015bwiat oczami ludzi, kt\u00f3rzy cierpi\u0105.\" \/>\n<meta name=\"robots\" content=\"index, follow, max-snippet:-1, max-image-preview:large, max-video-preview:-1\" \/>\n<link rel=\"canonical\" href=\"https:\/\/cirhi.uwr.edu.pl\/en\/collaboration-and-supervision\/\" \/>\n<meta property=\"og:locale\" content=\"en_US\" \/>\n<meta property=\"og:type\" content=\"article\" \/>\n<meta property=\"og:title\" content=\"Collaboration and supervision - Centre for Interdisciplinary Research into Health and Illness\" \/>\n<meta property=\"og:description\" content=\"Jeste\u015bmy pierwszym centrum z humanistyki zdrowia w Polsce. Poznajemy \u015bwiat oczami ludzi, kt\u00f3rzy cierpi\u0105.\" \/>\n<meta property=\"og:url\" content=\"https:\/\/cirhi.uwr.edu.pl\/en\/collaboration-and-supervision\/\" \/>\n<meta property=\"og:site_name\" content=\"Centre for Interdisciplinary Research into Health and Illness\" \/>\n<meta property=\"article:modified_time\" content=\"2022-03-08T07:20:04+00:00\" \/>\n<meta property=\"og:image\" content=\"https:\/\/cirhi.uwr.edu.pl\/wp-content\/uploads\/sites\/15\/2021\/05\/4D8A4897-1024x683.jpg\" \/>\n<meta name=\"twitter:card\" content=\"summary_large_image\" \/>\n<meta name=\"twitter:label1\" content=\"Est. reading time\" \/>\n\t<meta name=\"twitter:data1\" content=\"2 minutes\" \/>\n<script type=\"application\/ld+json\" class=\"yoast-schema-graph\">{\"@context\":\"https:\/\/schema.org\",\"@graph\":[{\"@type\":\"WebPage\",\"@id\":\"https:\/\/cirhi.uwr.edu.pl\/en\/collaboration-and-supervision\/\",\"url\":\"https:\/\/cirhi.uwr.edu.pl\/en\/collaboration-and-supervision\/\",\"name\":\"Collaboration and supervision - Centre for Interdisciplinary Research into Health and Illness\",\"isPartOf\":{\"@id\":\"https:\/\/cirhi.uwr.edu.pl\/pl\/#website\"},\"primaryImageOfPage\":{\"@id\":\"https:\/\/cirhi.uwr.edu.pl\/en\/collaboration-and-supervision\/#primaryimage\"},\"image\":{\"@id\":\"https:\/\/cirhi.uwr.edu.pl\/en\/collaboration-and-supervision\/#primaryimage\"},\"thumbnailUrl\":\"https:\/\/cirhi.uwr.edu.pl\/wp-content\/uploads\/sites\/15\/2021\/05\/4D8A4897-1024x683.jpg\",\"datePublished\":\"2022-01-13T11:36:45+00:00\",\"dateModified\":\"2022-03-08T07:20:04+00:00\",\"description\":\"Jeste\u015bmy pierwszym centrum z humanistyki zdrowia w Polsce. Poznajemy \u015bwiat oczami ludzi, kt\u00f3rzy cierpi\u0105.\",\"breadcrumb\":{\"@id\":\"https:\/\/cirhi.uwr.edu.pl\/en\/collaboration-and-supervision\/#breadcrumb\"},\"inLanguage\":\"en-US\",\"potentialAction\":[{\"@type\":\"ReadAction\",\"target\":[\"https:\/\/cirhi.uwr.edu.pl\/en\/collaboration-and-supervision\/\"]}]},{\"@type\":\"ImageObject\",\"inLanguage\":\"en-US\",\"@id\":\"https:\/\/cirhi.uwr.edu.pl\/en\/collaboration-and-supervision\/#primaryimage\",\"url\":\"https:\/\/cirhi.uwr.edu.pl\/wp-content\/uploads\/sites\/15\/2021\/05\/4D8A4897-1024x683.jpg\",\"contentUrl\":\"https:\/\/cirhi.uwr.edu.pl\/wp-content\/uploads\/sites\/15\/2021\/05\/4D8A4897-1024x683.jpg\"},{\"@type\":\"BreadcrumbList\",\"@id\":\"https:\/\/cirhi.uwr.edu.pl\/en\/collaboration-and-supervision\/#breadcrumb\",\"itemListElement\":[{\"@type\":\"ListItem\",\"position\":1,\"name\":\"Strona g\u0142\u00f3wna\",\"item\":\"https:\/\/cirhi.uwr.edu.pl\/en\/\"},{\"@type\":\"ListItem\",\"position\":2,\"name\":\"Collaboration and supervision\"}]},{\"@type\":\"WebSite\",\"@id\":\"https:\/\/cirhi.uwr.edu.pl\/pl\/#website\",\"url\":\"https:\/\/cirhi.uwr.edu.pl\/pl\/\",\"name\":\"Centre for Interdisciplinary Research into Health and Illness\",\"description\":\"Kolejna witryna sieci \u201eUWR Witryny\u201d\",\"publisher\":{\"@id\":\"https:\/\/cirhi.uwr.edu.pl\/pl\/#organization\"},\"potentialAction\":[{\"@type\":\"SearchAction\",\"target\":{\"@type\":\"EntryPoint\",\"urlTemplate\":\"https:\/\/cirhi.uwr.edu.pl\/pl\/?s={search_term_string}\"},\"query-input\":{\"@type\":\"PropertyValueSpecification\",\"valueRequired\":true,\"valueName\":\"search_term_string\"}}],\"inLanguage\":\"en-US\"},{\"@type\":\"Organization\",\"@id\":\"https:\/\/cirhi.uwr.edu.pl\/pl\/#organization\",\"name\":\"Centre for Interdisciplinary Research into Health and Illness\",\"url\":\"https:\/\/cirhi.uwr.edu.pl\/pl\/\",\"logo\":{\"@type\":\"ImageObject\",\"inLanguage\":\"en-US\",\"@id\":\"https:\/\/cirhi.uwr.edu.pl\/pl\/#\/schema\/logo\/image\/\",\"url\":\"https:\/\/cirhi.uwr.edu.pl\/wp-content\/uploads\/sites\/15\/2025\/10\/UWr-logotyp-2025.png\",\"contentUrl\":\"https:\/\/cirhi.uwr.edu.pl\/wp-content\/uploads\/sites\/15\/2025\/10\/UWr-logotyp-2025.png\",\"width\":764,\"height\":269,\"caption\":\"Centre for Interdisciplinary Research into Health and Illness\"},\"image\":{\"@id\":\"https:\/\/cirhi.uwr.edu.pl\/pl\/#\/schema\/logo\/image\/\"}}]}<\/script>\n<!-- \/ Yoast SEO plugin. -->","yoast_head_json":{"title":"Collaboration and supervision - Centre for Interdisciplinary Research into Health and Illness","description":"Jeste\u015bmy pierwszym centrum z humanistyki zdrowia w Polsce. Poznajemy \u015bwiat oczami ludzi, kt\u00f3rzy cierpi\u0105.","robots":{"index":"index","follow":"follow","max-snippet":"max-snippet:-1","max-image-preview":"max-image-preview:large","max-video-preview":"max-video-preview:-1"},"canonical":"https:\/\/cirhi.uwr.edu.pl\/en\/collaboration-and-supervision\/","og_locale":"en_US","og_type":"article","og_title":"Collaboration and supervision - Centre for Interdisciplinary Research into Health and Illness","og_description":"Jeste\u015bmy pierwszym centrum z humanistyki zdrowia w Polsce. Poznajemy \u015bwiat oczami ludzi, kt\u00f3rzy cierpi\u0105.","og_url":"https:\/\/cirhi.uwr.edu.pl\/en\/collaboration-and-supervision\/","og_site_name":"Centre for Interdisciplinary Research into Health and Illness","article_modified_time":"2022-03-08T07:20:04+00:00","og_image":[{"url":"https:\/\/cirhi.uwr.edu.pl\/wp-content\/uploads\/sites\/15\/2021\/05\/4D8A4897-1024x683.jpg","type":"","width":"","height":""}],"twitter_card":"summary_large_image","twitter_misc":{"Est. reading time":"2 minutes"},"schema":{"@context":"https:\/\/schema.org","@graph":[{"@type":"WebPage","@id":"https:\/\/cirhi.uwr.edu.pl\/en\/collaboration-and-supervision\/","url":"https:\/\/cirhi.uwr.edu.pl\/en\/collaboration-and-supervision\/","name":"Collaboration and supervision - Centre for Interdisciplinary Research into Health and Illness","isPartOf":{"@id":"https:\/\/cirhi.uwr.edu.pl\/pl\/#website"},"primaryImageOfPage":{"@id":"https:\/\/cirhi.uwr.edu.pl\/en\/collaboration-and-supervision\/#primaryimage"},"image":{"@id":"https:\/\/cirhi.uwr.edu.pl\/en\/collaboration-and-supervision\/#primaryimage"},"thumbnailUrl":"https:\/\/cirhi.uwr.edu.pl\/wp-content\/uploads\/sites\/15\/2021\/05\/4D8A4897-1024x683.jpg","datePublished":"2022-01-13T11:36:45+00:00","dateModified":"2022-03-08T07:20:04+00:00","description":"Jeste\u015bmy pierwszym centrum z humanistyki zdrowia w Polsce. Poznajemy \u015bwiat oczami ludzi, kt\u00f3rzy cierpi\u0105.","breadcrumb":{"@id":"https:\/\/cirhi.uwr.edu.pl\/en\/collaboration-and-supervision\/#breadcrumb"},"inLanguage":"en-US","potentialAction":[{"@type":"ReadAction","target":["https:\/\/cirhi.uwr.edu.pl\/en\/collaboration-and-supervision\/"]}]},{"@type":"ImageObject","inLanguage":"en-US","@id":"https:\/\/cirhi.uwr.edu.pl\/en\/collaboration-and-supervision\/#primaryimage","url":"https:\/\/cirhi.uwr.edu.pl\/wp-content\/uploads\/sites\/15\/2021\/05\/4D8A4897-1024x683.jpg","contentUrl":"https:\/\/cirhi.uwr.edu.pl\/wp-content\/uploads\/sites\/15\/2021\/05\/4D8A4897-1024x683.jpg"},{"@type":"BreadcrumbList","@id":"https:\/\/cirhi.uwr.edu.pl\/en\/collaboration-and-supervision\/#breadcrumb","itemListElement":[{"@type":"ListItem","position":1,"name":"Strona g\u0142\u00f3wna","item":"https:\/\/cirhi.uwr.edu.pl\/en\/"},{"@type":"ListItem","position":2,"name":"Collaboration and supervision"}]},{"@type":"WebSite","@id":"https:\/\/cirhi.uwr.edu.pl\/pl\/#website","url":"https:\/\/cirhi.uwr.edu.pl\/pl\/","name":"Centre for Interdisciplinary Research into Health and Illness","description":"Kolejna witryna sieci \u201eUWR Witryny\u201d","publisher":{"@id":"https:\/\/cirhi.uwr.edu.pl\/pl\/#organization"},"potentialAction":[{"@type":"SearchAction","target":{"@type":"EntryPoint","urlTemplate":"https:\/\/cirhi.uwr.edu.pl\/pl\/?s={search_term_string}"},"query-input":{"@type":"PropertyValueSpecification","valueRequired":true,"valueName":"search_term_string"}}],"inLanguage":"en-US"},{"@type":"Organization","@id":"https:\/\/cirhi.uwr.edu.pl\/pl\/#organization","name":"Centre for Interdisciplinary Research into Health and Illness","url":"https:\/\/cirhi.uwr.edu.pl\/pl\/","logo":{"@type":"ImageObject","inLanguage":"en-US","@id":"https:\/\/cirhi.uwr.edu.pl\/pl\/#\/schema\/logo\/image\/","url":"https:\/\/cirhi.uwr.edu.pl\/wp-content\/uploads\/sites\/15\/2025\/10\/UWr-logotyp-2025.png","contentUrl":"https:\/\/cirhi.uwr.edu.pl\/wp-content\/uploads\/sites\/15\/2025\/10\/UWr-logotyp-2025.png","width":764,"height":269,"caption":"Centre for Interdisciplinary Research into Health and Illness"},"image":{"@id":"https:\/\/cirhi.uwr.edu.pl\/pl\/#\/schema\/logo\/image\/"}}]}},"publishpress_future_action":{"enabled":false,"date":"2026-04-30 17:47:30","action":"change-status","newStatus":"draft","terms":[],"taxonomy":"category","extraData":[]},"publishpress_future_workflow_manual_trigger":{"enabledWorkflows":[]},"_links":{"self":[{"href":"https:\/\/cirhi.uwr.edu.pl\/en\/wp-json\/wp\/v2\/pages\/12483\/"}],"collection":[{"href":"https:\/\/cirhi.uwr.edu.pl\/en\/wp-json\/wp\/v2\/pages\/"}],"about":[{"href":"https:\/\/cirhi.uwr.edu.pl\/en\/wp-json\/wp\/v2\/types\/page\/"}],"author":[{"embeddable":true,"href":"https:\/\/cirhi.uwr.edu.pl\/en\/wp-json\/wp\/v2\/users\/52\/"}],"replies":[{"embeddable":true,"href":"https:\/\/cirhi.uwr.edu.pl\/en\/wp-json\/wp\/v2\/comments\/?post=12483"}],"version-history":[{"count":3,"href":"https:\/\/cirhi.uwr.edu.pl\/en\/wp-json\/wp\/v2\/pages\/12483\/revisions\/"}],"predecessor-version":[{"id":14044,"href":"https:\/\/cirhi.uwr.edu.pl\/en\/wp-json\/wp\/v2\/pages\/12483\/revisions\/14044\/"}],"wp:attachment":[{"href":"https:\/\/cirhi.uwr.edu.pl\/en\/wp-json\/wp\/v2\/media\/?parent=12483"}],"wp:term":[{"taxonomy":"category","embeddable":true,"href":"https:\/\/cirhi.uwr.edu.pl\/en\/wp-json\/wp\/v2\/categories\/?post=12483"},{"taxonomy":"post_tag","embeddable":true,"href":"https:\/\/cirhi.uwr.edu.pl\/en\/wp-json\/wp\/v2\/tags\/?post=12483"}],"curies":[{"name":"wp","href":"https:\/\/api.w.org\/{rel}","templated":true}]}}