{"id":12599,"date":"2022-02-03T10:31:59","date_gmt":"2022-02-03T09:31:59","guid":{"rendered":"https:\/\/cirhi.test.uwr.edu.pl\/?page_id=12599"},"modified":"2023-10-17T15:42:16","modified_gmt":"2023-10-17T13:42:16","slug":"cirhi-publications","status":"publish","type":"page","link":"https:\/\/cirhi.uwr.edu.pl\/en\/cirhi-publications\/","title":{"rendered":"CIRHI publications"},"content":{"rendered":"\n<div class=\"wp-block-ugb-container ugb-container ugb-8dda971 ugb-container--v2 ugb-container--design-plain ugb-main-block\"><div class=\"ugb-inner-block\"><div class=\"ugb-block-content\"><div class=\"ugb-container__wrapper ugb-8dda971-wrapper\"><div class=\"ugb-container__side\"><div class=\"ugb-container__content-wrapper ugb-8dda971-content-wrapper\">\n<div class=\"wp-block-columns bs-news-page is-layout-flex wp-block-columns-is-layout-flex\">\n<div class=\"wp-block-column bs-kontakt-photo is-layout-flow wp-block-column-is-layout-flow\">\n<figure class=\"wp-block-image size-large\"><img loading=\"lazy\" decoding=\"async\" width=\"1024\" height=\"683\" src=\"https:\/\/cirhi.uwr.edu.pl\/wp-content\/uploads\/sites\/15\/2022\/02\/2019_judaistyka_5_Magdalena_Marcula-1024x683.jpg\" alt=\"A picture of a corridor in a library with shelves full of books on both sides\" class=\"wp-image-13627\" srcset=\"https:\/\/cirhi.uwr.edu.pl\/wp-content\/uploads\/sites\/15\/2022\/02\/2019_judaistyka_5_Magdalena_Marcula-1024x683.jpg 1024w, https:\/\/cirhi.uwr.edu.pl\/wp-content\/uploads\/sites\/15\/2022\/02\/2019_judaistyka_5_Magdalena_Marcula-300x200.jpg 300w, https:\/\/cirhi.uwr.edu.pl\/wp-content\/uploads\/sites\/15\/2022\/02\/2019_judaistyka_5_Magdalena_Marcula-768x512.jpg 768w, https:\/\/cirhi.uwr.edu.pl\/wp-content\/uploads\/sites\/15\/2022\/02\/2019_judaistyka_5_Magdalena_Marcula-1536x1024.jpg 1536w, https:\/\/cirhi.uwr.edu.pl\/wp-content\/uploads\/sites\/15\/2022\/02\/2019_judaistyka_5_Magdalena_Marcula-2048x1365.jpg 2048w, https:\/\/cirhi.uwr.edu.pl\/wp-content\/uploads\/sites\/15\/2022\/02\/2019_judaistyka_5_Magdalena_Marcula-1320x880.jpg 1320w, https:\/\/cirhi.uwr.edu.pl\/wp-content\/uploads\/sites\/15\/2022\/02\/2019_judaistyka_5_Magdalena_Marcula-24x16.jpg 24w, https:\/\/cirhi.uwr.edu.pl\/wp-content\/uploads\/sites\/15\/2022\/02\/2019_judaistyka_5_Magdalena_Marcula-36x24.jpg 36w, https:\/\/cirhi.uwr.edu.pl\/wp-content\/uploads\/sites\/15\/2022\/02\/2019_judaistyka_5_Magdalena_Marcula-48x32.jpg 48w\" sizes=\"auto, (max-width: 1024px) 100vw, 1024px\" \/><\/figure>\n<\/div>\n\n\n\n<div class=\"wp-block-column bs-contact-right-column is-layout-flow wp-block-column-is-layout-flow\">\n<div class=\"wp-block-bonasoft-modular-breadcrumbs-block\"><div class=\"bs_add_breadcrumb_trail\"><\/div><\/div>\n\n\n\n<hr class=\"wp-block-separator has-text-color has-black-color has-css-opacity has-black-background-color has-background is-style-wide bs-border-kontakt\"\/>\n\n\n\n<h1 class=\"wp-block-heading bs-naglowek-podstrony\" id=\"cirhi-publications\"><strong>CIRHI publications<\/strong><\/h1>\n\n\n\n<p><strong>In press<\/strong><\/p>\n\n\n\n<p>Galasi\u0144ski, D<strong>.<\/strong>\u00a0&amp; Zi\u00f3\u0142kowska, J., Men\u2019s Illness and Suicide: Constructing Context. In Brookes, G. &amp; Cha\u0142upnik, M. (Eds.),\u00a0<em>Masculinities and Discourses of Men&#8217;s Health<\/em>. Palgrave MacMillan.<\/p>\n\n\n\n<p>Herges, K. (forthcoming in 2024). Disability and Graphic Embodiment in German Comics.<em>\u00a0<\/em>In<em>\u00a0<\/em>Stephanie Hilger (Ed.), <em>The Bloomsbury Handbook to the Health Humanities in German Studies.\u00a0<\/em>Palgrave McMillan.<\/p>\n\n\n\n<p>Herges, K. (forthcoming in 2023). Becoming-Amazons: Femininity, Embodiment and Sexuality in a Photographic and Digital Breast Cancer Project.&nbsp;<em>Literature and Medicine.&nbsp;<\/em><\/p>\n\n\n\n<p><\/p>\n<\/div>\n<\/div>\n\n\n\n<div class=\"wp-block-ugb-container ugb-container bs-news-page-under ugb-f8694ce ugb-container--v2 ugb-container--design-plain ugb-main-block\"><div class=\"ugb-inner-block\"><div class=\"ugb-block-content\"><div class=\"ugb-container__wrapper ugb-f8694ce-wrapper\"><div class=\"ugb-container__side\"><div class=\"ugb-container__content-wrapper ugb-f8694ce-content-wrapper\">\n<p><strong>Published<\/strong><\/p>\n\n\n\n<p>Herges, K. (2023). The Education of Desire: Unsettling Sexuality, Gender and Racial Politics in Contemporary Medical Romance.&nbsp;<em>Seminar: A Journal of Germanic Studies<\/em>, 59 (3). DOI: 10.3138\/seminar.59.3.4<\/p>\n\n\n\n<p>Duda-Mikulin, E.A. &amp; G\u0142owacka, M. (2023). &#8216;I haven\u2019t met one\u2019: disabled EU migrants in the UK. Intersections between migration and disability post-Brexit. <em>Journal of Ethnic and Migration Studies.<\/em> DOI:10.1080\/1369183X.2023.2206007<\/p>\n\n\n\n<p>Mprah, A. Cooper, M., Duda-Mikulin, E.A. &amp; Meddings, F. (2023). A systematic review and narrative synthesis of fathers\u2019 (including migrant fathers\u2019) experiences of pregnancy and childbirth.&nbsp;<em>BMC Pregnancy and Childbirth<\/em>. DOI: 10.1186\/s12884-023-05568-8<\/p>\n\n\n\n<p>Galasinski, D., Zi\u00f3\u0142kowska, J., &amp; Elwyn, G. (2023). Epistemic justice is the basis of shared decision making. <em>Patient Education and Counselling<\/em>. DOI: 10.1016\/j.pec.2023.107681&nbsp;&nbsp;<\/p>\n\n\n\n<p>Duda-Mikulin, E.A. (2022). Brexit and precarity: Polish female workers in the UK as second-class citizens? <em>Sociology Compass.<\/em> DOI: 10.1111\/soc4.13038<\/p>\n\n\n\n<p>Galasi\u0144ski, D. &amp; Zi\u00f3\u0142kowska, J. (2022). Language guides. An exercise in futility. In E. Darics (ed.) <em>Language Awareness in Business and the Professions<\/em>. Cambridge: Cambridge University Press.<\/p>\n\n\n\n<p>Zi\u00f3\u0142kowska, J., Galasi\u0144ski, D., Grzyb, T. &amp; Doli\u0144ski, D. (2022). Assessment team recommendations on the continuation of involuntary commitment in Poland. <em>Journal of Law and Medicine<\/em>. 29(2), 622-634.<\/p>\n\n\n\n<p>Galasi\u0144ski, D., Zi\u00f3\u0142kowska, J. &amp; Witkowicz, M. (2022). Experience of the absence of the journey to sessions in clients\u2019 narratives about online psychotherapy. <em>Frontiers in Psychology.<\/em> DOI: 10.3389\/fpsyg.2022.798960 <\/p>\n\n\n\n<p>Galasi\u0144ski, D. &amp; Zi\u00f3\u0142kowska, J (2022). Managing the communication channel. Discursive representations of clinical communication, <em>Qualitative Health Communication<\/em>, 1(1), 134-150. DOI: 10.7146\/qhc.v1i1.130374<\/p>\n\n\n\n<p>Galasi\u0144ski, D. &amp; Zi\u00f3\u0142kowska, J (2022). Conversations? Representations of CPR communication in the Covid-19 pandemic. In A. Musolff, R. Breeze, K. Kondo &amp; S. Vilar-Lluch (Eds.), <em>Pandemic and Crisis Discourse<\/em>. London: Bloomsbury, pp. 397-410.<\/p>\n\n\n\n<p>Galasi\u0144ski, D. &amp; Zi\u00f3\u0142kowska, J. (2021). Critical Discourse Studies: Mad, bad or nuisance? Discursive constructions of detained patients in Polish nursing notes. In. G. Brookes &amp; D. Hunt (Eds.), <em>Analysing Health Communication: Discourse Approaches<\/em>. Palgrave, pp.215-239.<\/p>\n\n\n\n<p>Berger, Z, Galasi\u0144ski, D., Scalia, P, Dong, K. Blount, H. &amp; Elwyn, G. (2021). The Submissive Silence of Others: Examining Definitions of Shared Decision Making. <em>Patient Education and Counselling<\/em>. DOI: 10.1016\/j.pec.2021.10.026<\/p>\n\n\n\n<p>Galasi\u0144ski, D. (2021). No mental health research without qualitative research, <em>Lancet Psychiatry<\/em>, Apr, 8(4): 266-267. DOI:10.1016\/S2215-0366(20)30399-0<\/p>\n\n\n\n<p><\/p>\n\n\n\n<p><\/p>\n\n\n\n<p><\/p>\n<\/div><\/div><\/div><\/div><\/div><\/div>\n\n\n\n<p><\/p>\n\n\n\n<div class=\"wp-block-ugb-container ugb-container ugb-d47c538 ugb-container--v2 ugb-container--design-basic ugb-main-block\"><div class=\"ugb-inner-block\"><div class=\"ugb-block-content\"><div class=\"ugb-container__wrapper ugb-d47c538-wrapper\"><div class=\"ugb-container__side\"><div class=\"ugb-container__content-wrapper ugb-d47c538-content-wrapper\"><\/div><\/div><\/div><\/div><\/div><\/div>\n<\/div><\/div><\/div><\/div><\/div><\/div>\n","protected":false},"excerpt":{"rendered":"<p>CIRHI publications In press Galasi\u0144ski, D.\u00a0&amp; Zi\u00f3\u0142kowska, J., Men\u2019s Illness and Suicide: Constructing Context. In Brookes, G. &amp; Cha\u0142upnik, M. (Eds.),\u00a0Masculinities and Discourses of Men&#8217;s Health. Palgrave MacMillan. Herges, K. (forthcoming in 2024). Disability and Graphic Embodiment in German Comics.\u00a0In\u00a0Stephanie Hilger (Ed.), The Bloomsbury Handbook to the Health Humanities in German Studies.\u00a0Palgrave McMillan. Herges, K. [&hellip;]<\/p>\n","protected":false},"author":52,"featured_media":0,"parent":0,"menu_order":0,"comment_status":"closed","ping_status":"closed","template":"","meta":{"_acf_changed":false,"inline_featured_image":false,"site-sidebar-layout":"default","site-content-layout":"","ast-site-content-layout":"default","site-content-style":"default","site-sidebar-style":"default","ast-global-header-display":"","ast-banner-title-visibility":"","ast-main-header-display":"","ast-hfb-above-header-display":"","ast-hfb-below-header-display":"","ast-hfb-mobile-header-display":"","site-post-title":"","ast-breadcrumbs-content":"","ast-featured-img":"","footer-sml-layout":"","ast-disable-related-posts":"","theme-transparent-header-meta":"","adv-header-id-meta":"","stick-header-meta":"","header-above-stick-meta":"","header-main-stick-meta":"","header-below-stick-meta":"","astra-migrate-meta-layouts":"default","ast-page-background-enabled":"default","ast-page-background-meta":{"desktop":{"background-color":"","background-image":"","background-repeat":"repeat","background-position":"center center","background-size":"auto","background-attachment":"scroll","background-type":"","background-media":"","overlay-type":"","overlay-color":"","overlay-opacity":"","overlay-gradient":""},"tablet":{"background-color":"","background-image":"","background-repeat":"repeat","background-position":"center center","background-size":"auto","background-attachment":"scroll","background-type":"","background-media":"","overlay-type":"","overlay-color":"","overlay-opacity":"","overlay-gradient":""},"mobile":{"background-color":"","background-image":"","background-repeat":"repeat","background-position":"center center","background-size":"auto","background-attachment":"scroll","background-type":"","background-media":"","overlay-type":"","overlay-color":"","overlay-opacity":"","overlay-gradient":""}},"ast-content-background-meta":{"desktop":{"background-color":"var(--ast-global-color-5)","background-image":"","background-repeat":"repeat","background-position":"center center","background-size":"auto","background-attachment":"scroll","background-type":"","background-media":"","overlay-type":"","overlay-color":"","overlay-opacity":"","overlay-gradient":""},"tablet":{"background-color":"var(--ast-global-color-5)","background-image":"","background-repeat":"repeat","background-position":"center center","background-size":"auto","background-attachment":"scroll","background-type":"","background-media":"","overlay-type":"","overlay-color":"","overlay-opacity":"","overlay-gradient":""},"mobile":{"background-color":"var(--ast-global-color-5)","background-image":"","background-repeat":"repeat","background-position":"center center","background-size":"auto","background-attachment":"scroll","background-type":"","background-media":"","overlay-type":"","overlay-color":"","overlay-opacity":"","overlay-gradient":""}},"footnotes":""},"categories":[],"tags":[],"class_list":["post-12599","page","type-page","status-publish","hentry"],"featured_image_urls_v2":{"full":"","thumbnail":"","medium":"","medium_large":"","large":"","1536x1536":"","2048x2048":"","menu-24x24":"","menu-36x36":"","menu-48x48":""},"post_excerpt_stackable_v2":"<p>CIRHI publications In press Galasi\u0144ski, D.\u00a0&amp; Zi\u00f3\u0142kowska, J., Men\u2019s Illness and Suicide: Constructing Context. In Brookes, G. &amp; Cha\u0142upnik, M. (Eds.),\u00a0Masculinities and Discourses of Men&#8217;s Health. Palgrave MacMillan. Herges, K. (forthcoming in 2024). Disability and Graphic Embodiment in German Comics.\u00a0In\u00a0Stephanie Hilger (Ed.), The Bloomsbury Handbook to the Health Humanities in German Studies.\u00a0Palgrave McMillan. Herges, K. (forthcoming in 2023). Becoming-Amazons: Femininity, Embodiment and Sexuality in a Photographic and Digital Breast Cancer Project.&nbsp;Literature and Medicine.&nbsp; Published Herges, K. (2023). The Education of Desire: Unsettling Sexuality, Gender and Racial Politics in Contemporary Medical Romance.&nbsp;Seminar: A Journal of Germanic Studies, 59 (3). DOI: 10.3138\/seminar.59.3.4&hellip;<\/p>\n","category_list_v2":"Uncategorized","author_info_v2":{"name":"wojciechglodek","url":"https:\/\/cirhi.uwr.edu.pl\/en\/author\/wojciechglodek\/"},"comments_num_v2":"0 comments","acf":[],"yoast_head":"<!-- This site is optimized with the Yoast SEO plugin v27.1.1 - https:\/\/yoast.com\/product\/yoast-seo-wordpress\/ -->\n<title>CIRHI publications - Centre for Interdisciplinary Research into Health and Illness<\/title>\n<meta name=\"description\" content=\"Jeste\u015bmy pierwszym centrum z humanistyki zdrowia w Polsce. Poznajemy \u015bwiat oczami ludzi, kt\u00f3rzy cierpi\u0105.\" \/>\n<meta name=\"robots\" content=\"index, follow, max-snippet:-1, max-image-preview:large, max-video-preview:-1\" \/>\n<link rel=\"canonical\" href=\"https:\/\/cirhi.uwr.edu.pl\/en\/cirhi-publications\/\" \/>\n<meta property=\"og:locale\" content=\"en_US\" \/>\n<meta property=\"og:type\" content=\"article\" \/>\n<meta property=\"og:title\" content=\"CIRHI publications - Centre for Interdisciplinary Research into Health and Illness\" \/>\n<meta property=\"og:description\" content=\"Jeste\u015bmy pierwszym centrum z humanistyki zdrowia w Polsce. Poznajemy \u015bwiat oczami ludzi, kt\u00f3rzy cierpi\u0105.\" \/>\n<meta property=\"og:url\" content=\"https:\/\/cirhi.uwr.edu.pl\/en\/cirhi-publications\/\" \/>\n<meta property=\"og:site_name\" content=\"Centre for Interdisciplinary Research into Health and Illness\" \/>\n<meta property=\"article:modified_time\" content=\"2023-10-17T13:42:16+00:00\" \/>\n<meta property=\"og:image\" content=\"https:\/\/cirhi.uwr.edu.pl\/wp-content\/uploads\/sites\/15\/2022\/02\/2019_judaistyka_5_Magdalena_Marcula-1024x683.jpg\" \/>\n<meta name=\"twitter:card\" content=\"summary_large_image\" \/>\n<meta name=\"twitter:label1\" content=\"Est. reading time\" \/>\n\t<meta name=\"twitter:data1\" content=\"3 minutes\" \/>\n<script type=\"application\/ld+json\" class=\"yoast-schema-graph\">{\"@context\":\"https:\/\/schema.org\",\"@graph\":[{\"@type\":\"WebPage\",\"@id\":\"https:\/\/cirhi.uwr.edu.pl\/en\/cirhi-publications\/\",\"url\":\"https:\/\/cirhi.uwr.edu.pl\/en\/cirhi-publications\/\",\"name\":\"CIRHI publications - Centre for Interdisciplinary Research into Health and Illness\",\"isPartOf\":{\"@id\":\"https:\/\/cirhi.uwr.edu.pl\/pl\/#website\"},\"primaryImageOfPage\":{\"@id\":\"https:\/\/cirhi.uwr.edu.pl\/en\/cirhi-publications\/#primaryimage\"},\"image\":{\"@id\":\"https:\/\/cirhi.uwr.edu.pl\/en\/cirhi-publications\/#primaryimage\"},\"thumbnailUrl\":\"https:\/\/cirhi.uwr.edu.pl\/wp-content\/uploads\/sites\/15\/2022\/02\/2019_judaistyka_5_Magdalena_Marcula-1024x683.jpg\",\"datePublished\":\"2022-02-03T09:31:59+00:00\",\"dateModified\":\"2023-10-17T13:42:16+00:00\",\"description\":\"Jeste\u015bmy pierwszym centrum z humanistyki zdrowia w Polsce. Poznajemy \u015bwiat oczami ludzi, kt\u00f3rzy cierpi\u0105.\",\"breadcrumb\":{\"@id\":\"https:\/\/cirhi.uwr.edu.pl\/en\/cirhi-publications\/#breadcrumb\"},\"inLanguage\":\"en-US\",\"potentialAction\":[{\"@type\":\"ReadAction\",\"target\":[\"https:\/\/cirhi.uwr.edu.pl\/en\/cirhi-publications\/\"]}]},{\"@type\":\"ImageObject\",\"inLanguage\":\"en-US\",\"@id\":\"https:\/\/cirhi.uwr.edu.pl\/en\/cirhi-publications\/#primaryimage\",\"url\":\"https:\/\/cirhi.uwr.edu.pl\/wp-content\/uploads\/sites\/15\/2022\/02\/2019_judaistyka_5_Magdalena_Marcula-1024x683.jpg\",\"contentUrl\":\"https:\/\/cirhi.uwr.edu.pl\/wp-content\/uploads\/sites\/15\/2022\/02\/2019_judaistyka_5_Magdalena_Marcula-1024x683.jpg\"},{\"@type\":\"BreadcrumbList\",\"@id\":\"https:\/\/cirhi.uwr.edu.pl\/en\/cirhi-publications\/#breadcrumb\",\"itemListElement\":[{\"@type\":\"ListItem\",\"position\":1,\"name\":\"Strona g\u0142\u00f3wna\",\"item\":\"https:\/\/cirhi.uwr.edu.pl\/en\/\"},{\"@type\":\"ListItem\",\"position\":2,\"name\":\"CIRHI publications\"}]},{\"@type\":\"WebSite\",\"@id\":\"https:\/\/cirhi.uwr.edu.pl\/pl\/#website\",\"url\":\"https:\/\/cirhi.uwr.edu.pl\/pl\/\",\"name\":\"Centre for Interdisciplinary Research into Health and Illness\",\"description\":\"Kolejna witryna sieci \u201eUWR Witryny\u201d\",\"publisher\":{\"@id\":\"https:\/\/cirhi.uwr.edu.pl\/pl\/#organization\"},\"potentialAction\":[{\"@type\":\"SearchAction\",\"target\":{\"@type\":\"EntryPoint\",\"urlTemplate\":\"https:\/\/cirhi.uwr.edu.pl\/pl\/?s={search_term_string}\"},\"query-input\":{\"@type\":\"PropertyValueSpecification\",\"valueRequired\":true,\"valueName\":\"search_term_string\"}}],\"inLanguage\":\"en-US\"},{\"@type\":\"Organization\",\"@id\":\"https:\/\/cirhi.uwr.edu.pl\/pl\/#organization\",\"name\":\"Centre for Interdisciplinary Research into Health and Illness\",\"url\":\"https:\/\/cirhi.uwr.edu.pl\/pl\/\",\"logo\":{\"@type\":\"ImageObject\",\"inLanguage\":\"en-US\",\"@id\":\"https:\/\/cirhi.uwr.edu.pl\/pl\/#\/schema\/logo\/image\/\",\"url\":\"https:\/\/cirhi.uwr.edu.pl\/wp-content\/uploads\/sites\/15\/2025\/10\/UWr-logotyp-2025.png\",\"contentUrl\":\"https:\/\/cirhi.uwr.edu.pl\/wp-content\/uploads\/sites\/15\/2025\/10\/UWr-logotyp-2025.png\",\"width\":764,\"height\":269,\"caption\":\"Centre for Interdisciplinary Research into Health and Illness\"},\"image\":{\"@id\":\"https:\/\/cirhi.uwr.edu.pl\/pl\/#\/schema\/logo\/image\/\"}}]}<\/script>\n<!-- \/ Yoast SEO plugin. -->","yoast_head_json":{"title":"CIRHI publications - Centre for Interdisciplinary Research into Health and Illness","description":"Jeste\u015bmy pierwszym centrum z humanistyki zdrowia w Polsce. Poznajemy \u015bwiat oczami ludzi, kt\u00f3rzy cierpi\u0105.","robots":{"index":"index","follow":"follow","max-snippet":"max-snippet:-1","max-image-preview":"max-image-preview:large","max-video-preview":"max-video-preview:-1"},"canonical":"https:\/\/cirhi.uwr.edu.pl\/en\/cirhi-publications\/","og_locale":"en_US","og_type":"article","og_title":"CIRHI publications - Centre for Interdisciplinary Research into Health and Illness","og_description":"Jeste\u015bmy pierwszym centrum z humanistyki zdrowia w Polsce. Poznajemy \u015bwiat oczami ludzi, kt\u00f3rzy cierpi\u0105.","og_url":"https:\/\/cirhi.uwr.edu.pl\/en\/cirhi-publications\/","og_site_name":"Centre for Interdisciplinary Research into Health and Illness","article_modified_time":"2023-10-17T13:42:16+00:00","og_image":[{"url":"https:\/\/cirhi.uwr.edu.pl\/wp-content\/uploads\/sites\/15\/2022\/02\/2019_judaistyka_5_Magdalena_Marcula-1024x683.jpg","type":"","width":"","height":""}],"twitter_card":"summary_large_image","twitter_misc":{"Est. reading time":"3 minutes"},"schema":{"@context":"https:\/\/schema.org","@graph":[{"@type":"WebPage","@id":"https:\/\/cirhi.uwr.edu.pl\/en\/cirhi-publications\/","url":"https:\/\/cirhi.uwr.edu.pl\/en\/cirhi-publications\/","name":"CIRHI publications - Centre for Interdisciplinary Research into Health and Illness","isPartOf":{"@id":"https:\/\/cirhi.uwr.edu.pl\/pl\/#website"},"primaryImageOfPage":{"@id":"https:\/\/cirhi.uwr.edu.pl\/en\/cirhi-publications\/#primaryimage"},"image":{"@id":"https:\/\/cirhi.uwr.edu.pl\/en\/cirhi-publications\/#primaryimage"},"thumbnailUrl":"https:\/\/cirhi.uwr.edu.pl\/wp-content\/uploads\/sites\/15\/2022\/02\/2019_judaistyka_5_Magdalena_Marcula-1024x683.jpg","datePublished":"2022-02-03T09:31:59+00:00","dateModified":"2023-10-17T13:42:16+00:00","description":"Jeste\u015bmy pierwszym centrum z humanistyki zdrowia w Polsce. Poznajemy \u015bwiat oczami ludzi, kt\u00f3rzy cierpi\u0105.","breadcrumb":{"@id":"https:\/\/cirhi.uwr.edu.pl\/en\/cirhi-publications\/#breadcrumb"},"inLanguage":"en-US","potentialAction":[{"@type":"ReadAction","target":["https:\/\/cirhi.uwr.edu.pl\/en\/cirhi-publications\/"]}]},{"@type":"ImageObject","inLanguage":"en-US","@id":"https:\/\/cirhi.uwr.edu.pl\/en\/cirhi-publications\/#primaryimage","url":"https:\/\/cirhi.uwr.edu.pl\/wp-content\/uploads\/sites\/15\/2022\/02\/2019_judaistyka_5_Magdalena_Marcula-1024x683.jpg","contentUrl":"https:\/\/cirhi.uwr.edu.pl\/wp-content\/uploads\/sites\/15\/2022\/02\/2019_judaistyka_5_Magdalena_Marcula-1024x683.jpg"},{"@type":"BreadcrumbList","@id":"https:\/\/cirhi.uwr.edu.pl\/en\/cirhi-publications\/#breadcrumb","itemListElement":[{"@type":"ListItem","position":1,"name":"Strona g\u0142\u00f3wna","item":"https:\/\/cirhi.uwr.edu.pl\/en\/"},{"@type":"ListItem","position":2,"name":"CIRHI publications"}]},{"@type":"WebSite","@id":"https:\/\/cirhi.uwr.edu.pl\/pl\/#website","url":"https:\/\/cirhi.uwr.edu.pl\/pl\/","name":"Centre for Interdisciplinary Research into Health and Illness","description":"Kolejna witryna sieci \u201eUWR Witryny\u201d","publisher":{"@id":"https:\/\/cirhi.uwr.edu.pl\/pl\/#organization"},"potentialAction":[{"@type":"SearchAction","target":{"@type":"EntryPoint","urlTemplate":"https:\/\/cirhi.uwr.edu.pl\/pl\/?s={search_term_string}"},"query-input":{"@type":"PropertyValueSpecification","valueRequired":true,"valueName":"search_term_string"}}],"inLanguage":"en-US"},{"@type":"Organization","@id":"https:\/\/cirhi.uwr.edu.pl\/pl\/#organization","name":"Centre for Interdisciplinary Research into Health and Illness","url":"https:\/\/cirhi.uwr.edu.pl\/pl\/","logo":{"@type":"ImageObject","inLanguage":"en-US","@id":"https:\/\/cirhi.uwr.edu.pl\/pl\/#\/schema\/logo\/image\/","url":"https:\/\/cirhi.uwr.edu.pl\/wp-content\/uploads\/sites\/15\/2025\/10\/UWr-logotyp-2025.png","contentUrl":"https:\/\/cirhi.uwr.edu.pl\/wp-content\/uploads\/sites\/15\/2025\/10\/UWr-logotyp-2025.png","width":764,"height":269,"caption":"Centre for Interdisciplinary Research into Health and Illness"},"image":{"@id":"https:\/\/cirhi.uwr.edu.pl\/pl\/#\/schema\/logo\/image\/"}}]}},"publishpress_future_action":{"enabled":false,"date":"2026-04-30 16:07:02","action":"change-status","newStatus":"draft","terms":[],"taxonomy":"category","extraData":[]},"publishpress_future_workflow_manual_trigger":{"enabledWorkflows":[]},"_links":{"self":[{"href":"https:\/\/cirhi.uwr.edu.pl\/en\/wp-json\/wp\/v2\/pages\/12599\/"}],"collection":[{"href":"https:\/\/cirhi.uwr.edu.pl\/en\/wp-json\/wp\/v2\/pages\/"}],"about":[{"href":"https:\/\/cirhi.uwr.edu.pl\/en\/wp-json\/wp\/v2\/types\/page\/"}],"author":[{"embeddable":true,"href":"https:\/\/cirhi.uwr.edu.pl\/en\/wp-json\/wp\/v2\/users\/52\/"}],"replies":[{"embeddable":true,"href":"https:\/\/cirhi.uwr.edu.pl\/en\/wp-json\/wp\/v2\/comments\/?post=12599"}],"version-history":[{"count":13,"href":"https:\/\/cirhi.uwr.edu.pl\/en\/wp-json\/wp\/v2\/pages\/12599\/revisions\/"}],"predecessor-version":[{"id":16107,"href":"https:\/\/cirhi.uwr.edu.pl\/en\/wp-json\/wp\/v2\/pages\/12599\/revisions\/16107\/"}],"wp:attachment":[{"href":"https:\/\/cirhi.uwr.edu.pl\/en\/wp-json\/wp\/v2\/media\/?parent=12599"}],"wp:term":[{"taxonomy":"category","embeddable":true,"href":"https:\/\/cirhi.uwr.edu.pl\/en\/wp-json\/wp\/v2\/categories\/?post=12599"},{"taxonomy":"post_tag","embeddable":true,"href":"https:\/\/cirhi.uwr.edu.pl\/en\/wp-json\/wp\/v2\/tags\/?post=12599"}],"curies":[{"name":"wp","href":"https:\/\/api.w.org\/{rel}","templated":true}]}}