{"id":16242,"date":"2023-10-17T17:28:41","date_gmt":"2023-10-17T15:28:41","guid":{"rendered":"https:\/\/cirhi.uwr.edu.pl\/?page_id=16242"},"modified":"2023-10-17T17:28:45","modified_gmt":"2023-10-17T15:28:45","slug":"paul-mokrzycki","status":"publish","type":"page","link":"https:\/\/cirhi.uwr.edu.pl\/en\/team\/paul-mokrzycki\/","title":{"rendered":"Paul Mokrzycki"},"content":{"rendered":"\n<p><\/p>\n\n\n\n<div class=\"wp-block-ugb-container ugb-container ugb-8dda971 ugb-container--v2 ugb-container--design-plain ugb-main-block\"><div class=\"ugb-inner-block\"><div class=\"ugb-block-content\"><div class=\"ugb-container__wrapper ugb-8dda971-wrapper\"><div class=\"ugb-container__side\"><div class=\"ugb-container__content-wrapper ugb-8dda971-content-wrapper\">\n<div class=\"wp-block-columns bs-news-page is-layout-flex wp-block-columns-is-layout-flex\">\n<div class=\"wp-block-column bs-kontakt-photo is-layout-flow wp-block-column-is-layout-flow\">\n<figure class=\"wp-block-image size-large\"><img loading=\"lazy\" decoding=\"async\" width=\"1024\" height=\"819\" src=\"https:\/\/cirhi.uwr.edu.pl\/wp-content\/uploads\/sites\/15\/2023\/10\/IMG_5312-_4_-1-1024x819.webp\" alt=\"Paul\" class=\"wp-image-16125\" srcset=\"https:\/\/cirhi.uwr.edu.pl\/wp-content\/uploads\/sites\/15\/2023\/10\/IMG_5312-_4_-1-1024x819.webp 1024w, https:\/\/cirhi.uwr.edu.pl\/wp-content\/uploads\/sites\/15\/2023\/10\/IMG_5312-_4_-1-300x240.webp 300w, https:\/\/cirhi.uwr.edu.pl\/wp-content\/uploads\/sites\/15\/2023\/10\/IMG_5312-_4_-1-768x614.webp 768w, https:\/\/cirhi.uwr.edu.pl\/wp-content\/uploads\/sites\/15\/2023\/10\/IMG_5312-_4_-1-1536x1229.webp 1536w, https:\/\/cirhi.uwr.edu.pl\/wp-content\/uploads\/sites\/15\/2023\/10\/IMG_5312-_4_-1-2048x1639.webp 2048w, https:\/\/cirhi.uwr.edu.pl\/wp-content\/uploads\/sites\/15\/2023\/10\/IMG_5312-_4_-1-1320x1056.webp 1320w, https:\/\/cirhi.uwr.edu.pl\/wp-content\/uploads\/sites\/15\/2023\/10\/IMG_5312-_4_-1-24x19.webp 24w, https:\/\/cirhi.uwr.edu.pl\/wp-content\/uploads\/sites\/15\/2023\/10\/IMG_5312-_4_-1-36x29.webp 36w, https:\/\/cirhi.uwr.edu.pl\/wp-content\/uploads\/sites\/15\/2023\/10\/IMG_5312-_4_-1-48x38.webp 48w\" sizes=\"auto, (max-width: 1024px) 100vw, 1024px\" \/><\/figure>\n<\/div>\n\n\n\n<div class=\"wp-block-column bs-contact-right-column is-layout-flow wp-block-column-is-layout-flow\">\n<div class=\"wp-block-bonasoft-modular-breadcrumbs-block\"><div class=\"bs_add_breadcrumb_trail\"><\/div><\/div>\n\n\n\n<hr class=\"wp-block-separator has-text-color has-black-color has-css-opacity has-black-background-color has-background is-style-wide bs-border-kontakt\"\/>\n\n\n\n<h1 class=\"wp-block-heading bs-naglowek-podstrony\" id=\"magdalena-witkowicz\">Paul Mokrzycki<\/h1>\n\n\n\n<p>I am a housing and health advocate. I graduated from the University of Rochester with a bachelor\u2019s degree in environmental health and master\u2019s in human development with a specialization in research. In my graduate work, I focused on the biopsychosocial implications of accelerated aging regarding housing status, particularly the unhoused and unsheltered population.\u00a0<\/p>\n\n\n\n<p>My work centers around environmental factors that interact with housing status and living conditions which influence health and well-being outcomes. I am interested in primary interventions that address health disparities influenced by climate change regarding home conditions and livelihood strategies. I am also interested in utilizing community-based methods.\u00a0\u00a0<\/p>\n\n\n\n<p>I am interested in pursuing housing advocacy and sociomedical research working alongside precariously housed populations in various humanitarian crises around the globe.\u00a0\u00a0<\/p>\n\n\n\n<p>mail: paul.mokrzycki@uwr.edu.pl<\/p>\n<\/div>\n<\/div>\n\n\n\n<div class=\"wp-block-ugb-container ugb-container bs-news-page-under ugb-f8694ce ugb-container--v2 ugb-container--design-plain ugb-main-block\"><div class=\"ugb-inner-block\"><div class=\"ugb-block-content\"><div class=\"ugb-container__wrapper ugb-f8694ce-wrapper\"><div class=\"ugb-container__side\"><div class=\"ugb-container__content-wrapper ugb-f8694ce-content-wrapper\">\n<p><\/p>\n<\/div><\/div><\/div><\/div><\/div><\/div>\n<\/div><\/div><\/div><\/div><\/div><\/div>\n","protected":false},"excerpt":{"rendered":"<p>Paul Mokrzycki I am a housing and health advocate. I graduated from the University of Rochester with a bachelor\u2019s degree in environmental health and master\u2019s in human development with a specialization in research. In my graduate work, I focused on the biopsychosocial implications of accelerated aging regarding housing status, particularly the unhoused and unsheltered population.\u00a0 [&hellip;]<\/p>\n","protected":false},"author":2106,"featured_media":16125,"parent":12757,"menu_order":36,"comment_status":"closed","ping_status":"closed","template":"","meta":{"_acf_changed":false,"inline_featured_image":false,"site-sidebar-layout":"default","site-content-layout":"","ast-site-content-layout":"default","site-content-style":"default","site-sidebar-style":"default","ast-global-header-display":"","ast-banner-title-visibility":"","ast-main-header-display":"","ast-hfb-above-header-display":"","ast-hfb-below-header-display":"","ast-hfb-mobile-header-display":"","site-post-title":"","ast-breadcrumbs-content":"","ast-featured-img":"","footer-sml-layout":"","ast-disable-related-posts":"","theme-transparent-header-meta":"","adv-header-id-meta":"","stick-header-meta":"","header-above-stick-meta":"","header-main-stick-meta":"","header-below-stick-meta":"","astra-migrate-meta-layouts":"default","ast-page-background-enabled":"default","ast-page-background-meta":{"desktop":{"background-color":"","background-image":"","background-repeat":"repeat","background-position":"center center","background-size":"auto","background-attachment":"scroll","background-type":"","background-media":"","overlay-type":"","overlay-color":"","overlay-opacity":"","overlay-gradient":""},"tablet":{"background-color":"","background-image":"","background-repeat":"repeat","background-position":"center center","background-size":"auto","background-attachment":"scroll","background-type":"","background-media":"","overlay-type":"","overlay-color":"","overlay-opacity":"","overlay-gradient":""},"mobile":{"background-color":"","background-image":"","background-repeat":"repeat","background-position":"center center","background-size":"auto","background-attachment":"scroll","background-type":"","background-media":"","overlay-type":"","overlay-color":"","overlay-opacity":"","overlay-gradient":""}},"ast-content-background-meta":{"desktop":{"background-color":"var(--ast-global-color-5)","background-image":"","background-repeat":"repeat","background-position":"center center","background-size":"auto","background-attachment":"scroll","background-type":"","background-media":"","overlay-type":"","overlay-color":"","overlay-opacity":"","overlay-gradient":""},"tablet":{"background-color":"var(--ast-global-color-5)","background-image":"","background-repeat":"repeat","background-position":"center center","background-size":"auto","background-attachment":"scroll","background-type":"","background-media":"","overlay-type":"","overlay-color":"","overlay-opacity":"","overlay-gradient":""},"mobile":{"background-color":"var(--ast-global-color-5)","background-image":"","background-repeat":"repeat","background-position":"center center","background-size":"auto","background-attachment":"scroll","background-type":"","background-media":"","overlay-type":"","overlay-color":"","overlay-opacity":"","overlay-gradient":""}},"footnotes":""},"categories":[],"tags":[],"class_list":["post-16242","page","type-page","status-publish","has-post-thumbnail","hentry"],"featured_image_urls_v2":{"full":["https:\/\/cirhi.uwr.edu.pl\/wp-content\/uploads\/sites\/15\/2023\/10\/IMG_5312-_4_-1.webp",2441,1953,false],"thumbnail":["https:\/\/cirhi.uwr.edu.pl\/wp-content\/uploads\/sites\/15\/2023\/10\/IMG_5312-_4_-1-150x150.webp",150,150,true],"medium":["https:\/\/cirhi.uwr.edu.pl\/wp-content\/uploads\/sites\/15\/2023\/10\/IMG_5312-_4_-1-300x240.webp",300,240,true],"medium_large":["https:\/\/cirhi.uwr.edu.pl\/wp-content\/uploads\/sites\/15\/2023\/10\/IMG_5312-_4_-1-768x614.webp",768,614,true],"large":["https:\/\/cirhi.uwr.edu.pl\/wp-content\/uploads\/sites\/15\/2023\/10\/IMG_5312-_4_-1-1024x819.webp",1024,819,true],"1536x1536":["https:\/\/cirhi.uwr.edu.pl\/wp-content\/uploads\/sites\/15\/2023\/10\/IMG_5312-_4_-1-1536x1229.webp",1536,1229,true],"2048x2048":["https:\/\/cirhi.uwr.edu.pl\/wp-content\/uploads\/sites\/15\/2023\/10\/IMG_5312-_4_-1-2048x1639.webp",2048,1639,true],"menu-24x24":["https:\/\/cirhi.uwr.edu.pl\/wp-content\/uploads\/sites\/15\/2023\/10\/IMG_5312-_4_-1-24x19.webp",24,19,true],"menu-36x36":["https:\/\/cirhi.uwr.edu.pl\/wp-content\/uploads\/sites\/15\/2023\/10\/IMG_5312-_4_-1-36x29.webp",36,29,true],"menu-48x48":["https:\/\/cirhi.uwr.edu.pl\/wp-content\/uploads\/sites\/15\/2023\/10\/IMG_5312-_4_-1-48x38.webp",48,38,true]},"post_excerpt_stackable_v2":"<p>Paul Mokrzycki I am a housing and health advocate. I graduated from the University of Rochester with a bachelor\u2019s degree in environmental health and master\u2019s in human development with a specialization in research. In my graduate work, I focused on the biopsychosocial implications of accelerated aging regarding housing status, particularly the unhoused and unsheltered population.\u00a0 My work centers around environmental factors that interact with housing status and living conditions which influence health and well-being outcomes. I am interested in primary interventions that address health disparities influenced by climate change regarding home conditions and livelihood strategies. I am also interested in&hellip;<\/p>\n","category_list_v2":"Uncategorized","author_info_v2":{"name":"mwitkowicz","url":"https:\/\/cirhi.uwr.edu.pl\/en\/author\/mwitkowicz\/"},"comments_num_v2":"0 comments","acf":[],"yoast_head":"<!-- This site is optimized with the Yoast SEO plugin v27.1.1 - https:\/\/yoast.com\/product\/yoast-seo-wordpress\/ -->\n<title>Paul Mokrzycki - Centre for Interdisciplinary Research into Health and Illness<\/title>\n<meta name=\"description\" content=\"Jeste\u015bmy pierwszym centrum z humanistyki zdrowia w Polsce. Poznajemy \u015bwiat oczami ludzi, kt\u00f3rzy cierpi\u0105.\" \/>\n<meta name=\"robots\" content=\"index, follow, max-snippet:-1, max-image-preview:large, max-video-preview:-1\" \/>\n<link rel=\"canonical\" href=\"https:\/\/cirhi.uwr.edu.pl\/en\/team\/paul-mokrzycki\/\" \/>\n<meta property=\"og:locale\" content=\"en_US\" \/>\n<meta property=\"og:type\" content=\"article\" \/>\n<meta property=\"og:title\" content=\"Paul Mokrzycki - Centre for Interdisciplinary Research into Health and Illness\" \/>\n<meta property=\"og:description\" content=\"Jeste\u015bmy pierwszym centrum z humanistyki zdrowia w Polsce. Poznajemy \u015bwiat oczami ludzi, kt\u00f3rzy cierpi\u0105.\" \/>\n<meta property=\"og:url\" content=\"https:\/\/cirhi.uwr.edu.pl\/en\/team\/paul-mokrzycki\/\" \/>\n<meta property=\"og:site_name\" content=\"Centre for Interdisciplinary Research into Health and Illness\" \/>\n<meta property=\"article:modified_time\" content=\"2023-10-17T15:28:45+00:00\" \/>\n<meta property=\"og:image\" content=\"https:\/\/cirhi.uwr.edu.pl\/wp-content\/uploads\/sites\/15\/2023\/10\/IMG_5312-_4_-1.webp\" \/>\n\t<meta property=\"og:image:width\" content=\"2441\" \/>\n\t<meta property=\"og:image:height\" content=\"1953\" \/>\n\t<meta property=\"og:image:type\" content=\"image\/webp\" \/>\n<meta name=\"twitter:card\" content=\"summary_large_image\" \/>\n<meta name=\"twitter:label1\" content=\"Est. reading time\" \/>\n\t<meta name=\"twitter:data1\" content=\"1 minute\" \/>\n<script type=\"application\/ld+json\" class=\"yoast-schema-graph\">{\"@context\":\"https:\/\/schema.org\",\"@graph\":[{\"@type\":\"WebPage\",\"@id\":\"https:\/\/cirhi.uwr.edu.pl\/en\/team\/paul-mokrzycki\/\",\"url\":\"https:\/\/cirhi.uwr.edu.pl\/en\/team\/paul-mokrzycki\/\",\"name\":\"Paul Mokrzycki - Centre for Interdisciplinary Research into Health and Illness\",\"isPartOf\":{\"@id\":\"https:\/\/cirhi.uwr.edu.pl\/pl\/#website\"},\"primaryImageOfPage\":{\"@id\":\"https:\/\/cirhi.uwr.edu.pl\/en\/team\/paul-mokrzycki\/#primaryimage\"},\"image\":{\"@id\":\"https:\/\/cirhi.uwr.edu.pl\/en\/team\/paul-mokrzycki\/#primaryimage\"},\"thumbnailUrl\":\"https:\/\/cirhi.uwr.edu.pl\/wp-content\/uploads\/sites\/15\/2023\/10\/IMG_5312-_4_-1.webp\",\"datePublished\":\"2023-10-17T15:28:41+00:00\",\"dateModified\":\"2023-10-17T15:28:45+00:00\",\"description\":\"Jeste\u015bmy pierwszym centrum z humanistyki zdrowia w Polsce. Poznajemy \u015bwiat oczami ludzi, kt\u00f3rzy cierpi\u0105.\",\"breadcrumb\":{\"@id\":\"https:\/\/cirhi.uwr.edu.pl\/en\/team\/paul-mokrzycki\/#breadcrumb\"},\"inLanguage\":\"en-US\",\"potentialAction\":[{\"@type\":\"ReadAction\",\"target\":[\"https:\/\/cirhi.uwr.edu.pl\/en\/team\/paul-mokrzycki\/\"]}]},{\"@type\":\"ImageObject\",\"inLanguage\":\"en-US\",\"@id\":\"https:\/\/cirhi.uwr.edu.pl\/en\/team\/paul-mokrzycki\/#primaryimage\",\"url\":\"https:\/\/cirhi.uwr.edu.pl\/wp-content\/uploads\/sites\/15\/2023\/10\/IMG_5312-_4_-1.webp\",\"contentUrl\":\"https:\/\/cirhi.uwr.edu.pl\/wp-content\/uploads\/sites\/15\/2023\/10\/IMG_5312-_4_-1.webp\",\"width\":2441,\"height\":1953,\"caption\":\"Paul\"},{\"@type\":\"BreadcrumbList\",\"@id\":\"https:\/\/cirhi.uwr.edu.pl\/en\/team\/paul-mokrzycki\/#breadcrumb\",\"itemListElement\":[{\"@type\":\"ListItem\",\"position\":1,\"name\":\"Strona g\u0142\u00f3wna\",\"item\":\"https:\/\/cirhi.uwr.edu.pl\/en\/\"},{\"@type\":\"ListItem\",\"position\":2,\"name\":\"Team\",\"item\":\"https:\/\/cirhi.uwr.edu.pl\/en\/team\/\"},{\"@type\":\"ListItem\",\"position\":3,\"name\":\"Paul Mokrzycki\"}]},{\"@type\":\"WebSite\",\"@id\":\"https:\/\/cirhi.uwr.edu.pl\/pl\/#website\",\"url\":\"https:\/\/cirhi.uwr.edu.pl\/pl\/\",\"name\":\"Centre for Interdisciplinary Research into Health and Illness\",\"description\":\"Kolejna witryna sieci \u201eUWR Witryny\u201d\",\"publisher\":{\"@id\":\"https:\/\/cirhi.uwr.edu.pl\/pl\/#organization\"},\"potentialAction\":[{\"@type\":\"SearchAction\",\"target\":{\"@type\":\"EntryPoint\",\"urlTemplate\":\"https:\/\/cirhi.uwr.edu.pl\/pl\/?s={search_term_string}\"},\"query-input\":{\"@type\":\"PropertyValueSpecification\",\"valueRequired\":true,\"valueName\":\"search_term_string\"}}],\"inLanguage\":\"en-US\"},{\"@type\":\"Organization\",\"@id\":\"https:\/\/cirhi.uwr.edu.pl\/pl\/#organization\",\"name\":\"Centre for Interdisciplinary Research into Health and Illness\",\"url\":\"https:\/\/cirhi.uwr.edu.pl\/pl\/\",\"logo\":{\"@type\":\"ImageObject\",\"inLanguage\":\"en-US\",\"@id\":\"https:\/\/cirhi.uwr.edu.pl\/pl\/#\/schema\/logo\/image\/\",\"url\":\"https:\/\/cirhi.uwr.edu.pl\/wp-content\/uploads\/sites\/15\/2025\/10\/UWr-logotyp-2025.png\",\"contentUrl\":\"https:\/\/cirhi.uwr.edu.pl\/wp-content\/uploads\/sites\/15\/2025\/10\/UWr-logotyp-2025.png\",\"width\":764,\"height\":269,\"caption\":\"Centre for Interdisciplinary Research into Health and Illness\"},\"image\":{\"@id\":\"https:\/\/cirhi.uwr.edu.pl\/pl\/#\/schema\/logo\/image\/\"}}]}<\/script>\n<!-- \/ Yoast SEO plugin. -->","yoast_head_json":{"title":"Paul Mokrzycki - Centre for Interdisciplinary Research into Health and Illness","description":"Jeste\u015bmy pierwszym centrum z humanistyki zdrowia w Polsce. Poznajemy \u015bwiat oczami ludzi, kt\u00f3rzy cierpi\u0105.","robots":{"index":"index","follow":"follow","max-snippet":"max-snippet:-1","max-image-preview":"max-image-preview:large","max-video-preview":"max-video-preview:-1"},"canonical":"https:\/\/cirhi.uwr.edu.pl\/en\/team\/paul-mokrzycki\/","og_locale":"en_US","og_type":"article","og_title":"Paul Mokrzycki - Centre for Interdisciplinary Research into Health and Illness","og_description":"Jeste\u015bmy pierwszym centrum z humanistyki zdrowia w Polsce. Poznajemy \u015bwiat oczami ludzi, kt\u00f3rzy cierpi\u0105.","og_url":"https:\/\/cirhi.uwr.edu.pl\/en\/team\/paul-mokrzycki\/","og_site_name":"Centre for Interdisciplinary Research into Health and Illness","article_modified_time":"2023-10-17T15:28:45+00:00","og_image":[{"width":2441,"height":1953,"url":"https:\/\/cirhi.uwr.edu.pl\/wp-content\/uploads\/sites\/15\/2023\/10\/IMG_5312-_4_-1.webp","type":"image\/webp"}],"twitter_card":"summary_large_image","twitter_misc":{"Est. reading time":"1 minute"},"schema":{"@context":"https:\/\/schema.org","@graph":[{"@type":"WebPage","@id":"https:\/\/cirhi.uwr.edu.pl\/en\/team\/paul-mokrzycki\/","url":"https:\/\/cirhi.uwr.edu.pl\/en\/team\/paul-mokrzycki\/","name":"Paul Mokrzycki - Centre for Interdisciplinary Research into Health and Illness","isPartOf":{"@id":"https:\/\/cirhi.uwr.edu.pl\/pl\/#website"},"primaryImageOfPage":{"@id":"https:\/\/cirhi.uwr.edu.pl\/en\/team\/paul-mokrzycki\/#primaryimage"},"image":{"@id":"https:\/\/cirhi.uwr.edu.pl\/en\/team\/paul-mokrzycki\/#primaryimage"},"thumbnailUrl":"https:\/\/cirhi.uwr.edu.pl\/wp-content\/uploads\/sites\/15\/2023\/10\/IMG_5312-_4_-1.webp","datePublished":"2023-10-17T15:28:41+00:00","dateModified":"2023-10-17T15:28:45+00:00","description":"Jeste\u015bmy pierwszym centrum z humanistyki zdrowia w Polsce. Poznajemy \u015bwiat oczami ludzi, kt\u00f3rzy cierpi\u0105.","breadcrumb":{"@id":"https:\/\/cirhi.uwr.edu.pl\/en\/team\/paul-mokrzycki\/#breadcrumb"},"inLanguage":"en-US","potentialAction":[{"@type":"ReadAction","target":["https:\/\/cirhi.uwr.edu.pl\/en\/team\/paul-mokrzycki\/"]}]},{"@type":"ImageObject","inLanguage":"en-US","@id":"https:\/\/cirhi.uwr.edu.pl\/en\/team\/paul-mokrzycki\/#primaryimage","url":"https:\/\/cirhi.uwr.edu.pl\/wp-content\/uploads\/sites\/15\/2023\/10\/IMG_5312-_4_-1.webp","contentUrl":"https:\/\/cirhi.uwr.edu.pl\/wp-content\/uploads\/sites\/15\/2023\/10\/IMG_5312-_4_-1.webp","width":2441,"height":1953,"caption":"Paul"},{"@type":"BreadcrumbList","@id":"https:\/\/cirhi.uwr.edu.pl\/en\/team\/paul-mokrzycki\/#breadcrumb","itemListElement":[{"@type":"ListItem","position":1,"name":"Strona g\u0142\u00f3wna","item":"https:\/\/cirhi.uwr.edu.pl\/en\/"},{"@type":"ListItem","position":2,"name":"Team","item":"https:\/\/cirhi.uwr.edu.pl\/en\/team\/"},{"@type":"ListItem","position":3,"name":"Paul Mokrzycki"}]},{"@type":"WebSite","@id":"https:\/\/cirhi.uwr.edu.pl\/pl\/#website","url":"https:\/\/cirhi.uwr.edu.pl\/pl\/","name":"Centre for Interdisciplinary Research into Health and Illness","description":"Kolejna witryna sieci \u201eUWR Witryny\u201d","publisher":{"@id":"https:\/\/cirhi.uwr.edu.pl\/pl\/#organization"},"potentialAction":[{"@type":"SearchAction","target":{"@type":"EntryPoint","urlTemplate":"https:\/\/cirhi.uwr.edu.pl\/pl\/?s={search_term_string}"},"query-input":{"@type":"PropertyValueSpecification","valueRequired":true,"valueName":"search_term_string"}}],"inLanguage":"en-US"},{"@type":"Organization","@id":"https:\/\/cirhi.uwr.edu.pl\/pl\/#organization","name":"Centre for Interdisciplinary Research into Health and Illness","url":"https:\/\/cirhi.uwr.edu.pl\/pl\/","logo":{"@type":"ImageObject","inLanguage":"en-US","@id":"https:\/\/cirhi.uwr.edu.pl\/pl\/#\/schema\/logo\/image\/","url":"https:\/\/cirhi.uwr.edu.pl\/wp-content\/uploads\/sites\/15\/2025\/10\/UWr-logotyp-2025.png","contentUrl":"https:\/\/cirhi.uwr.edu.pl\/wp-content\/uploads\/sites\/15\/2025\/10\/UWr-logotyp-2025.png","width":764,"height":269,"caption":"Centre for Interdisciplinary Research into Health and Illness"},"image":{"@id":"https:\/\/cirhi.uwr.edu.pl\/pl\/#\/schema\/logo\/image\/"}}]}},"publishpress_future_action":{"enabled":false,"date":"2026-04-30 22:22:16","action":"change-status","newStatus":"draft","terms":[],"taxonomy":"category","extraData":[]},"publishpress_future_workflow_manual_trigger":{"enabledWorkflows":[]},"_links":{"self":[{"href":"https:\/\/cirhi.uwr.edu.pl\/en\/wp-json\/wp\/v2\/pages\/16242\/"}],"collection":[{"href":"https:\/\/cirhi.uwr.edu.pl\/en\/wp-json\/wp\/v2\/pages\/"}],"about":[{"href":"https:\/\/cirhi.uwr.edu.pl\/en\/wp-json\/wp\/v2\/types\/page\/"}],"author":[{"embeddable":true,"href":"https:\/\/cirhi.uwr.edu.pl\/en\/wp-json\/wp\/v2\/users\/2106\/"}],"replies":[{"embeddable":true,"href":"https:\/\/cirhi.uwr.edu.pl\/en\/wp-json\/wp\/v2\/comments\/?post=16242"}],"version-history":[{"count":1,"href":"https:\/\/cirhi.uwr.edu.pl\/en\/wp-json\/wp\/v2\/pages\/16242\/revisions\/"}],"predecessor-version":[{"id":16248,"href":"https:\/\/cirhi.uwr.edu.pl\/en\/wp-json\/wp\/v2\/pages\/16242\/revisions\/16248\/"}],"up":[{"embeddable":true,"href":"https:\/\/cirhi.uwr.edu.pl\/en\/wp-json\/wp\/v2\/pages\/12757\/"}],"wp:featuredmedia":[{"embeddable":true,"href":"https:\/\/cirhi.uwr.edu.pl\/en\/wp-json\/wp\/v2\/media\/16125\/"}],"wp:attachment":[{"href":"https:\/\/cirhi.uwr.edu.pl\/en\/wp-json\/wp\/v2\/media\/?parent=16242"}],"wp:term":[{"taxonomy":"category","embeddable":true,"href":"https:\/\/cirhi.uwr.edu.pl\/en\/wp-json\/wp\/v2\/categories\/?post=16242"},{"taxonomy":"post_tag","embeddable":true,"href":"https:\/\/cirhi.uwr.edu.pl\/en\/wp-json\/wp\/v2\/tags\/?post=16242"}],"curies":[{"name":"wp","href":"https:\/\/api.w.org\/{rel}","templated":true}]}}