{"id":305,"date":"2021-04-12T12:11:49","date_gmt":"2021-04-12T10:11:49","guid":{"rendered":"https:\/\/cirhi.test.uwr.edu.pl\/strona-glowna2\/"},"modified":"2023-03-14T08:57:37","modified_gmt":"2023-03-14T07:57:37","slug":"strona-glowna2-2","status":"publish","type":"page","link":"https:\/\/cirhi.uwr.edu.pl\/en\/","title":{"rendered":"Centre for Interdisciplinary Research into Health and Illness"},"content":{"rendered":"\n<div class=\"bs_add_mobile_custom_menu\"><\/div>\n\n\n\n<div class=\"wp-block-columns bs-section-baner bs_add_contained_custom_menu is-layout-flex wp-block-columns-is-layout-flex\">\n<div class=\"wp-block-column bs-baner-first-column is-layout-flow wp-block-column-is-layout-flow\" style=\"flex-basis:60%\"><div class='bst-video'><div class='bst-video__transparent-overlay'><div class='bst-video__transparent-overlay_button bst-video__transparent-overlay_button_stop' data-target-name='baner'><\/div><div class='bst-video__transparent-overlay_button--voice bst-video__transparent-overlay_button--voice_muted ' role='button' tabindex='0' data-target-name='baner'><\/div><\/div><video data-video-name=baner class='bst-video__player' autoplay loop playsinline muted><source src=https:\/\/cirhi.uwr.edu.pl\/wp-content\/uploads\/sites\/15\/2022\/01\/filologia-koniec-1.mp4 type='video\/mp4'><\/video><\/div>\n\n\n\n<p><\/p>\n<\/div>\n\n\n\n<div class=\"wp-block-column bs-baner-second-column is-layout-flow wp-block-column-is-layout-flow\" style=\"flex-basis:40%\">\n<p class=\"bs-baner-text has-black-color has-text-color has-large-font-size\"><strong>We are the first centre for health humanities in Poland. We explore the world through the eyes of those who suffer.<\/strong><\/p>\n\n\n<ul class=\"wp-block-latest-posts__list bs-baner-post wp-block-latest-posts\"><\/ul>\n\n\n<div class=\"wp-block-columns is-layout-flex wp-block-columns-is-layout-flex\">\n<div class=\"wp-block-column is-layout-flow wp-block-column-is-layout-flow\"><\/div>\n<\/div>\n<\/div>\n<\/div>\n\n\n<div id=\"NewsID\" class=\"aktualnosci-block aktualnosci-block \">\n    <h2 class=\"aktualnosci-block-naglowek aktualnosci-block-naglowek\">News<\/h2>    <div class=\"row\">\n                    <div class=\"row first-row\">\n                <div class=\"first-box\">\n                                        <a href=\"https:\/\/cirhi.uwr.edu.pl\/en\/2023\/10\/18\/open-lecture-by-professor-phil-brown\/\">\n                        <div class=\"first-box-header\">\n                                                                                    <div class=\"first-box-background\" style=\"background-image: url('https:\/\/cirhi.uwr.edu.pl\/wp-content\/uploads\/sites\/15\/2023\/10\/PhilipBrown_12-1024x683.jpg')\">\n                                <div class=\"first-box-overlay\">\n                                    <div class=\"first-box-title\">\n                                        <h3>Open lecture by professor Phil Brown<\/h3>\n                                    <\/div>\n                                <\/div>\n                            <\/div>\n                        <\/div>\n                    <\/a>\n                    <div class=\"first-box-content\">\n                        <span class=\"first-box-content-span\">\n                                                    <\/span>\n                    <\/div>\n                <\/div>\n                            <\/div>\n            <div class=\"box-clear\"><\/div>\n            <div class=\"row\">\n                                    <div class=\"news-box box-number-1\">\n                        <a class=\"news-box-link\" href=\"https:\/\/cirhi.uwr.edu.pl\/en\/2023\/10\/17\/our-new-member-paul-mokrzycki-receives-social-impact-fellowship\/\" title=\"Our new member\" >\n                            <div class=\"news-box-wrap\">\n                                <div class=\"news-box-header\">\n                                                                                                            <div class=\"news-box-background\" style=\"background-image: url('https:\/\/cirhi.uwr.edu.pl\/wp-content\/uploads\/sites\/15\/2023\/10\/IMG_5312-_4_-1-1024x819.webp')\">\n                                        <div class=\"second-box-overlay\">\n                                            <div class=\"news-box-content\">\n                                                <span><\/span>\n                                            <\/div>\n                                        <\/div>\n                                    <\/div>\n                                <\/div>                            \n                                <div class=\"news-box-title\">\n                                    <h3>\n                                        Our new member Paul Mokrzycki receives Social Impact Fellowship                                    <\/h3>\n                                <\/div> \n                               \n                            <\/div>\n                        <\/a> \n                    <\/div>\n                                                                            <div class=\"news-box box-number-2\">\n                        <a class=\"news-box-link\" href=\"https:\/\/cirhi.uwr.edu.pl\/en\/2023\/10\/12\/dr-katja-herges-awarded-the-era-postdoctoral-fellowship\/\" title=\"Dr. Katja Herges\" >\n                            <div class=\"news-box-wrap\">\n                                <div class=\"news-box-header\">\n                                                                                                            <div class=\"news-box-background\" style=\"background-image: url('https:\/\/cirhi.uwr.edu.pl\/wp-content\/uploads\/sites\/15\/2023\/04\/KH-headshot2-1024x683.jpeg')\">\n                                        <div class=\"second-box-overlay\">\n                                            <div class=\"news-box-content\">\n                                                <span><\/span>\n                                            <\/div>\n                                        <\/div>\n                                    <\/div>\n                                <\/div>                            \n                                <div class=\"news-box-title\">\n                                    <h3>\n                                        Dr. Katja Herges awarded the ERA Postdoctoral Fellowship                                    <\/h3>\n                                <\/div> \n                               \n                            <\/div>\n                        <\/a> \n                    <\/div>\n                                                                            <div class=\"news-box box-number-3\">\n                        <a class=\"news-box-link\" href=\"https:\/\/cirhi.uwr.edu.pl\/en\/2023\/10\/07\/dr-eva-duda-of-cirhi-winner-of-the-ncn-sonata-18-competition\/\" title=\"Dr. Eva Duda\" >\n                            <div class=\"news-box-wrap\">\n                                <div class=\"news-box-header\">\n                                                                                                            <div class=\"news-box-background\" style=\"background-image: url('https:\/\/cirhi.uwr.edu.pl\/wp-content\/uploads\/sites\/15\/2023\/06\/EvaDuda-edited-1024x1024.webp')\">\n                                        <div class=\"second-box-overlay\">\n                                            <div class=\"news-box-content\">\n                                                <span><\/span>\n                                            <\/div>\n                                        <\/div>\n                                    <\/div>\n                                <\/div>                            \n                                <div class=\"news-box-title\">\n                                    <h3>\n                                        Dr. Eva Duda awarded in the NCN Sonata 18 competition                                    <\/h3>\n                                <\/div> \n                               \n                            <\/div>\n                        <\/a> \n                    <\/div>\n                                                                            <div class=\"news-box box-number-4\">\n                        <a class=\"news-box-link\" href=\"https:\/\/cirhi.uwr.edu.pl\/en\/2023\/10\/07\/open-lecture-by-prof-pal-gulbrandsen-from-the-university-of-oslo\/\" title=\"Open lecture by\" >\n                            <div class=\"news-box-wrap\">\n                                <div class=\"news-box-header\">\n                                                                                                            <div class=\"news-box-background\" style=\"background-image: url('https:\/\/cirhi.uwr.edu.pl\/wp-content\/uploads\/sites\/15\/2023\/06\/2022_aula-po-remoncie_fot.-DHull-26-1-1024x683.webp')\">\n                                        <div class=\"second-box-overlay\">\n                                            <div class=\"news-box-content\">\n                                                <span><\/span>\n                                            <\/div>\n                                        <\/div>\n                                    <\/div>\n                                <\/div>                            \n                                <div class=\"news-box-title\">\n                                    <h3>\n                                        Open lecture by Prof. P\u00e5l Gulbrandsen from the University of [&#8230;]                                    <\/h3>\n                                <\/div> \n                               \n                            <\/div>\n                        <\/a> \n                    <\/div>\n                                                                            <div class=\"news-box box-number-5\">\n                        <a class=\"news-box-link\" href=\"https:\/\/cirhi.uwr.edu.pl\/en\/2023\/01\/24\/dynamics-of-loneliness-intersections-of-the-cultural-social-and-medical\/\" title=\"Dynamics of Loneliness.\" >\n                            <div class=\"news-box-wrap\">\n                                <div class=\"news-box-header\">\n                                                                                                            <div class=\"news-box-background\" style=\"background-image: url('https:\/\/cirhi.uwr.edu.pl\/wp-content\/uploads\/sites\/15\/2023\/01\/samotnosc-1024x683.webp')\">\n                                        <div class=\"second-box-overlay\">\n                                            <div class=\"news-box-content\">\n                                                <span>The Centre for Interdisciplinary Research into Health and Illness welcomes proposals for contributions to the [&#8230;]<\/span>\n                                            <\/div>\n                                        <\/div>\n                                    <\/div>\n                                <\/div>                            \n                                <div class=\"news-box-title\">\n                                    <h3>\n                                        Dynamics of Loneliness. Intersections of the Cultural, Social and Medical                                    <\/h3>\n                                <\/div> \n                               \n                            <\/div>\n                        <\/a> \n                    <\/div>\n                                                                            <div class=\"news-box box-number-6\">\n                        <a class=\"news-box-link\" href=\"https:\/\/cirhi.uwr.edu.pl\/en\/2022\/09\/08\/ola-boris-go-to-school\/\" title=\"Ola and Boris\" >\n                            <div class=\"news-box-wrap\">\n                                <div class=\"news-box-header\">\n                                                                                                            <div class=\"news-box-background\" style=\"background-image: url('https:\/\/cirhi.uwr.edu.pl\/wp-content\/uploads\/sites\/15\/2022\/09\/1-3-1024x687.png')\">\n                                        <div class=\"second-box-overlay\">\n                                            <div class=\"news-box-content\">\n                                                <span><\/span>\n                                            <\/div>\n                                        <\/div>\n                                    <\/div>\n                                <\/div>                            \n                                <div class=\"news-box-title\">\n                                    <h3>\n                                        Ola and Boris go to school.                                    <\/h3>\n                                <\/div> \n                               \n                            <\/div>\n                        <\/a> \n                    <\/div>\n                                                                    <\/div>\n            <div class=\"box-clear\"><\/div>\n            <div class=\"element-aktualnosci-more\">\n                <div class=\"element-aktualnosci-wrap-more\">\n                    <a href=\"\/aktualnosci\" title=\"aktualno\u015bci\">\n                        <div class=\"button2\">\n                            <span class=\"c-button__arrow2\">\n                                <svg class=\"c-arrow2\" width=\"40px\" height=\"40px\" viewBox=\"0 0 22 16\" version=\"1.1\" xmlns=\"http:\/\/www.w3.org\/2000\/svg\" xmlns:xlink=\"http:\/\/www.w3.org\/1999\/xlink\">\n                                    <g class=\"c-arrow__g2\" stroke=\"none\" stroke-width=\"1\" fill=\"none\" fill-rule=\"evenodd\">\n                                        <g class=\"c-arrow__g2\">\n                                            <rect class=\"\" id=\"c-arrow__rect2\" x=\"0\" y=\"7\" width=\"20\" height=\"2\" transform=\"scale(0,1)\"><\/rect>\n                                            <polygon points=\"13.4875 0 12 1.6215 18.7875 8 12 14.3795 13.4875 16 21.9995 8\"><\/polygon>\n                                        <\/g>\n                                    <\/g>\n                                <\/svg>\n                            <\/span>\n                            <span class=\"c-button__inner2\">Show All <\/span>\n                        <\/div>\n                    <\/a>\n                <\/div>\n            <\/div>\n            <\/div>\n    <div class=\"box-clear\"><\/div>\n<\/div>\n\n\n\n<p><\/p>\n\n\n\n<p><\/p>\n","protected":false},"excerpt":{"rendered":"<p>We are the first centre for health humanities in Poland. We explore the world through the eyes of those who suffer.<\/p>\n","protected":false},"author":20,"featured_media":0,"parent":0,"menu_order":0,"comment_status":"closed","ping_status":"closed","template":"","meta":{"_acf_changed":false,"inline_featured_image":false,"site-sidebar-layout":"no-sidebar","site-content-layout":"page-builder","ast-site-content-layout":"default","site-content-style":"default","site-sidebar-style":"default","ast-global-header-display":"","ast-banner-title-visibility":"","ast-main-header-display":"","ast-hfb-above-header-display":"","ast-hfb-below-header-display":"","ast-hfb-mobile-header-display":"","site-post-title":"disabled","ast-breadcrumbs-content":"","ast-featured-img":"","footer-sml-layout":"","ast-disable-related-posts":"","theme-transparent-header-meta":"default","adv-header-id-meta":"","stick-header-meta":"","header-above-stick-meta":"","header-main-stick-meta":"","header-below-stick-meta":"","astra-migrate-meta-layouts":"default","ast-page-background-enabled":"default","ast-page-background-meta":{"desktop":{"background-color":"","background-image":"","background-repeat":"repeat","background-position":"center center","background-size":"auto","background-attachment":"scroll","background-type":"","background-media":"","overlay-type":"","overlay-color":"","overlay-opacity":"","overlay-gradient":""},"tablet":{"background-color":"","background-image":"","background-repeat":"repeat","background-position":"center center","background-size":"auto","background-attachment":"scroll","background-type":"","background-media":"","overlay-type":"","overlay-color":"","overlay-opacity":"","overlay-gradient":""},"mobile":{"background-color":"","background-image":"","background-repeat":"repeat","background-position":"center center","background-size":"auto","background-attachment":"scroll","background-type":"","background-media":"","overlay-type":"","overlay-color":"","overlay-opacity":"","overlay-gradient":""}},"ast-content-background-meta":{"desktop":{"background-color":"var(--ast-global-color-5)","background-image":"","background-repeat":"repeat","background-position":"center center","background-size":"auto","background-attachment":"scroll","background-type":"","background-media":"","overlay-type":"","overlay-color":"","overlay-opacity":"","overlay-gradient":""},"tablet":{"background-color":"var(--ast-global-color-5)","background-image":"","background-repeat":"repeat","background-position":"center center","background-size":"auto","background-attachment":"scroll","background-type":"","background-media":"","overlay-type":"","overlay-color":"","overlay-opacity":"","overlay-gradient":""},"mobile":{"background-color":"var(--ast-global-color-5)","background-image":"","background-repeat":"repeat","background-position":"center center","background-size":"auto","background-attachment":"scroll","background-type":"","background-media":"","overlay-type":"","overlay-color":"","overlay-opacity":"","overlay-gradient":""}},"footnotes":""},"categories":[],"tags":[],"class_list":["post-305","page","type-page","status-publish","hentry"],"featured_image_urls_v2":{"full":"","thumbnail":"","medium":"","medium_large":"","large":"","1536x1536":"","2048x2048":"","menu-24x24":"","menu-36x36":"","menu-48x48":""},"post_excerpt_stackable_v2":"<p>We are the first centre for health humanities in Poland. We explore the world through the eyes of those who suffer. News Open lecture by professor Phil Brown Our new member Paul Mokrzycki receives Social Impact Fellowship Dr. Katja Herges awarded the ERA Postdoctoral Fellowship Dr. Eva Duda awarded in the NCN Sonata 18 competition Open lecture by Prof. P\u00e5l Gulbrandsen from the University of [&#8230;] The Centre for Interdisciplinary Research into Health and Illness welcomes proposals for contributions to the [&#8230;] Dynamics of Loneliness. Intersections of the Cultural, Social and Medical Ola and Boris go to school. Show All<\/p>\n","category_list_v2":"Uncategorized","author_info_v2":{"name":"mmatlinski","url":"https:\/\/cirhi.uwr.edu.pl\/en\/author\/mmatlinski\/"},"comments_num_v2":"0 comments","acf":[],"yoast_head":"<!-- This site is optimized with the Yoast SEO plugin v27.1.1 - https:\/\/yoast.com\/product\/yoast-seo-wordpress\/ -->\n<title>Centre for Interdisciplinary Research into Health and Illness - Centre for Interdisciplinary Research into Health and Illness<\/title>\n<meta name=\"description\" content=\"Jeste\u015bmy pierwszym centrum z humanistyki zdrowia w Polsce. Poznajemy \u015bwiat oczami ludzi, kt\u00f3rzy cierpi\u0105.\" \/>\n<meta name=\"robots\" content=\"index, follow, max-snippet:-1, max-image-preview:large, max-video-preview:-1\" \/>\n<link rel=\"canonical\" href=\"https:\/\/cirhi.uwr.edu.pl\/en\/\" \/>\n<meta property=\"og:locale\" content=\"en_US\" \/>\n<meta property=\"og:type\" content=\"article\" \/>\n<meta property=\"og:title\" content=\"Centre for Interdisciplinary Research into Health and Illness - Centre for Interdisciplinary Research into Health and Illness\" \/>\n<meta property=\"og:description\" content=\"Jeste\u015bmy pierwszym centrum z humanistyki zdrowia w Polsce. Poznajemy \u015bwiat oczami ludzi, kt\u00f3rzy cierpi\u0105.\" \/>\n<meta property=\"og:url\" content=\"https:\/\/cirhi.uwr.edu.pl\/en\/\" \/>\n<meta property=\"og:site_name\" content=\"Centre for Interdisciplinary Research into Health and Illness\" \/>\n<meta property=\"article:modified_time\" content=\"2023-03-14T07:57:37+00:00\" \/>\n<meta name=\"twitter:card\" content=\"summary_large_image\" \/>\n<meta name=\"twitter:label1\" content=\"Est. reading time\" \/>\n\t<meta name=\"twitter:data1\" content=\"1 minute\" \/>\n<script type=\"application\/ld+json\" class=\"yoast-schema-graph\">{\"@context\":\"https:\/\/schema.org\",\"@graph\":[{\"@type\":\"WebPage\",\"@id\":\"https:\/\/cirhi.uwr.edu.pl\/en\/\",\"url\":\"https:\/\/cirhi.uwr.edu.pl\/en\/\",\"name\":\"Centre for Interdisciplinary Research into Health and Illness - Centre for Interdisciplinary Research into Health and Illness\",\"isPartOf\":{\"@id\":\"https:\/\/cirhi.uwr.edu.pl\/pl\/#website\"},\"datePublished\":\"2021-04-12T10:11:49+00:00\",\"dateModified\":\"2023-03-14T07:57:37+00:00\",\"description\":\"Jeste\u015bmy pierwszym centrum z humanistyki zdrowia w Polsce. Poznajemy \u015bwiat oczami ludzi, kt\u00f3rzy cierpi\u0105.\",\"breadcrumb\":{\"@id\":\"https:\/\/cirhi.uwr.edu.pl\/en\/#breadcrumb\"},\"inLanguage\":\"en-US\",\"potentialAction\":[{\"@type\":\"ReadAction\",\"target\":[\"https:\/\/cirhi.uwr.edu.pl\/en\/\"]}]},{\"@type\":\"BreadcrumbList\",\"@id\":\"https:\/\/cirhi.uwr.edu.pl\/en\/#breadcrumb\",\"itemListElement\":[{\"@type\":\"ListItem\",\"position\":1,\"name\":\"Strona g\u0142\u00f3wna\",\"item\":\"https:\/\/cirhi.uwr.edu.pl\/en\/\"},{\"@type\":\"ListItem\",\"position\":2,\"name\":\"Centre for Interdisciplinary Research into Health and Illness\"}]},{\"@type\":\"WebSite\",\"@id\":\"https:\/\/cirhi.uwr.edu.pl\/pl\/#website\",\"url\":\"https:\/\/cirhi.uwr.edu.pl\/pl\/\",\"name\":\"Centre for Interdisciplinary Research into Health and Illness\",\"description\":\"Kolejna witryna sieci \u201eUWR Witryny\u201d\",\"publisher\":{\"@id\":\"https:\/\/cirhi.uwr.edu.pl\/pl\/#organization\"},\"potentialAction\":[{\"@type\":\"SearchAction\",\"target\":{\"@type\":\"EntryPoint\",\"urlTemplate\":\"https:\/\/cirhi.uwr.edu.pl\/pl\/?s={search_term_string}\"},\"query-input\":{\"@type\":\"PropertyValueSpecification\",\"valueRequired\":true,\"valueName\":\"search_term_string\"}}],\"inLanguage\":\"en-US\"},{\"@type\":\"Organization\",\"@id\":\"https:\/\/cirhi.uwr.edu.pl\/pl\/#organization\",\"name\":\"Centre for Interdisciplinary Research into Health and Illness\",\"url\":\"https:\/\/cirhi.uwr.edu.pl\/pl\/\",\"logo\":{\"@type\":\"ImageObject\",\"inLanguage\":\"en-US\",\"@id\":\"https:\/\/cirhi.uwr.edu.pl\/pl\/#\/schema\/logo\/image\/\",\"url\":\"https:\/\/cirhi.uwr.edu.pl\/wp-content\/uploads\/sites\/15\/2025\/10\/UWr-logotyp-2025.png\",\"contentUrl\":\"https:\/\/cirhi.uwr.edu.pl\/wp-content\/uploads\/sites\/15\/2025\/10\/UWr-logotyp-2025.png\",\"width\":764,\"height\":269,\"caption\":\"Centre for Interdisciplinary Research into Health and Illness\"},\"image\":{\"@id\":\"https:\/\/cirhi.uwr.edu.pl\/pl\/#\/schema\/logo\/image\/\"}}]}<\/script>\n<!-- \/ Yoast SEO plugin. -->","yoast_head_json":{"title":"Centre for Interdisciplinary Research into Health and Illness - Centre for Interdisciplinary Research into Health and Illness","description":"Jeste\u015bmy pierwszym centrum z humanistyki zdrowia w Polsce. Poznajemy \u015bwiat oczami ludzi, kt\u00f3rzy cierpi\u0105.","robots":{"index":"index","follow":"follow","max-snippet":"max-snippet:-1","max-image-preview":"max-image-preview:large","max-video-preview":"max-video-preview:-1"},"canonical":"https:\/\/cirhi.uwr.edu.pl\/en\/","og_locale":"en_US","og_type":"article","og_title":"Centre for Interdisciplinary Research into Health and Illness - Centre for Interdisciplinary Research into Health and Illness","og_description":"Jeste\u015bmy pierwszym centrum z humanistyki zdrowia w Polsce. Poznajemy \u015bwiat oczami ludzi, kt\u00f3rzy cierpi\u0105.","og_url":"https:\/\/cirhi.uwr.edu.pl\/en\/","og_site_name":"Centre for Interdisciplinary Research into Health and Illness","article_modified_time":"2023-03-14T07:57:37+00:00","twitter_card":"summary_large_image","twitter_misc":{"Est. reading time":"1 minute"},"schema":{"@context":"https:\/\/schema.org","@graph":[{"@type":"WebPage","@id":"https:\/\/cirhi.uwr.edu.pl\/en\/","url":"https:\/\/cirhi.uwr.edu.pl\/en\/","name":"Centre for Interdisciplinary Research into Health and Illness - Centre for Interdisciplinary Research into Health and Illness","isPartOf":{"@id":"https:\/\/cirhi.uwr.edu.pl\/pl\/#website"},"datePublished":"2021-04-12T10:11:49+00:00","dateModified":"2023-03-14T07:57:37+00:00","description":"Jeste\u015bmy pierwszym centrum z humanistyki zdrowia w Polsce. Poznajemy \u015bwiat oczami ludzi, kt\u00f3rzy cierpi\u0105.","breadcrumb":{"@id":"https:\/\/cirhi.uwr.edu.pl\/en\/#breadcrumb"},"inLanguage":"en-US","potentialAction":[{"@type":"ReadAction","target":["https:\/\/cirhi.uwr.edu.pl\/en\/"]}]},{"@type":"BreadcrumbList","@id":"https:\/\/cirhi.uwr.edu.pl\/en\/#breadcrumb","itemListElement":[{"@type":"ListItem","position":1,"name":"Strona g\u0142\u00f3wna","item":"https:\/\/cirhi.uwr.edu.pl\/en\/"},{"@type":"ListItem","position":2,"name":"Centre for Interdisciplinary Research into Health and Illness"}]},{"@type":"WebSite","@id":"https:\/\/cirhi.uwr.edu.pl\/pl\/#website","url":"https:\/\/cirhi.uwr.edu.pl\/pl\/","name":"Centre for Interdisciplinary Research into Health and Illness","description":"Kolejna witryna sieci \u201eUWR Witryny\u201d","publisher":{"@id":"https:\/\/cirhi.uwr.edu.pl\/pl\/#organization"},"potentialAction":[{"@type":"SearchAction","target":{"@type":"EntryPoint","urlTemplate":"https:\/\/cirhi.uwr.edu.pl\/pl\/?s={search_term_string}"},"query-input":{"@type":"PropertyValueSpecification","valueRequired":true,"valueName":"search_term_string"}}],"inLanguage":"en-US"},{"@type":"Organization","@id":"https:\/\/cirhi.uwr.edu.pl\/pl\/#organization","name":"Centre for Interdisciplinary Research into Health and Illness","url":"https:\/\/cirhi.uwr.edu.pl\/pl\/","logo":{"@type":"ImageObject","inLanguage":"en-US","@id":"https:\/\/cirhi.uwr.edu.pl\/pl\/#\/schema\/logo\/image\/","url":"https:\/\/cirhi.uwr.edu.pl\/wp-content\/uploads\/sites\/15\/2025\/10\/UWr-logotyp-2025.png","contentUrl":"https:\/\/cirhi.uwr.edu.pl\/wp-content\/uploads\/sites\/15\/2025\/10\/UWr-logotyp-2025.png","width":764,"height":269,"caption":"Centre for Interdisciplinary Research into Health and Illness"},"image":{"@id":"https:\/\/cirhi.uwr.edu.pl\/pl\/#\/schema\/logo\/image\/"}}]}},"publishpress_future_action":{"enabled":false,"date":"2026-04-30 18:32:27","action":"change-status","newStatus":"draft","terms":[],"taxonomy":"category","extraData":[]},"publishpress_future_workflow_manual_trigger":{"enabledWorkflows":[]},"_links":{"self":[{"href":"https:\/\/cirhi.uwr.edu.pl\/en\/wp-json\/wp\/v2\/pages\/305\/"}],"collection":[{"href":"https:\/\/cirhi.uwr.edu.pl\/en\/wp-json\/wp\/v2\/pages\/"}],"about":[{"href":"https:\/\/cirhi.uwr.edu.pl\/en\/wp-json\/wp\/v2\/types\/page\/"}],"author":[{"embeddable":true,"href":"https:\/\/cirhi.uwr.edu.pl\/en\/wp-json\/wp\/v2\/users\/20\/"}],"replies":[{"embeddable":true,"href":"https:\/\/cirhi.uwr.edu.pl\/en\/wp-json\/wp\/v2\/comments\/?post=305"}],"version-history":[{"count":10,"href":"https:\/\/cirhi.uwr.edu.pl\/en\/wp-json\/wp\/v2\/pages\/305\/revisions\/"}],"predecessor-version":[{"id":15192,"href":"https:\/\/cirhi.uwr.edu.pl\/en\/wp-json\/wp\/v2\/pages\/305\/revisions\/15192\/"}],"wp:attachment":[{"href":"https:\/\/cirhi.uwr.edu.pl\/en\/wp-json\/wp\/v2\/media\/?parent=305"}],"wp:term":[{"taxonomy":"category","embeddable":true,"href":"https:\/\/cirhi.uwr.edu.pl\/en\/wp-json\/wp\/v2\/categories\/?post=305"},{"taxonomy":"post_tag","embeddable":true,"href":"https:\/\/cirhi.uwr.edu.pl\/en\/wp-json\/wp\/v2\/tags\/?post=305"}],"curies":[{"name":"wp","href":"https:\/\/api.w.org\/{rel}","templated":true}]}}