{"id":12458,"date":"2022-01-13T12:11:28","date_gmt":"2022-01-13T11:11:28","guid":{"rendered":"https:\/\/cirhi.test.uwr.edu.pl\/?page_id=12458"},"modified":"2023-10-18T23:56:12","modified_gmt":"2023-10-18T21:56:12","slug":"my-centrum","status":"publish","type":"page","link":"https:\/\/cirhi.uwr.edu.pl\/pl\/my-centrum\/","title":{"rendered":"My, Centrum"},"content":{"rendered":"\n<div class=\"wp-block-ugb-container ugb-container ugb-8dda971 ugb-container--v2 ugb-container--design-plain ugb-main-block\"><div class=\"ugb-inner-block\"><div class=\"ugb-block-content\"><div class=\"ugb-container__wrapper ugb-8dda971-wrapper\"><div class=\"ugb-container__side\"><div class=\"ugb-container__content-wrapper ugb-8dda971-content-wrapper\">\n<div class=\"wp-block-columns bs-news-page is-layout-flex wp-block-columns-is-layout-flex\">\n<div class=\"wp-block-column bs-kontakt-photo is-layout-flow wp-block-column-is-layout-flow\">\n<figure class=\"wp-block-image size-large\"><img loading=\"lazy\" decoding=\"async\" width=\"1024\" height=\"683\" src=\"https:\/\/cirhi.uwr.edu.pl\/wp-content\/uploads\/sites\/15\/2022\/02\/2019_judaistyka_37_Magdalena_Marcula-1024x683.jpg\" alt=\"Uniwersytet, Wyspa Piasek\" class=\"wp-image-426\" srcset=\"https:\/\/cirhi.uwr.edu.pl\/wp-content\/uploads\/sites\/15\/2022\/02\/2019_judaistyka_37_Magdalena_Marcula-1024x683.jpg 1024w, https:\/\/cirhi.uwr.edu.pl\/wp-content\/uploads\/sites\/15\/2022\/02\/2019_judaistyka_37_Magdalena_Marcula-300x200.jpg 300w, https:\/\/cirhi.uwr.edu.pl\/wp-content\/uploads\/sites\/15\/2022\/02\/2019_judaistyka_37_Magdalena_Marcula-768x512.jpg 768w, https:\/\/cirhi.uwr.edu.pl\/wp-content\/uploads\/sites\/15\/2022\/02\/2019_judaistyka_37_Magdalena_Marcula-1536x1024.jpg 1536w, https:\/\/cirhi.uwr.edu.pl\/wp-content\/uploads\/sites\/15\/2022\/02\/2019_judaistyka_37_Magdalena_Marcula-2048x1365.jpg 2048w, https:\/\/cirhi.uwr.edu.pl\/wp-content\/uploads\/sites\/15\/2022\/02\/2019_judaistyka_37_Magdalena_Marcula-1320x880.jpg 1320w, https:\/\/cirhi.uwr.edu.pl\/wp-content\/uploads\/sites\/15\/2022\/02\/2019_judaistyka_37_Magdalena_Marcula-24x16.jpg 24w, https:\/\/cirhi.uwr.edu.pl\/wp-content\/uploads\/sites\/15\/2022\/02\/2019_judaistyka_37_Magdalena_Marcula-36x24.jpg 36w, https:\/\/cirhi.uwr.edu.pl\/wp-content\/uploads\/sites\/15\/2022\/02\/2019_judaistyka_37_Magdalena_Marcula-48x32.jpg 48w\" sizes=\"auto, (max-width: 1024px) 100vw, 1024px\" \/><\/figure>\n<\/div>\n\n\n\n<div class=\"wp-block-column bs-contact-right-column is-layout-flow wp-block-column-is-layout-flow\">\n<div class=\"wp-block-bonasoft-modular-breadcrumbs-block\"><div class=\"bs_add_breadcrumb_trail\"><\/div><\/div>\n\n\n\n<hr class=\"wp-block-separator has-text-color has-black-color has-css-opacity has-black-background-color has-background is-style-wide bs-border-kontakt\"\/>\n\n\n\n<h1 class=\"wp-block-heading bs-naglowek-podstrony\" id=\"my-centrum-1\"><strong>My, Centrum<\/strong><\/h1>\n\n\n\n<p>Centrum Interdyscyplinarnych Bada\u0144 nad Zdrowiem i Chorob\u0105 to pierwsze centrum w Polsce, kt\u00f3rego g\u0142\u00f3wnym celem jest prowadzenie bada\u0144 z\u00a0zakresu nauk spo\u0142ecznych i humanistyki zdrowia\/choroby. Zosta\u0142o utworzone we wrze\u015bniu 2021 roku na Uniwersytecie Wroc\u0142awskim. Centrum funkcjonuje w ramach programu Inicjatywa Doskona\u0142o\u015bci \u2013 Uczelnia Badawcza (https:\/\/old.uni.wroc.pl\/strona-glowna\/o-uniwersytecie\/uczelnia-badawcza).<\/p>\n\n\n\n<p>Obecnie w Centrum pracuje sze\u015b\u0107 os\u00f3b. Prof. Dariusz Galasi\u0144ski jest lingwist\u0105 i&nbsp;kierownikiem Centrum, dr Eva Duda jest socjolo\u017ck\u0105, a dr Katja Herges literturoznawczyni\u0105 i psychiatrk\u0105. Magdalena Witkowicz jest psycholo\u017ck\u0105, Samuel Maruszewski filozofem, a Paul Mokrzycki zajmuje si\u0119 zdrowiem \u015brodowiskowym.  Magda i Samuel s\u0105 te\u017c doktorantami na Uniwersytecie Wroc\u0142awskim.<\/p>\n\n\n\n<p>Z Centrum zwi\u0105zane s\u0105 jeszcze trzy osoby. Jedn\u0105 z nich jest prof. Justyna Zi\u00f3\u0142kowska (SWPS), z kt\u00f3r\u0105 od lat wsp\u00f3\u0142pracuje Dariusz Galasi\u0144ski. Drug\u0105 jest Konrad Opali\u0144ski z Uniwersytetu Zielonog\u00f3rskiego, z kt\u00f3rym pracujemy nad projektem badawczym po\u015bwi\u0119conym do\u015bwiadczeniu samotno\u015bci na stacji polarnej. Wsp\u00f3\u0142pracuje z nami r\u00f3wnie\u017c prof. Natalia Letki (Uniwersytet Warszawski), z kt\u00f3r\u0105 w niedalekiej przysz\u0142o\u015bci planujemy rozpocz\u0105\u0107 projekt po\u015bwi\u0119cony samotno\u015bci i migracji.<\/p>\n\n\n\n<p>Centrum zajmuje  si\u0119 analiz\u0105 do\u015bwiadcze\u0144 trudnych, traumatycznych, granicznych, aktualnie koncentruj\u0105c si\u0119 na samotno\u015bci. Naszym celem jest \u0142\u0105czenie perspektyw wielu dziedzin \u2013 zamiast ograniczania si\u0119 do perspektywy nauk spo\u0142ecznych. Mamy nadziej\u0119, \u017ce w wyniku dzia\u0142a\u0144 Centrum powstanie nowa wiedza, kt\u00f3ra prze\u0142o\u017cy si\u0119 na pomoc ludziom mierz\u0105cym si\u0119 z trudno\u015bciami. Opr\u00f3cz bada\u0144 samotno\u015bci, b\u0119dziemy rozwija\u0107 inne przedsi\u0119wzi\u0119cia badawcze w ramach szerokiego pola nauk spo\u0142ecznych oraz humanistyki zdrowia i choroby.<\/p>\n\n\n\n<p>Chcemy by\u0107 Centrum, w kt\u00f3re wszyscy jeste\u015bmy zaanga\u017cowani i w kt\u00f3rym sukces jednego z nas \u2013 b\u0119dzie sukcesem nas wszystkich.<\/p>\n\n\n\n<p>Zale\u017cy nam na prowadzeniu doskona\u0142ych bada\u0144, jeste\u015bmy otwarci na nowe pomys\u0142y, idee i sposoby dzia\u0142ania. Chcieliby\u015bmy stworzy\u0107 miejsce, w kt\u00f3rym wszyscy poczuj\u0105 si\u0119 mile widziani i b\u0119d\u0105 chcieli w nim sp\u0119dzi\u0107 troch\u0119, a mo\u017ce i wi\u0119cej czasu, tworz\u0105c w\u0142asne projekty i pracowa\u0107 nad nimi razem z nami. <\/p>\n<\/div>\n<\/div>\n<\/div><\/div><\/div><\/div><\/div><\/div>\n","protected":false},"excerpt":{"rendered":"<p>My, Centrum Centrum Interdyscyplinarnych Bada\u0144 nad Zdrowiem i Chorob\u0105 to pierwsze centrum w Polsce, kt\u00f3rego g\u0142\u00f3wnym celem jest prowadzenie bada\u0144 z\u00a0zakresu nauk spo\u0142ecznych i humanistyki zdrowia\/choroby. Zosta\u0142o utworzone we wrze\u015bniu 2021 roku na Uniwersytecie Wroc\u0142awskim. Centrum funkcjonuje w ramach programu Inicjatywa Doskona\u0142o\u015bci \u2013 Uczelnia Badawcza (https:\/\/old.uni.wroc.pl\/strona-glowna\/o-uniwersytecie\/uczelnia-badawcza). Obecnie w Centrum pracuje sze\u015b\u0107 os\u00f3b. Prof. Dariusz Galasi\u0144ski [&hellip;]<\/p>\n","protected":false},"author":52,"featured_media":0,"parent":0,"menu_order":0,"comment_status":"closed","ping_status":"closed","template":"","meta":{"_acf_changed":false,"inline_featured_image":false,"site-sidebar-layout":"","site-content-layout":"","ast-site-content-layout":"default","site-content-style":"default","site-sidebar-style":"default","ast-global-header-display":"","ast-banner-title-visibility":"","ast-main-header-display":"","ast-hfb-above-header-display":"","ast-hfb-below-header-display":"","ast-hfb-mobile-header-display":"","site-post-title":"","ast-breadcrumbs-content":"","ast-featured-img":"","footer-sml-layout":"","ast-disable-related-posts":"","theme-transparent-header-meta":"","adv-header-id-meta":"","stick-header-meta":"","header-above-stick-meta":"","header-main-stick-meta":"","header-below-stick-meta":"","astra-migrate-meta-layouts":"default","ast-page-background-enabled":"default","ast-page-background-meta":{"desktop":{"background-color":"","background-image":"","background-repeat":"repeat","background-position":"center center","background-size":"auto","background-attachment":"scroll","background-type":"","background-media":"","overlay-type":"","overlay-color":"","overlay-opacity":"","overlay-gradient":""},"tablet":{"background-color":"","background-image":"","background-repeat":"repeat","background-position":"center center","background-size":"auto","background-attachment":"scroll","background-type":"","background-media":"","overlay-type":"","overlay-color":"","overlay-opacity":"","overlay-gradient":""},"mobile":{"background-color":"","background-image":"","background-repeat":"repeat","background-position":"center center","background-size":"auto","background-attachment":"scroll","background-type":"","background-media":"","overlay-type":"","overlay-color":"","overlay-opacity":"","overlay-gradient":""}},"ast-content-background-meta":{"desktop":{"background-color":"var(--ast-global-color-5)","background-image":"","background-repeat":"repeat","background-position":"center center","background-size":"auto","background-attachment":"scroll","background-type":"","background-media":"","overlay-type":"","overlay-color":"","overlay-opacity":"","overlay-gradient":""},"tablet":{"background-color":"var(--ast-global-color-5)","background-image":"","background-repeat":"repeat","background-position":"center center","background-size":"auto","background-attachment":"scroll","background-type":"","background-media":"","overlay-type":"","overlay-color":"","overlay-opacity":"","overlay-gradient":""},"mobile":{"background-color":"var(--ast-global-color-5)","background-image":"","background-repeat":"repeat","background-position":"center center","background-size":"auto","background-attachment":"scroll","background-type":"","background-media":"","overlay-type":"","overlay-color":"","overlay-opacity":"","overlay-gradient":""}},"footnotes":""},"categories":[],"tags":[],"class_list":["post-12458","page","type-page","status-publish","hentry"],"featured_image_urls_v2":{"full":"","thumbnail":"","medium":"","medium_large":"","large":"","1536x1536":"","2048x2048":"","menu-24x24":"","menu-36x36":"","menu-48x48":""},"post_excerpt_stackable_v2":"<p>My, Centrum Centrum Interdyscyplinarnych Bada\u0144 nad Zdrowiem i Chorob\u0105 to pierwsze centrum w Polsce, kt\u00f3rego g\u0142\u00f3wnym celem jest prowadzenie bada\u0144 z\u00a0zakresu nauk spo\u0142ecznych i humanistyki zdrowia\/choroby. Zosta\u0142o utworzone we wrze\u015bniu 2021 roku na Uniwersytecie Wroc\u0142awskim. Centrum funkcjonuje w ramach programu Inicjatywa Doskona\u0142o\u015bci \u2013 Uczelnia Badawcza (https:\/\/old.uni.wroc.pl\/strona-glowna\/o-uniwersytecie\/uczelnia-badawcza). Obecnie w Centrum pracuje sze\u015b\u0107 os\u00f3b. Prof. Dariusz Galasi\u0144ski jest lingwist\u0105 i&nbsp;kierownikiem Centrum, dr Eva Duda jest socjolo\u017ck\u0105, a dr Katja Herges literturoznawczyni\u0105 i psychiatrk\u0105. Magdalena Witkowicz jest psycholo\u017ck\u0105, Samuel Maruszewski filozofem, a Paul Mokrzycki zajmuje si\u0119 zdrowiem \u015brodowiskowym. Magda i Samuel s\u0105 te\u017c doktorantami na Uniwersytecie Wroc\u0142awskim. Z Centrum zwi\u0105zane s\u0105 jeszcze trzy&hellip;<\/p>\n","category_list_v2":"Bez kategorii","author_info_v2":{"name":"wojciechglodek","url":"https:\/\/cirhi.uwr.edu.pl\/pl\/author\/wojciechglodek\/"},"comments_num_v2":"0 comments","acf":[],"yoast_head":"<!-- This site is optimized with the Yoast SEO plugin v27.1.1 - https:\/\/yoast.com\/product\/yoast-seo-wordpress\/ -->\n<title>My, Centrum - Centrum Interdyscyplinarnych Bada\u0144 nad Zdrowiem i Chorob\u0105<\/title>\n<meta name=\"description\" content=\"Jeste\u015bmy pierwszym centrum z humanistyki zdrowia w Polsce. Poznajemy \u015bwiat oczami ludzi, kt\u00f3rzy cierpi\u0105.\" \/>\n<meta name=\"robots\" content=\"index, follow, max-snippet:-1, max-image-preview:large, max-video-preview:-1\" \/>\n<link rel=\"canonical\" href=\"https:\/\/cirhi.uwr.edu.pl\/pl\/my-centrum\/\" \/>\n<meta property=\"og:locale\" content=\"pl_PL\" \/>\n<meta property=\"og:type\" content=\"article\" \/>\n<meta property=\"og:title\" content=\"My, Centrum - Centrum Interdyscyplinarnych Bada\u0144 nad Zdrowiem i Chorob\u0105\" \/>\n<meta property=\"og:description\" content=\"Jeste\u015bmy pierwszym centrum z humanistyki zdrowia w Polsce. Poznajemy \u015bwiat oczami ludzi, kt\u00f3rzy cierpi\u0105.\" \/>\n<meta property=\"og:url\" content=\"https:\/\/cirhi.uwr.edu.pl\/pl\/my-centrum\/\" \/>\n<meta property=\"og:site_name\" content=\"Centrum Interdyscyplinarnych Bada\u0144 nad Zdrowiem i Chorob\u0105\" \/>\n<meta property=\"article:modified_time\" content=\"2023-10-18T21:56:12+00:00\" \/>\n<meta property=\"og:image\" content=\"https:\/\/cirhi.uwr.edu.pl\/wp-content\/uploads\/sites\/15\/2022\/02\/2019_judaistyka_37_Magdalena_Marcula-1024x683.jpg\" \/>\n<meta name=\"twitter:card\" content=\"summary_large_image\" \/>\n<meta name=\"twitter:label1\" content=\"Szacowany czas czytania\" \/>\n\t<meta name=\"twitter:data1\" content=\"2 minuty\" \/>\n<script type=\"application\/ld+json\" class=\"yoast-schema-graph\">{\"@context\":\"https:\/\/schema.org\",\"@graph\":[{\"@type\":\"WebPage\",\"@id\":\"https:\/\/cirhi.uwr.edu.pl\/pl\/my-centrum\/\",\"url\":\"https:\/\/cirhi.uwr.edu.pl\/pl\/my-centrum\/\",\"name\":\"My, Centrum - Centrum Interdyscyplinarnych Bada\u0144 nad Zdrowiem i Chorob\u0105\",\"isPartOf\":{\"@id\":\"https:\/\/cirhi.uwr.edu.pl\/pl\/#website\"},\"primaryImageOfPage\":{\"@id\":\"https:\/\/cirhi.uwr.edu.pl\/pl\/my-centrum\/#primaryimage\"},\"image\":{\"@id\":\"https:\/\/cirhi.uwr.edu.pl\/pl\/my-centrum\/#primaryimage\"},\"thumbnailUrl\":\"https:\/\/cirhi.uwr.edu.pl\/wp-content\/uploads\/sites\/15\/2022\/02\/2019_judaistyka_37_Magdalena_Marcula-1024x683.jpg\",\"datePublished\":\"2022-01-13T11:11:28+00:00\",\"dateModified\":\"2023-10-18T21:56:12+00:00\",\"description\":\"Jeste\u015bmy pierwszym centrum z humanistyki zdrowia w Polsce. Poznajemy \u015bwiat oczami ludzi, kt\u00f3rzy cierpi\u0105.\",\"breadcrumb\":{\"@id\":\"https:\/\/cirhi.uwr.edu.pl\/pl\/my-centrum\/#breadcrumb\"},\"inLanguage\":\"pl-PL\",\"potentialAction\":[{\"@type\":\"ReadAction\",\"target\":[\"https:\/\/cirhi.uwr.edu.pl\/pl\/my-centrum\/\"]}]},{\"@type\":\"ImageObject\",\"inLanguage\":\"pl-PL\",\"@id\":\"https:\/\/cirhi.uwr.edu.pl\/pl\/my-centrum\/#primaryimage\",\"url\":\"https:\/\/cirhi.uwr.edu.pl\/wp-content\/uploads\/sites\/15\/2022\/02\/2019_judaistyka_37_Magdalena_Marcula-1024x683.jpg\",\"contentUrl\":\"https:\/\/cirhi.uwr.edu.pl\/wp-content\/uploads\/sites\/15\/2022\/02\/2019_judaistyka_37_Magdalena_Marcula-1024x683.jpg\"},{\"@type\":\"BreadcrumbList\",\"@id\":\"https:\/\/cirhi.uwr.edu.pl\/pl\/my-centrum\/#breadcrumb\",\"itemListElement\":[{\"@type\":\"ListItem\",\"position\":1,\"name\":\"Strona g\u0142\u00f3wna\",\"item\":\"https:\/\/cirhi.uwr.edu.pl\/pl\/\"},{\"@type\":\"ListItem\",\"position\":2,\"name\":\"My, Centrum\"}]},{\"@type\":\"WebSite\",\"@id\":\"https:\/\/cirhi.uwr.edu.pl\/pl\/#website\",\"url\":\"https:\/\/cirhi.uwr.edu.pl\/pl\/\",\"name\":\"Centrum Interdyscyplinarnych Bada\u0144 nad Zdrowiem i Chorob\u0105\",\"description\":\"Kolejna witryna sieci \u201eUWR Witryny\u201d\",\"publisher\":{\"@id\":\"https:\/\/cirhi.uwr.edu.pl\/pl\/#organization\"},\"potentialAction\":[{\"@type\":\"SearchAction\",\"target\":{\"@type\":\"EntryPoint\",\"urlTemplate\":\"https:\/\/cirhi.uwr.edu.pl\/pl\/?s={search_term_string}\"},\"query-input\":{\"@type\":\"PropertyValueSpecification\",\"valueRequired\":true,\"valueName\":\"search_term_string\"}}],\"inLanguage\":\"pl-PL\"},{\"@type\":\"Organization\",\"@id\":\"https:\/\/cirhi.uwr.edu.pl\/pl\/#organization\",\"name\":\"Centrum Interdyscyplinarnych Bada\u0144 nad Zdrowiem i Chorob\u0105\",\"url\":\"https:\/\/cirhi.uwr.edu.pl\/pl\/\",\"logo\":{\"@type\":\"ImageObject\",\"inLanguage\":\"pl-PL\",\"@id\":\"https:\/\/cirhi.uwr.edu.pl\/pl\/#\/schema\/logo\/image\/\",\"url\":\"https:\/\/cirhi.uwr.edu.pl\/wp-content\/uploads\/sites\/15\/2025\/10\/UWr-logotyp-2025.png\",\"contentUrl\":\"https:\/\/cirhi.uwr.edu.pl\/wp-content\/uploads\/sites\/15\/2025\/10\/UWr-logotyp-2025.png\",\"width\":764,\"height\":269,\"caption\":\"Centrum Interdyscyplinarnych Bada\u0144 nad Zdrowiem i Chorob\u0105\"},\"image\":{\"@id\":\"https:\/\/cirhi.uwr.edu.pl\/pl\/#\/schema\/logo\/image\/\"}}]}<\/script>\n<!-- \/ Yoast SEO plugin. -->","yoast_head_json":{"title":"My, Centrum - Centrum Interdyscyplinarnych Bada\u0144 nad Zdrowiem i Chorob\u0105","description":"Jeste\u015bmy pierwszym centrum z humanistyki zdrowia w Polsce. Poznajemy \u015bwiat oczami ludzi, kt\u00f3rzy cierpi\u0105.","robots":{"index":"index","follow":"follow","max-snippet":"max-snippet:-1","max-image-preview":"max-image-preview:large","max-video-preview":"max-video-preview:-1"},"canonical":"https:\/\/cirhi.uwr.edu.pl\/pl\/my-centrum\/","og_locale":"pl_PL","og_type":"article","og_title":"My, Centrum - Centrum Interdyscyplinarnych Bada\u0144 nad Zdrowiem i Chorob\u0105","og_description":"Jeste\u015bmy pierwszym centrum z humanistyki zdrowia w Polsce. Poznajemy \u015bwiat oczami ludzi, kt\u00f3rzy cierpi\u0105.","og_url":"https:\/\/cirhi.uwr.edu.pl\/pl\/my-centrum\/","og_site_name":"Centrum Interdyscyplinarnych Bada\u0144 nad Zdrowiem i Chorob\u0105","article_modified_time":"2023-10-18T21:56:12+00:00","og_image":[{"url":"https:\/\/cirhi.uwr.edu.pl\/wp-content\/uploads\/sites\/15\/2022\/02\/2019_judaistyka_37_Magdalena_Marcula-1024x683.jpg","type":"","width":"","height":""}],"twitter_card":"summary_large_image","twitter_misc":{"Szacowany czas czytania":"2 minuty"},"schema":{"@context":"https:\/\/schema.org","@graph":[{"@type":"WebPage","@id":"https:\/\/cirhi.uwr.edu.pl\/pl\/my-centrum\/","url":"https:\/\/cirhi.uwr.edu.pl\/pl\/my-centrum\/","name":"My, Centrum - Centrum Interdyscyplinarnych Bada\u0144 nad Zdrowiem i Chorob\u0105","isPartOf":{"@id":"https:\/\/cirhi.uwr.edu.pl\/pl\/#website"},"primaryImageOfPage":{"@id":"https:\/\/cirhi.uwr.edu.pl\/pl\/my-centrum\/#primaryimage"},"image":{"@id":"https:\/\/cirhi.uwr.edu.pl\/pl\/my-centrum\/#primaryimage"},"thumbnailUrl":"https:\/\/cirhi.uwr.edu.pl\/wp-content\/uploads\/sites\/15\/2022\/02\/2019_judaistyka_37_Magdalena_Marcula-1024x683.jpg","datePublished":"2022-01-13T11:11:28+00:00","dateModified":"2023-10-18T21:56:12+00:00","description":"Jeste\u015bmy pierwszym centrum z humanistyki zdrowia w Polsce. Poznajemy \u015bwiat oczami ludzi, kt\u00f3rzy cierpi\u0105.","breadcrumb":{"@id":"https:\/\/cirhi.uwr.edu.pl\/pl\/my-centrum\/#breadcrumb"},"inLanguage":"pl-PL","potentialAction":[{"@type":"ReadAction","target":["https:\/\/cirhi.uwr.edu.pl\/pl\/my-centrum\/"]}]},{"@type":"ImageObject","inLanguage":"pl-PL","@id":"https:\/\/cirhi.uwr.edu.pl\/pl\/my-centrum\/#primaryimage","url":"https:\/\/cirhi.uwr.edu.pl\/wp-content\/uploads\/sites\/15\/2022\/02\/2019_judaistyka_37_Magdalena_Marcula-1024x683.jpg","contentUrl":"https:\/\/cirhi.uwr.edu.pl\/wp-content\/uploads\/sites\/15\/2022\/02\/2019_judaistyka_37_Magdalena_Marcula-1024x683.jpg"},{"@type":"BreadcrumbList","@id":"https:\/\/cirhi.uwr.edu.pl\/pl\/my-centrum\/#breadcrumb","itemListElement":[{"@type":"ListItem","position":1,"name":"Strona g\u0142\u00f3wna","item":"https:\/\/cirhi.uwr.edu.pl\/pl\/"},{"@type":"ListItem","position":2,"name":"My, Centrum"}]},{"@type":"WebSite","@id":"https:\/\/cirhi.uwr.edu.pl\/pl\/#website","url":"https:\/\/cirhi.uwr.edu.pl\/pl\/","name":"Centrum Interdyscyplinarnych Bada\u0144 nad Zdrowiem i Chorob\u0105","description":"Kolejna witryna sieci \u201eUWR Witryny\u201d","publisher":{"@id":"https:\/\/cirhi.uwr.edu.pl\/pl\/#organization"},"potentialAction":[{"@type":"SearchAction","target":{"@type":"EntryPoint","urlTemplate":"https:\/\/cirhi.uwr.edu.pl\/pl\/?s={search_term_string}"},"query-input":{"@type":"PropertyValueSpecification","valueRequired":true,"valueName":"search_term_string"}}],"inLanguage":"pl-PL"},{"@type":"Organization","@id":"https:\/\/cirhi.uwr.edu.pl\/pl\/#organization","name":"Centrum Interdyscyplinarnych Bada\u0144 nad Zdrowiem i Chorob\u0105","url":"https:\/\/cirhi.uwr.edu.pl\/pl\/","logo":{"@type":"ImageObject","inLanguage":"pl-PL","@id":"https:\/\/cirhi.uwr.edu.pl\/pl\/#\/schema\/logo\/image\/","url":"https:\/\/cirhi.uwr.edu.pl\/wp-content\/uploads\/sites\/15\/2025\/10\/UWr-logotyp-2025.png","contentUrl":"https:\/\/cirhi.uwr.edu.pl\/wp-content\/uploads\/sites\/15\/2025\/10\/UWr-logotyp-2025.png","width":764,"height":269,"caption":"Centrum Interdyscyplinarnych Bada\u0144 nad Zdrowiem i Chorob\u0105"},"image":{"@id":"https:\/\/cirhi.uwr.edu.pl\/pl\/#\/schema\/logo\/image\/"}}]}},"publishpress_future_action":{"enabled":false,"date":"2026-04-30 20:01:15","action":"change-status","newStatus":"draft","terms":[],"taxonomy":"category","extraData":[]},"publishpress_future_workflow_manual_trigger":{"enabledWorkflows":[]},"_links":{"self":[{"href":"https:\/\/cirhi.uwr.edu.pl\/pl\/wp-json\/wp\/v2\/pages\/12458\/"}],"collection":[{"href":"https:\/\/cirhi.uwr.edu.pl\/pl\/wp-json\/wp\/v2\/pages\/"}],"about":[{"href":"https:\/\/cirhi.uwr.edu.pl\/pl\/wp-json\/wp\/v2\/types\/page\/"}],"author":[{"embeddable":true,"href":"https:\/\/cirhi.uwr.edu.pl\/pl\/wp-json\/wp\/v2\/users\/52\/"}],"replies":[{"embeddable":true,"href":"https:\/\/cirhi.uwr.edu.pl\/pl\/wp-json\/wp\/v2\/comments\/?post=12458"}],"version-history":[{"count":6,"href":"https:\/\/cirhi.uwr.edu.pl\/pl\/wp-json\/wp\/v2\/pages\/12458\/revisions\/"}],"predecessor-version":[{"id":16320,"href":"https:\/\/cirhi.uwr.edu.pl\/pl\/wp-json\/wp\/v2\/pages\/12458\/revisions\/16320\/"}],"wp:attachment":[{"href":"https:\/\/cirhi.uwr.edu.pl\/pl\/wp-json\/wp\/v2\/media\/?parent=12458"}],"wp:term":[{"taxonomy":"category","embeddable":true,"href":"https:\/\/cirhi.uwr.edu.pl\/pl\/wp-json\/wp\/v2\/categories\/?post=12458"},{"taxonomy":"post_tag","embeddable":true,"href":"https:\/\/cirhi.uwr.edu.pl\/pl\/wp-json\/wp\/v2\/tags\/?post=12458"}],"curies":[{"name":"wp","href":"https:\/\/api.w.org\/{rel}","templated":true}]}}