{"id":12558,"date":"2022-02-02T20:00:15","date_gmt":"2022-02-02T19:00:15","guid":{"rendered":"https:\/\/cirhi.test.uwr.edu.pl\/?page_id=12558"},"modified":"2022-02-14T07:55:20","modified_gmt":"2022-02-14T06:55:20","slug":"w-jaki-sposob-pracujemy","status":"publish","type":"page","link":"https:\/\/cirhi.uwr.edu.pl\/pl\/w-jaki-sposob-pracujemy\/","title":{"rendered":"W jaki spos\u00f3b pracujemy"},"content":{"rendered":"\n<div class=\"wp-block-ugb-container ugb-container ugb-8dda971 ugb-container--v2 ugb-container--design-plain ugb-main-block\"><div class=\"ugb-inner-block\"><div class=\"ugb-block-content\"><div class=\"ugb-container__wrapper ugb-8dda971-wrapper\"><div class=\"ugb-container__side\"><div class=\"ugb-container__content-wrapper ugb-8dda971-content-wrapper\">\n<div class=\"wp-block-columns bs-news-page is-layout-flex wp-block-columns-is-layout-flex\">\n<div class=\"wp-block-column bs-kontakt-photo is-layout-flow wp-block-column-is-layout-flow\">\n<figure class=\"wp-block-image size-large\"><img loading=\"lazy\" decoding=\"async\" width=\"1024\" height=\"683\" src=\"https:\/\/cirhi.uwr.edu.pl\/wp-content\/uploads\/sites\/15\/2022\/02\/2019_judaistyka_29_Magdalena_Marcula-1024x683.jpg\" alt=\"\" class=\"wp-image-427\" srcset=\"https:\/\/cirhi.uwr.edu.pl\/wp-content\/uploads\/sites\/15\/2022\/02\/2019_judaistyka_29_Magdalena_Marcula-1024x683.jpg 1024w, https:\/\/cirhi.uwr.edu.pl\/wp-content\/uploads\/sites\/15\/2022\/02\/2019_judaistyka_29_Magdalena_Marcula-300x200.jpg 300w, https:\/\/cirhi.uwr.edu.pl\/wp-content\/uploads\/sites\/15\/2022\/02\/2019_judaistyka_29_Magdalena_Marcula-768x512.jpg 768w, https:\/\/cirhi.uwr.edu.pl\/wp-content\/uploads\/sites\/15\/2022\/02\/2019_judaistyka_29_Magdalena_Marcula-1536x1024.jpg 1536w, https:\/\/cirhi.uwr.edu.pl\/wp-content\/uploads\/sites\/15\/2022\/02\/2019_judaistyka_29_Magdalena_Marcula-2048x1365.jpg 2048w, https:\/\/cirhi.uwr.edu.pl\/wp-content\/uploads\/sites\/15\/2022\/02\/2019_judaistyka_29_Magdalena_Marcula-1320x880.jpg 1320w, https:\/\/cirhi.uwr.edu.pl\/wp-content\/uploads\/sites\/15\/2022\/02\/2019_judaistyka_29_Magdalena_Marcula-24x16.jpg 24w, https:\/\/cirhi.uwr.edu.pl\/wp-content\/uploads\/sites\/15\/2022\/02\/2019_judaistyka_29_Magdalena_Marcula-36x24.jpg 36w, https:\/\/cirhi.uwr.edu.pl\/wp-content\/uploads\/sites\/15\/2022\/02\/2019_judaistyka_29_Magdalena_Marcula-48x32.jpg 48w\" sizes=\"auto, (max-width: 1024px) 100vw, 1024px\" \/><\/figure>\n<\/div>\n\n\n\n<div class=\"wp-block-column bs-contact-right-column is-layout-flow wp-block-column-is-layout-flow\">\n<div class=\"wp-block-bonasoft-modular-breadcrumbs-block\"><div class=\"bs_add_breadcrumb_trail\"><\/div><\/div>\n\n\n\n<hr class=\"wp-block-separator has-text-color has-background has-black-background-color has-black-color is-style-wide bs-border-kontakt\"\/>\n\n\n\n<h1 class=\"bs-naglowek-podstrony wp-block-heading\" id=\"w-jaki-sposob-pracujemy\"><strong>W jaki spos\u00f3b pracujemy<\/strong><\/h1>\n\n\n\n<p>Naszym podstawowym celem jest badanie kondycji ludzkiej w jej najtrudniejszych momentach. Poznajemy \u015bwiat oczami ludzi, kt\u00f3rzy cierpi\u0105. Oznacza to, \u017ce kiedy analizujemy takie do\u015bwiadczenia jak samotno\u015b\u0107, choroba, samob\u00f3jstwo czy niepe\u0142nosprawno\u015b\u0107 \u2013 koncentrujemy si\u0119 przede wszystkim na historii danej osoby.<\/p>\n\n\n\n<p>Przy\u015bwiecaj\u0105 nam nast\u0119puj\u0105ce warto\u015bci:<\/p>\n\n\n\n<p><strong>Otwarto\u015b\u0107: <\/strong>jeste\u015bmy otwarci na nowe pomys\u0142y \u2013 pochodz\u0105ce zar\u00f3wno od tych, kt\u00f3rych do\u015bwiadczenia chcemy bada\u0107, jak i z rozmaitych \u015brodowisk naukowych, w tym r\u00f3\u017cnych dyscyplin. Chcemy poszerzy\u0107 perspektyw\u0119 naszych dyscyplin, poznaj\u0105c rodzaje cierpienia, z kt\u00f3rymi nie mieli\u015bmy do czynienia w przesz\u0142o\u015bci.<\/p>\n\n\n\n<p><strong>Szacunek:<\/strong> zale\u017cy nam na tym, aby nasze dzia\u0142ania by\u0142y odpowiedzialne i przejrzyste. Nasze badania i inne dzia\u0142ania oparte s\u0105 i b\u0119d\u0105 na szacunku wobec naszych badanych i innych os\u00f3b, z kt\u00f3rymi b\u0119dziemy pracowa\u0107. To oznacza, \u017ce nasze badania zawsze b\u0119d\u0105 etyczne, a za\u0142o\u017cenia poszukiwa\u0144 pozostan\u0105 jasno okre\u015blone i zanurzone w warto\u015bciach, kt\u00f3rymi si\u0119 kierujemy.<\/p>\n<\/div>\n<\/div>\n\n\n\n<div class=\"wp-block-ugb-container ugb-container bs-news-page-under ugb-f8694ce ugb-container--v2 ugb-container--design-plain ugb-main-block\"><div class=\"ugb-inner-block\"><div class=\"ugb-block-content\"><div class=\"ugb-container__wrapper ugb-f8694ce-wrapper\"><div class=\"ugb-container__side\"><div class=\"ugb-container__content-wrapper ugb-f8694ce-content-wrapper\">\n<p><strong>Odwaga: <\/strong>pragniemy rzuci\u0107 wyzwanie zar\u00f3wno innym, jak i samym sobie. Nie chodzi nam o znalezienie drogi do jak najszybszego sukcesu, poniewa\u017c taki triumf mo\u017ce okaza\u0107 si\u0119 jedynie powierzchowny. W zwi\u0105zku z tym czasem wybierzemy kr\u0119ta i trudn\u0105 drog\u0119, ale tak\u0105, kt\u00f3ra sprawi, \u017ce opu\u015bcimy nasz\u0105 stref\u0119 komfortu, czy to dyscyplinarnego, czy zwi\u0105zanego z naszymi przekonaniami.<\/p>\n\n\n\n<p><strong>U\u017cyteczno\u015b\u0107: <\/strong>chcemy, aby to, co robimy, okaza\u0142o si\u0119 przydatne. Cho\u0107 bliski jest nam pogl\u0105d, \u017ce ju\u017c samo tworzenie nowej wiedzy jest wystarczaj\u0105cym powodem do prowadzenia bada\u0144, to chcieliby\u015bmy p\u00f3j\u015b\u0107 o krok dalej. Chcemy by\u0107 spo\u0142ecznie \u015bwiadomi i chcemy zmienia\u0107 rzeczywisto\u015b\u0107, kt\u00f3ra nas otacza. Pragniemy nawi\u0105za\u0107 kontakt z tymi, kt\u00f3rzy potrzebuj\u0105 pomocy i wsparcia w obszarach, w kt\u00f3rych prowadzimy badania.<\/p>\n\n\n\n<p>Pracujemy jako zesp\u00f3\u0142 i wspieramy si\u0119 nawzajem w pracy. Wierzymy, \u017ce w wyniku wsp\u00f3lnego wysi\u0142ku \u0142atwiej nam b\u0119dzie osi\u0105ga\u0107 nasze osobiste cele. Jeste\u015bmy przekonani, \u017ce ka\u017cde z nas powinno realizowa\u0107 swoje zainteresowania i \u017ce lepiej to robi\u0107 pracuj\u0105c w zespole. Sukces ka\u017cdego z nas jest sukcesem ca\u0142ego zespo\u0142u.<\/p>\n\n\n\n<p>Wreszcie: postrzegamy Centrum jako rodzaj okr\u0105g\u0142ego sto\u0142u. G\u0142os ka\u017cdego z nas liczy si\u0119 tak samo. Kiedy siadamy do sto\u0142u, nasze pomys\u0142y maj\u0105 t\u0119 sam\u0105 wag\u0119. Przedyskutujemy wszystkie idee, przyjmiemy je lub odrzucimy, bez wzgl\u0119du na to, od kogo pochodz\u0105.<\/p>\n<\/div><\/div><\/div><\/div><\/div><\/div>\n<\/div><\/div><\/div><\/div><\/div><\/div>\n","protected":false},"excerpt":{"rendered":"<p>W jaki spos\u00f3b pracujemy Naszym podstawowym celem jest badanie kondycji ludzkiej w jej najtrudniejszych momentach. Poznajemy \u015bwiat oczami ludzi, kt\u00f3rzy cierpi\u0105. Oznacza to, \u017ce kiedy analizujemy takie do\u015bwiadczenia jak samotno\u015b\u0107, choroba, samob\u00f3jstwo czy niepe\u0142nosprawno\u015b\u0107 \u2013 koncentrujemy si\u0119 przede wszystkim na historii danej osoby. Przy\u015bwiecaj\u0105 nam nast\u0119puj\u0105ce warto\u015bci: Otwarto\u015b\u0107: jeste\u015bmy otwarci na nowe pomys\u0142y \u2013 pochodz\u0105ce [&hellip;]<\/p>\n","protected":false},"author":52,"featured_media":0,"parent":0,"menu_order":0,"comment_status":"closed","ping_status":"closed","template":"","meta":{"_acf_changed":false,"inline_featured_image":false,"site-sidebar-layout":"default","site-content-layout":"","ast-site-content-layout":"default","site-content-style":"default","site-sidebar-style":"default","ast-global-header-display":"","ast-banner-title-visibility":"","ast-main-header-display":"","ast-hfb-above-header-display":"","ast-hfb-below-header-display":"","ast-hfb-mobile-header-display":"","site-post-title":"","ast-breadcrumbs-content":"","ast-featured-img":"","footer-sml-layout":"","ast-disable-related-posts":"","theme-transparent-header-meta":"","adv-header-id-meta":"","stick-header-meta":"","header-above-stick-meta":"","header-main-stick-meta":"","header-below-stick-meta":"","astra-migrate-meta-layouts":"default","ast-page-background-enabled":"default","ast-page-background-meta":{"desktop":{"background-color":"","background-image":"","background-repeat":"repeat","background-position":"center center","background-size":"auto","background-attachment":"scroll","background-type":"","background-media":"","overlay-type":"","overlay-color":"","overlay-opacity":"","overlay-gradient":""},"tablet":{"background-color":"","background-image":"","background-repeat":"repeat","background-position":"center center","background-size":"auto","background-attachment":"scroll","background-type":"","background-media":"","overlay-type":"","overlay-color":"","overlay-opacity":"","overlay-gradient":""},"mobile":{"background-color":"","background-image":"","background-repeat":"repeat","background-position":"center center","background-size":"auto","background-attachment":"scroll","background-type":"","background-media":"","overlay-type":"","overlay-color":"","overlay-opacity":"","overlay-gradient":""}},"ast-content-background-meta":{"desktop":{"background-color":"var(--ast-global-color-5)","background-image":"","background-repeat":"repeat","background-position":"center center","background-size":"auto","background-attachment":"scroll","background-type":"","background-media":"","overlay-type":"","overlay-color":"","overlay-opacity":"","overlay-gradient":""},"tablet":{"background-color":"var(--ast-global-color-5)","background-image":"","background-repeat":"repeat","background-position":"center center","background-size":"auto","background-attachment":"scroll","background-type":"","background-media":"","overlay-type":"","overlay-color":"","overlay-opacity":"","overlay-gradient":""},"mobile":{"background-color":"var(--ast-global-color-5)","background-image":"","background-repeat":"repeat","background-position":"center center","background-size":"auto","background-attachment":"scroll","background-type":"","background-media":"","overlay-type":"","overlay-color":"","overlay-opacity":"","overlay-gradient":""}},"footnotes":""},"categories":[],"tags":[],"class_list":["post-12558","page","type-page","status-publish","hentry"],"featured_image_urls_v2":{"full":"","thumbnail":"","medium":"","medium_large":"","large":"","1536x1536":"","2048x2048":"","menu-24x24":"","menu-36x36":"","menu-48x48":""},"post_excerpt_stackable_v2":"<p>W jaki spos\u00f3b pracujemy Naszym podstawowym celem jest badanie kondycji ludzkiej w jej najtrudniejszych momentach. Poznajemy \u015bwiat oczami ludzi, kt\u00f3rzy cierpi\u0105. Oznacza to, \u017ce kiedy analizujemy takie do\u015bwiadczenia jak samotno\u015b\u0107, choroba, samob\u00f3jstwo czy niepe\u0142nosprawno\u015b\u0107 \u2013 koncentrujemy si\u0119 przede wszystkim na historii danej osoby. Przy\u015bwiecaj\u0105 nam nast\u0119puj\u0105ce warto\u015bci: Otwarto\u015b\u0107: jeste\u015bmy otwarci na nowe pomys\u0142y \u2013 pochodz\u0105ce zar\u00f3wno od tych, kt\u00f3rych do\u015bwiadczenia chcemy bada\u0107, jak i z rozmaitych \u015brodowisk naukowych, w tym r\u00f3\u017cnych dyscyplin. Chcemy poszerzy\u0107 perspektyw\u0119 naszych dyscyplin, poznaj\u0105c rodzaje cierpienia, z kt\u00f3rymi nie mieli\u015bmy do czynienia w przesz\u0142o\u015bci. Szacunek: zale\u017cy nam na tym, aby nasze dzia\u0142ania by\u0142y odpowiedzialne i przejrzyste.&hellip;<\/p>\n","category_list_v2":"Bez kategorii","author_info_v2":{"name":"wojciechglodek","url":"https:\/\/cirhi.uwr.edu.pl\/pl\/author\/wojciechglodek\/"},"comments_num_v2":"0 comments","acf":[],"yoast_head":"<!-- This site is optimized with the Yoast SEO plugin v27.1.1 - https:\/\/yoast.com\/product\/yoast-seo-wordpress\/ -->\n<title>W jaki spos\u00f3b pracujemy - Centrum Interdyscyplinarnych Bada\u0144 nad Zdrowiem i Chorob\u0105<\/title>\n<meta name=\"description\" content=\"Jeste\u015bmy pierwszym centrum z humanistyki zdrowia w Polsce. Poznajemy \u015bwiat oczami ludzi, kt\u00f3rzy cierpi\u0105.\" \/>\n<meta name=\"robots\" content=\"index, follow, max-snippet:-1, max-image-preview:large, max-video-preview:-1\" \/>\n<link rel=\"canonical\" href=\"https:\/\/cirhi.uwr.edu.pl\/pl\/w-jaki-sposob-pracujemy\/\" \/>\n<meta property=\"og:locale\" content=\"pl_PL\" \/>\n<meta property=\"og:type\" content=\"article\" \/>\n<meta property=\"og:title\" content=\"W jaki spos\u00f3b pracujemy - Centrum Interdyscyplinarnych Bada\u0144 nad Zdrowiem i Chorob\u0105\" \/>\n<meta property=\"og:description\" content=\"Jeste\u015bmy pierwszym centrum z humanistyki zdrowia w Polsce. Poznajemy \u015bwiat oczami ludzi, kt\u00f3rzy cierpi\u0105.\" \/>\n<meta property=\"og:url\" content=\"https:\/\/cirhi.uwr.edu.pl\/pl\/w-jaki-sposob-pracujemy\/\" \/>\n<meta property=\"og:site_name\" content=\"Centrum Interdyscyplinarnych Bada\u0144 nad Zdrowiem i Chorob\u0105\" \/>\n<meta property=\"article:modified_time\" content=\"2022-02-14T06:55:20+00:00\" \/>\n<meta property=\"og:image\" content=\"https:\/\/cirhi.uwr.edu.pl\/wp-content\/uploads\/sites\/15\/2022\/02\/2019_judaistyka_29_Magdalena_Marcula-1024x683.jpg\" \/>\n<meta name=\"twitter:card\" content=\"summary_large_image\" \/>\n<meta name=\"twitter:label1\" content=\"Szacowany czas czytania\" \/>\n\t<meta name=\"twitter:data1\" content=\"3 minuty\" \/>\n<script type=\"application\/ld+json\" class=\"yoast-schema-graph\">{\"@context\":\"https:\/\/schema.org\",\"@graph\":[{\"@type\":\"WebPage\",\"@id\":\"https:\/\/cirhi.uwr.edu.pl\/pl\/w-jaki-sposob-pracujemy\/\",\"url\":\"https:\/\/cirhi.uwr.edu.pl\/pl\/w-jaki-sposob-pracujemy\/\",\"name\":\"W jaki spos\u00f3b pracujemy - Centrum Interdyscyplinarnych Bada\u0144 nad Zdrowiem i Chorob\u0105\",\"isPartOf\":{\"@id\":\"https:\/\/cirhi.uwr.edu.pl\/pl\/#website\"},\"primaryImageOfPage\":{\"@id\":\"https:\/\/cirhi.uwr.edu.pl\/pl\/w-jaki-sposob-pracujemy\/#primaryimage\"},\"image\":{\"@id\":\"https:\/\/cirhi.uwr.edu.pl\/pl\/w-jaki-sposob-pracujemy\/#primaryimage\"},\"thumbnailUrl\":\"https:\/\/cirhi.uwr.edu.pl\/wp-content\/uploads\/sites\/15\/2022\/02\/2019_judaistyka_29_Magdalena_Marcula-1024x683.jpg\",\"datePublished\":\"2022-02-02T19:00:15+00:00\",\"dateModified\":\"2022-02-14T06:55:20+00:00\",\"description\":\"Jeste\u015bmy pierwszym centrum z humanistyki zdrowia w Polsce. Poznajemy \u015bwiat oczami ludzi, kt\u00f3rzy cierpi\u0105.\",\"breadcrumb\":{\"@id\":\"https:\/\/cirhi.uwr.edu.pl\/pl\/w-jaki-sposob-pracujemy\/#breadcrumb\"},\"inLanguage\":\"pl-PL\",\"potentialAction\":[{\"@type\":\"ReadAction\",\"target\":[\"https:\/\/cirhi.uwr.edu.pl\/pl\/w-jaki-sposob-pracujemy\/\"]}]},{\"@type\":\"ImageObject\",\"inLanguage\":\"pl-PL\",\"@id\":\"https:\/\/cirhi.uwr.edu.pl\/pl\/w-jaki-sposob-pracujemy\/#primaryimage\",\"url\":\"https:\/\/cirhi.uwr.edu.pl\/wp-content\/uploads\/sites\/15\/2022\/02\/2019_judaistyka_29_Magdalena_Marcula-1024x683.jpg\",\"contentUrl\":\"https:\/\/cirhi.uwr.edu.pl\/wp-content\/uploads\/sites\/15\/2022\/02\/2019_judaistyka_29_Magdalena_Marcula-1024x683.jpg\"},{\"@type\":\"BreadcrumbList\",\"@id\":\"https:\/\/cirhi.uwr.edu.pl\/pl\/w-jaki-sposob-pracujemy\/#breadcrumb\",\"itemListElement\":[{\"@type\":\"ListItem\",\"position\":1,\"name\":\"Strona g\u0142\u00f3wna\",\"item\":\"https:\/\/cirhi.uwr.edu.pl\/pl\/\"},{\"@type\":\"ListItem\",\"position\":2,\"name\":\"W jaki spos\u00f3b pracujemy\"}]},{\"@type\":\"WebSite\",\"@id\":\"https:\/\/cirhi.uwr.edu.pl\/pl\/#website\",\"url\":\"https:\/\/cirhi.uwr.edu.pl\/pl\/\",\"name\":\"Centrum Interdyscyplinarnych Bada\u0144 nad Zdrowiem i Chorob\u0105\",\"description\":\"Kolejna witryna sieci \u201eUWR Witryny\u201d\",\"publisher\":{\"@id\":\"https:\/\/cirhi.uwr.edu.pl\/pl\/#organization\"},\"potentialAction\":[{\"@type\":\"SearchAction\",\"target\":{\"@type\":\"EntryPoint\",\"urlTemplate\":\"https:\/\/cirhi.uwr.edu.pl\/pl\/?s={search_term_string}\"},\"query-input\":{\"@type\":\"PropertyValueSpecification\",\"valueRequired\":true,\"valueName\":\"search_term_string\"}}],\"inLanguage\":\"pl-PL\"},{\"@type\":\"Organization\",\"@id\":\"https:\/\/cirhi.uwr.edu.pl\/pl\/#organization\",\"name\":\"Centrum Interdyscyplinarnych Bada\u0144 nad Zdrowiem i Chorob\u0105\",\"url\":\"https:\/\/cirhi.uwr.edu.pl\/pl\/\",\"logo\":{\"@type\":\"ImageObject\",\"inLanguage\":\"pl-PL\",\"@id\":\"https:\/\/cirhi.uwr.edu.pl\/pl\/#\/schema\/logo\/image\/\",\"url\":\"https:\/\/cirhi.uwr.edu.pl\/wp-content\/uploads\/sites\/15\/2025\/10\/UWr-logotyp-2025.png\",\"contentUrl\":\"https:\/\/cirhi.uwr.edu.pl\/wp-content\/uploads\/sites\/15\/2025\/10\/UWr-logotyp-2025.png\",\"width\":764,\"height\":269,\"caption\":\"Centrum Interdyscyplinarnych Bada\u0144 nad Zdrowiem i Chorob\u0105\"},\"image\":{\"@id\":\"https:\/\/cirhi.uwr.edu.pl\/pl\/#\/schema\/logo\/image\/\"}}]}<\/script>\n<!-- \/ Yoast SEO plugin. -->","yoast_head_json":{"title":"W jaki spos\u00f3b pracujemy - Centrum Interdyscyplinarnych Bada\u0144 nad Zdrowiem i Chorob\u0105","description":"Jeste\u015bmy pierwszym centrum z humanistyki zdrowia w Polsce. Poznajemy \u015bwiat oczami ludzi, kt\u00f3rzy cierpi\u0105.","robots":{"index":"index","follow":"follow","max-snippet":"max-snippet:-1","max-image-preview":"max-image-preview:large","max-video-preview":"max-video-preview:-1"},"canonical":"https:\/\/cirhi.uwr.edu.pl\/pl\/w-jaki-sposob-pracujemy\/","og_locale":"pl_PL","og_type":"article","og_title":"W jaki spos\u00f3b pracujemy - Centrum Interdyscyplinarnych Bada\u0144 nad Zdrowiem i Chorob\u0105","og_description":"Jeste\u015bmy pierwszym centrum z humanistyki zdrowia w Polsce. Poznajemy \u015bwiat oczami ludzi, kt\u00f3rzy cierpi\u0105.","og_url":"https:\/\/cirhi.uwr.edu.pl\/pl\/w-jaki-sposob-pracujemy\/","og_site_name":"Centrum Interdyscyplinarnych Bada\u0144 nad Zdrowiem i Chorob\u0105","article_modified_time":"2022-02-14T06:55:20+00:00","og_image":[{"url":"https:\/\/cirhi.uwr.edu.pl\/wp-content\/uploads\/sites\/15\/2022\/02\/2019_judaistyka_29_Magdalena_Marcula-1024x683.jpg","type":"","width":"","height":""}],"twitter_card":"summary_large_image","twitter_misc":{"Szacowany czas czytania":"3 minuty"},"schema":{"@context":"https:\/\/schema.org","@graph":[{"@type":"WebPage","@id":"https:\/\/cirhi.uwr.edu.pl\/pl\/w-jaki-sposob-pracujemy\/","url":"https:\/\/cirhi.uwr.edu.pl\/pl\/w-jaki-sposob-pracujemy\/","name":"W jaki spos\u00f3b pracujemy - Centrum Interdyscyplinarnych Bada\u0144 nad Zdrowiem i Chorob\u0105","isPartOf":{"@id":"https:\/\/cirhi.uwr.edu.pl\/pl\/#website"},"primaryImageOfPage":{"@id":"https:\/\/cirhi.uwr.edu.pl\/pl\/w-jaki-sposob-pracujemy\/#primaryimage"},"image":{"@id":"https:\/\/cirhi.uwr.edu.pl\/pl\/w-jaki-sposob-pracujemy\/#primaryimage"},"thumbnailUrl":"https:\/\/cirhi.uwr.edu.pl\/wp-content\/uploads\/sites\/15\/2022\/02\/2019_judaistyka_29_Magdalena_Marcula-1024x683.jpg","datePublished":"2022-02-02T19:00:15+00:00","dateModified":"2022-02-14T06:55:20+00:00","description":"Jeste\u015bmy pierwszym centrum z humanistyki zdrowia w Polsce. Poznajemy \u015bwiat oczami ludzi, kt\u00f3rzy cierpi\u0105.","breadcrumb":{"@id":"https:\/\/cirhi.uwr.edu.pl\/pl\/w-jaki-sposob-pracujemy\/#breadcrumb"},"inLanguage":"pl-PL","potentialAction":[{"@type":"ReadAction","target":["https:\/\/cirhi.uwr.edu.pl\/pl\/w-jaki-sposob-pracujemy\/"]}]},{"@type":"ImageObject","inLanguage":"pl-PL","@id":"https:\/\/cirhi.uwr.edu.pl\/pl\/w-jaki-sposob-pracujemy\/#primaryimage","url":"https:\/\/cirhi.uwr.edu.pl\/wp-content\/uploads\/sites\/15\/2022\/02\/2019_judaistyka_29_Magdalena_Marcula-1024x683.jpg","contentUrl":"https:\/\/cirhi.uwr.edu.pl\/wp-content\/uploads\/sites\/15\/2022\/02\/2019_judaistyka_29_Magdalena_Marcula-1024x683.jpg"},{"@type":"BreadcrumbList","@id":"https:\/\/cirhi.uwr.edu.pl\/pl\/w-jaki-sposob-pracujemy\/#breadcrumb","itemListElement":[{"@type":"ListItem","position":1,"name":"Strona g\u0142\u00f3wna","item":"https:\/\/cirhi.uwr.edu.pl\/pl\/"},{"@type":"ListItem","position":2,"name":"W jaki spos\u00f3b pracujemy"}]},{"@type":"WebSite","@id":"https:\/\/cirhi.uwr.edu.pl\/pl\/#website","url":"https:\/\/cirhi.uwr.edu.pl\/pl\/","name":"Centrum Interdyscyplinarnych Bada\u0144 nad Zdrowiem i Chorob\u0105","description":"Kolejna witryna sieci \u201eUWR Witryny\u201d","publisher":{"@id":"https:\/\/cirhi.uwr.edu.pl\/pl\/#organization"},"potentialAction":[{"@type":"SearchAction","target":{"@type":"EntryPoint","urlTemplate":"https:\/\/cirhi.uwr.edu.pl\/pl\/?s={search_term_string}"},"query-input":{"@type":"PropertyValueSpecification","valueRequired":true,"valueName":"search_term_string"}}],"inLanguage":"pl-PL"},{"@type":"Organization","@id":"https:\/\/cirhi.uwr.edu.pl\/pl\/#organization","name":"Centrum Interdyscyplinarnych Bada\u0144 nad Zdrowiem i Chorob\u0105","url":"https:\/\/cirhi.uwr.edu.pl\/pl\/","logo":{"@type":"ImageObject","inLanguage":"pl-PL","@id":"https:\/\/cirhi.uwr.edu.pl\/pl\/#\/schema\/logo\/image\/","url":"https:\/\/cirhi.uwr.edu.pl\/wp-content\/uploads\/sites\/15\/2025\/10\/UWr-logotyp-2025.png","contentUrl":"https:\/\/cirhi.uwr.edu.pl\/wp-content\/uploads\/sites\/15\/2025\/10\/UWr-logotyp-2025.png","width":764,"height":269,"caption":"Centrum Interdyscyplinarnych Bada\u0144 nad Zdrowiem i Chorob\u0105"},"image":{"@id":"https:\/\/cirhi.uwr.edu.pl\/pl\/#\/schema\/logo\/image\/"}}]}},"publishpress_future_action":{"enabled":false,"date":"2026-04-30 19:19:50","action":"change-status","newStatus":"draft","terms":[],"taxonomy":"category","extraData":[]},"publishpress_future_workflow_manual_trigger":{"enabledWorkflows":[]},"_links":{"self":[{"href":"https:\/\/cirhi.uwr.edu.pl\/pl\/wp-json\/wp\/v2\/pages\/12558\/"}],"collection":[{"href":"https:\/\/cirhi.uwr.edu.pl\/pl\/wp-json\/wp\/v2\/pages\/"}],"about":[{"href":"https:\/\/cirhi.uwr.edu.pl\/pl\/wp-json\/wp\/v2\/types\/page\/"}],"author":[{"embeddable":true,"href":"https:\/\/cirhi.uwr.edu.pl\/pl\/wp-json\/wp\/v2\/users\/52\/"}],"replies":[{"embeddable":true,"href":"https:\/\/cirhi.uwr.edu.pl\/pl\/wp-json\/wp\/v2\/comments\/?post=12558"}],"version-history":[{"count":1,"href":"https:\/\/cirhi.uwr.edu.pl\/pl\/wp-json\/wp\/v2\/pages\/12558\/revisions\/"}],"predecessor-version":[{"id":13802,"href":"https:\/\/cirhi.uwr.edu.pl\/pl\/wp-json\/wp\/v2\/pages\/12558\/revisions\/13802\/"}],"wp:attachment":[{"href":"https:\/\/cirhi.uwr.edu.pl\/pl\/wp-json\/wp\/v2\/media\/?parent=12558"}],"wp:term":[{"taxonomy":"category","embeddable":true,"href":"https:\/\/cirhi.uwr.edu.pl\/pl\/wp-json\/wp\/v2\/categories\/?post=12558"},{"taxonomy":"post_tag","embeddable":true,"href":"https:\/\/cirhi.uwr.edu.pl\/pl\/wp-json\/wp\/v2\/tags\/?post=12558"}],"curies":[{"name":"wp","href":"https:\/\/api.w.org\/{rel}","templated":true}]}}