{"id":12573,"date":"2022-02-02T20:09:12","date_gmt":"2022-02-02T19:09:12","guid":{"rendered":"https:\/\/cirhi.test.uwr.edu.pl\/?page_id=12573"},"modified":"2023-10-31T14:52:47","modified_gmt":"2023-10-31T13:52:47","slug":"nasze-projekty","status":"publish","type":"page","link":"https:\/\/cirhi.uwr.edu.pl\/pl\/nasze-projekty\/","title":{"rendered":"Nasze projekty"},"content":{"rendered":"\n<div class=\"wp-block-ugb-container ugb-container ugb-8dda971 ugb-container--v2 ugb-container--design-plain ugb-main-block\"><div class=\"ugb-inner-block\"><div class=\"ugb-block-content\"><div class=\"ugb-container__wrapper ugb-8dda971-wrapper\"><div class=\"ugb-container__side\"><div class=\"ugb-container__content-wrapper ugb-8dda971-content-wrapper\">\n<div class=\"wp-block-columns bs-news-page is-layout-flex wp-block-columns-is-layout-flex\">\n<div class=\"wp-block-column bs-kontakt-photo is-layout-flow wp-block-column-is-layout-flow\">\n<figure class=\"wp-block-image size-large\"><img loading=\"lazy\" decoding=\"async\" width=\"1024\" height=\"683\" src=\"https:\/\/cirhi.uwr.edu.pl\/wp-content\/uploads\/sites\/15\/2021\/05\/1-16-1024x683.jpg\" alt=\"most\" class=\"wp-image-98\" srcset=\"https:\/\/cirhi.uwr.edu.pl\/wp-content\/uploads\/sites\/15\/2021\/05\/1-16-1024x683.jpg 1024w, https:\/\/cirhi.uwr.edu.pl\/wp-content\/uploads\/sites\/15\/2021\/05\/1-16-300x200.jpg 300w, https:\/\/cirhi.uwr.edu.pl\/wp-content\/uploads\/sites\/15\/2021\/05\/1-16-768x512.jpg 768w, https:\/\/cirhi.uwr.edu.pl\/wp-content\/uploads\/sites\/15\/2021\/05\/1-16-1536x1024.jpg 1536w, https:\/\/cirhi.uwr.edu.pl\/wp-content\/uploads\/sites\/15\/2021\/05\/1-16-2048x1366.jpg 2048w, https:\/\/cirhi.uwr.edu.pl\/wp-content\/uploads\/sites\/15\/2021\/05\/1-16-1320x880.jpg 1320w, https:\/\/cirhi.uwr.edu.pl\/wp-content\/uploads\/sites\/15\/2021\/05\/1-16-24x16.jpg 24w, https:\/\/cirhi.uwr.edu.pl\/wp-content\/uploads\/sites\/15\/2021\/05\/1-16-36x24.jpg 36w, https:\/\/cirhi.uwr.edu.pl\/wp-content\/uploads\/sites\/15\/2021\/05\/1-16-48x32.jpg 48w\" sizes=\"auto, (max-width: 1024px) 100vw, 1024px\" \/><\/figure>\n<\/div>\n\n\n\n<div class=\"wp-block-column bs-contact-right-column is-layout-flow wp-block-column-is-layout-flow\">\n<div class=\"wp-block-bonasoft-modular-breadcrumbs-block\"><div class=\"bs_add_breadcrumb_trail\"><\/div><\/div>\n\n\n\n<hr class=\"wp-block-separator has-text-color has-black-color has-css-opacity has-black-background-color has-background is-style-wide bs-border-kontakt\"\/>\n\n\n\n<h1 class=\"wp-block-heading bs-naglowek-podstrony\" id=\"nasze-projekty\"><strong>Nasze projekty<\/strong><\/h1>\n\n\n\n<p>To, co robimy lub planujemy zrobi\u0107 w najbli\u017cszej przysz\u0142o\u015bci:<\/p>\n\n\n\n<p>1. <strong>Samotno\u015b\u0107. <\/strong>Chcemy rozpocz\u0105\u0107 badania nad wchodzeniem i wychodzeniem z samotno\u015bci (np. w przypadku lockdownu lub kwarantanny). Interesuje nas, co si\u0119 dzieje, gdy znajdujemy si\u0119 w przymusowym odosobnieniu\/samotno\u015bci i co robimy, gdy wiemy, \u017ce nasza samotno\u015b\u0107 dobiega ko\u0144ca. <\/p>\n\n\n\n<p>2. <strong>Niepe\u0142nosprawno\u015b\u0107 a samob\u00f3jstwo.<\/strong> Poszukujemy uczestnik\u00f3w bada\u0144 do projektu o relacji mi\u0119dzy niepe\u0142nosprawno\u015bci\u0105 a samob\u00f3jstwem. Interesuje nas niepe\u0142nosprawno\u015b\u0107 jako potencjalne \u017ar\u00f3d\u0142o my\u015bli czy zamiar\u00f3w samob\u00f3jczych oraz niepe\u0142nosprawno\u015b\u0107 w wyniku pr\u00f3by samob\u00f3jczej. Tym projektem zajmuj\u0105 si\u0119 Justyna Zi\u00f3\u0142kowska i Dariusz Galasi\u0144ski.<\/p>\n<\/div>\n<\/div>\n\n\n\n<div class=\"wp-block-ugb-container ugb-container bs-news-page-under ugb-f8694ce ugb-container--v2 ugb-container--design-plain ugb-main-block\"><div class=\"ugb-inner-block\"><div class=\"ugb-block-content\"><div class=\"ugb-container__wrapper ugb-f8694ce-wrapper\"><div class=\"ugb-container__side\"><div class=\"ugb-container__content-wrapper ugb-f8694ce-content-wrapper\">\n<p>3. <strong>Migracja i niepe\u0142nosprawno\u015b\u0107.<\/strong> Zajmujemy si\u0119 badaniem grup marginalizowanych i wykluczonych spo\u0142ecznie. Eva Duda otrzyma\u0142a fundusze w ramach konkursu SONATA-18 Narodowego Centrum Nauki i obecnie pe\u0142ni rol\u0119 kierownika oraz prowadzi projekt badawczy zatytu\u0142owany: Intersekcjonalno\u015b\u0107 migracji i niepe\u0142nosprawno\u015bci we wsp\u00f3\u0142czesnej Polsce (Umowa nr UMO-2022\/47\/D\/HS6\/00519).&nbsp;<\/p>\n\n\n\n<p>4. <strong>D\u0142ugi covid, post-covid i nast\u0119pstwa pandemii.<\/strong>  Nadchodz\u0105cy projekt podoktorski &#8222;Contested Conditions in the Wake of Covid-19&#8221; (finansowany w ramach programu Horyzont Europa, MSCA Actions, ERA Fellowship, 2024-2026) jest prowadzony przez Katj\u0119 Herges. Projekt dotyczy praktyk medialnych i polityki chorobowej wobec stygmatyzowanych i zaniedbywanych schorze\u0144 w nast\u0119pstwie pandemii (d\u0142ugi COVID i ME\/CFS). Poprzez dok\u0142adne zbadanie autobiograficznych form zwi\u0105zanych z tymi schorzeniami, projekt ma na celu przeanalizowanie przeoczonych relacji pomi\u0119dzy autobiografi\u0105, (cyfrowymi) mediami i polityk\u0105 choroby. W po\u0142\u0105czeniu z innowacyjnym podej\u015bciem do zaanga\u017cowania publicznego, stara si\u0119 wp\u0142yn\u0105\u0107 na kulturowe uprzedzenia wobec niewyja\u015bnionych (powirusowych) chor\u00f3b. <\/p>\n\n\n\n<p>5. <strong>Samotno\u015b\u0107 polarnik\u00f3w. <\/strong>Rozpocz\u0119li\u015bmy projekt o samotno\u015bci w wyprawach polarnych we wsp\u00f3\u0142pracy z Konradem Opali\u0144ski z Uniwersytetu Zielonog\u00f3rskiego, kt\u00f3ry przeprowadzi\u0142 wywiady z badaczami polarnymi na Svalbardzie.<\/p>\n\n\n\n<p>6. <strong>Reprezentacje samotno\u015bci w polskich mediach.<\/strong> Magdalena Witkowicz i Iga P\u0119kala zbada\u0142y obrazy intymno\u015bci i izolacji spo\u0142ecznej w filmach o polskiej m\u0142odzie\u017cy. Samuel Maruszewski analizuje obecnie reprezentacje samotno\u015bci z perspektywy gender w serialu dokumentalnym &#8222;Ch\u0142opaki do wzi\u0119cia&#8221;.<\/p>\n\n\n\n<p>7. <strong>Kryzys a dobrostan<\/strong>. Interesuj\u0105 nas zale\u017cno\u015bci pomi\u0119dzy europejskim kryzysem energetycznym, kt\u00f3ry rozpocz\u0105\u0142 si\u0119 w lutym 2022 r., a zdrowiem i dobrostanem. Paul Mokrzycki bada zwi\u0105zek pomi\u0119dzy dost\u0119pem do energii w gospodarstwie domowym a biopsychospo\u0142ecznymi czynnikami i procesami zwi\u0105zanymi z poczuciem przynale\u017cno\u015bci b\u0105d\u017a marginalizacj\u0105 spo\u0142eczn\u0105, takimi jak: samotno\u015b\u0107, stan zdrowia, postrzegany wiek i poziom wsparcia spo\u0142ecznego.<\/p>\n\n\n\n<p>8. <strong>\u015amier\u0107 i \u015brodowisko.<\/strong> Zamierzamy ponownie przeanalizowa\u0107 zwi\u0105zek Powodzi Tysi\u0105clecia z 1997 roku ze \u015bmiertelno\u015bci\u0105 os\u00f3b mieszkaj\u0105cych we Wroc\u0142awiu. Korzystaj\u0105c z r\u00f3\u017cnorodnych danych, Paul Mokrzycki zbada rzeczywiste konsekwencje najwi\u0119kszej powodzi w Polsce.<\/p>\n\n\n\n<p>9. <strong>\u015amier\u0107 i umieranie.<\/strong> Rozpocz\u0119li\u015bmy szereg projekt\u00f3w o \u015bmierci i umieraniu. Cz\u0119\u015b\u0107 z nich powstaje w zwi\u0105zku z ksi\u0105\u017ck\u0105 \u201eHandbook of Language of Death and Dying\u201d, pod redakcj\u0105 Justyny Zi\u00f3\u0142kowskiej i Dariusza Galasi\u0144skiego, kt\u00f3ra b\u0119dzie wydana przez Bloomsbury. Projekty te dotycz\u0105:<\/p>\n\n\n\n<p>\u2022 <strong>VSED<\/strong> (Voluntary Stopping Eating and Drinking \u2013 dobrowolne zaprzestanie jedzenia i picia). Cz\u0119\u015bci\u0105 tego projektu jest doktorat przygotowywany przez Paulin\u0119 Grzybek;<\/p>\n\n\n\n<p>\u2022 <strong>nekrologi COVID-19<\/strong> \u2013 analiza opublikowanych online wspomnie\u0144 po osobach, kt\u00f3re zmar\u0142y na COVID-19 (w tym projekcie uczestniczy Magdalena Witkowicz)<\/p>\n\n\n\n<p>10. <strong>Absencja w depresji.<\/strong> Projekt doktorski Magdaleny Witkowicz o depresji i pracy, w kt\u00f3rym zajmujemy si\u0119 absencj\u0105 chorobow\u0105. W celu realizacji bada\u0144 szukamy os\u00f3b, kt\u00f3re przebywa\u0142y na d\u0142ugim zwolnieniu lekarskim z powodu depresji.<\/p>\n\n\n\n<p>11. <strong>Publikacje.<\/strong> Pracujemy nad publikacjami wynikaj\u0105cymi z pracy nad aktualnymi lub poprzednimi projektami. Dotycz\u0105 one mi\u0119dzy innymi:<\/p>\n\n\n\n<p>\u2022 m\u0119sko\u015bci i choroby;<\/p>\n\n\n\n<p>\u2022 po\u017cegnalnych list\u00f3w samob\u00f3jczych adresowanych do dzieci;<\/p>\n\n\n\n<p>\u2022 do\u015bwiadczenia dotyku w p\u0119cherzowym oddzielaniu si\u0119 nask\u00f3rka.<\/p>\n<\/div><\/div><\/div><\/div><\/div><\/div>\n<\/div><\/div><\/div><\/div><\/div><\/div>\n","protected":false},"excerpt":{"rendered":"<p>Nasze projekty To, co robimy lub planujemy zrobi\u0107 w najbli\u017cszej przysz\u0142o\u015bci: 1. Samotno\u015b\u0107. Chcemy rozpocz\u0105\u0107 badania nad wchodzeniem i wychodzeniem z samotno\u015bci (np. w przypadku lockdownu lub kwarantanny). Interesuje nas, co si\u0119 dzieje, gdy znajdujemy si\u0119 w przymusowym odosobnieniu\/samotno\u015bci i co robimy, gdy wiemy, \u017ce nasza samotno\u015b\u0107 dobiega ko\u0144ca. 2. Niepe\u0142nosprawno\u015b\u0107 a samob\u00f3jstwo. Poszukujemy uczestnik\u00f3w [&hellip;]<\/p>\n","protected":false},"author":52,"featured_media":0,"parent":0,"menu_order":0,"comment_status":"closed","ping_status":"closed","template":"","meta":{"_acf_changed":false,"inline_featured_image":false,"site-sidebar-layout":"default","site-content-layout":"","ast-site-content-layout":"default","site-content-style":"default","site-sidebar-style":"default","ast-global-header-display":"","ast-banner-title-visibility":"","ast-main-header-display":"","ast-hfb-above-header-display":"","ast-hfb-below-header-display":"","ast-hfb-mobile-header-display":"","site-post-title":"","ast-breadcrumbs-content":"","ast-featured-img":"","footer-sml-layout":"","ast-disable-related-posts":"","theme-transparent-header-meta":"","adv-header-id-meta":"","stick-header-meta":"","header-above-stick-meta":"","header-main-stick-meta":"","header-below-stick-meta":"","astra-migrate-meta-layouts":"default","ast-page-background-enabled":"default","ast-page-background-meta":{"desktop":{"background-color":"","background-image":"","background-repeat":"repeat","background-position":"center center","background-size":"auto","background-attachment":"scroll","background-type":"","background-media":"","overlay-type":"","overlay-color":"","overlay-opacity":"","overlay-gradient":""},"tablet":{"background-color":"","background-image":"","background-repeat":"repeat","background-position":"center center","background-size":"auto","background-attachment":"scroll","background-type":"","background-media":"","overlay-type":"","overlay-color":"","overlay-opacity":"","overlay-gradient":""},"mobile":{"background-color":"","background-image":"","background-repeat":"repeat","background-position":"center center","background-size":"auto","background-attachment":"scroll","background-type":"","background-media":"","overlay-type":"","overlay-color":"","overlay-opacity":"","overlay-gradient":""}},"ast-content-background-meta":{"desktop":{"background-color":"var(--ast-global-color-5)","background-image":"","background-repeat":"repeat","background-position":"center center","background-size":"auto","background-attachment":"scroll","background-type":"","background-media":"","overlay-type":"","overlay-color":"","overlay-opacity":"","overlay-gradient":""},"tablet":{"background-color":"var(--ast-global-color-5)","background-image":"","background-repeat":"repeat","background-position":"center center","background-size":"auto","background-attachment":"scroll","background-type":"","background-media":"","overlay-type":"","overlay-color":"","overlay-opacity":"","overlay-gradient":""},"mobile":{"background-color":"var(--ast-global-color-5)","background-image":"","background-repeat":"repeat","background-position":"center center","background-size":"auto","background-attachment":"scroll","background-type":"","background-media":"","overlay-type":"","overlay-color":"","overlay-opacity":"","overlay-gradient":""}},"footnotes":""},"categories":[],"tags":[],"class_list":["post-12573","page","type-page","status-publish","hentry"],"featured_image_urls_v2":{"full":"","thumbnail":"","medium":"","medium_large":"","large":"","1536x1536":"","2048x2048":"","menu-24x24":"","menu-36x36":"","menu-48x48":""},"post_excerpt_stackable_v2":"<p>Nasze projekty To, co robimy lub planujemy zrobi\u0107 w najbli\u017cszej przysz\u0142o\u015bci: 1. Samotno\u015b\u0107. Chcemy rozpocz\u0105\u0107 badania nad wchodzeniem i wychodzeniem z samotno\u015bci (np. w przypadku lockdownu lub kwarantanny). Interesuje nas, co si\u0119 dzieje, gdy znajdujemy si\u0119 w przymusowym odosobnieniu\/samotno\u015bci i co robimy, gdy wiemy, \u017ce nasza samotno\u015b\u0107 dobiega ko\u0144ca. 2. Niepe\u0142nosprawno\u015b\u0107 a samob\u00f3jstwo. Poszukujemy uczestnik\u00f3w bada\u0144 do projektu o relacji mi\u0119dzy niepe\u0142nosprawno\u015bci\u0105 a samob\u00f3jstwem. Interesuje nas niepe\u0142nosprawno\u015b\u0107 jako potencjalne \u017ar\u00f3d\u0142o my\u015bli czy zamiar\u00f3w samob\u00f3jczych oraz niepe\u0142nosprawno\u015b\u0107 w wyniku pr\u00f3by samob\u00f3jczej. Tym projektem zajmuj\u0105 si\u0119 Justyna Zi\u00f3\u0142kowska i Dariusz Galasi\u0144ski. 3. Migracja i niepe\u0142nosprawno\u015b\u0107. Zajmujemy si\u0119 badaniem grup marginalizowanych i wykluczonych&hellip;<\/p>\n","category_list_v2":"Bez kategorii","author_info_v2":{"name":"wojciechglodek","url":"https:\/\/cirhi.uwr.edu.pl\/pl\/author\/wojciechglodek\/"},"comments_num_v2":"0 comments","acf":[],"yoast_head":"<!-- This site is optimized with the Yoast SEO plugin v27.1.1 - https:\/\/yoast.com\/product\/yoast-seo-wordpress\/ -->\n<title>Nasze projekty - Centrum Interdyscyplinarnych Bada\u0144 nad Zdrowiem i Chorob\u0105<\/title>\n<meta name=\"description\" content=\"Jeste\u015bmy pierwszym centrum z humanistyki zdrowia w Polsce. Poznajemy \u015bwiat oczami ludzi, kt\u00f3rzy cierpi\u0105.\" \/>\n<meta name=\"robots\" content=\"index, follow, max-snippet:-1, max-image-preview:large, max-video-preview:-1\" \/>\n<link rel=\"canonical\" href=\"https:\/\/cirhi.uwr.edu.pl\/pl\/nasze-projekty\/\" \/>\n<meta property=\"og:locale\" content=\"pl_PL\" \/>\n<meta property=\"og:type\" content=\"article\" \/>\n<meta property=\"og:title\" content=\"Nasze projekty - Centrum Interdyscyplinarnych Bada\u0144 nad Zdrowiem i Chorob\u0105\" \/>\n<meta property=\"og:description\" content=\"Jeste\u015bmy pierwszym centrum z humanistyki zdrowia w Polsce. Poznajemy \u015bwiat oczami ludzi, kt\u00f3rzy cierpi\u0105.\" \/>\n<meta property=\"og:url\" content=\"https:\/\/cirhi.uwr.edu.pl\/pl\/nasze-projekty\/\" \/>\n<meta property=\"og:site_name\" content=\"Centrum Interdyscyplinarnych Bada\u0144 nad Zdrowiem i Chorob\u0105\" \/>\n<meta property=\"article:modified_time\" content=\"2023-10-31T13:52:47+00:00\" \/>\n<meta property=\"og:image\" content=\"https:\/\/cirhi.uwr.edu.pl\/wp-content\/uploads\/sites\/15\/2021\/05\/1-16-1024x683.jpg\" \/>\n<meta name=\"twitter:card\" content=\"summary_large_image\" \/>\n<meta name=\"twitter:label1\" content=\"Szacowany czas czytania\" \/>\n\t<meta name=\"twitter:data1\" content=\"4 minuty\" \/>\n<script type=\"application\/ld+json\" class=\"yoast-schema-graph\">{\"@context\":\"https:\/\/schema.org\",\"@graph\":[{\"@type\":\"WebPage\",\"@id\":\"https:\/\/cirhi.uwr.edu.pl\/pl\/nasze-projekty\/\",\"url\":\"https:\/\/cirhi.uwr.edu.pl\/pl\/nasze-projekty\/\",\"name\":\"Nasze projekty - Centrum Interdyscyplinarnych Bada\u0144 nad Zdrowiem i Chorob\u0105\",\"isPartOf\":{\"@id\":\"https:\/\/cirhi.uwr.edu.pl\/pl\/#website\"},\"primaryImageOfPage\":{\"@id\":\"https:\/\/cirhi.uwr.edu.pl\/pl\/nasze-projekty\/#primaryimage\"},\"image\":{\"@id\":\"https:\/\/cirhi.uwr.edu.pl\/pl\/nasze-projekty\/#primaryimage\"},\"thumbnailUrl\":\"https:\/\/cirhi.uwr.edu.pl\/wp-content\/uploads\/sites\/15\/2021\/05\/1-16-1024x683.jpg\",\"datePublished\":\"2022-02-02T19:09:12+00:00\",\"dateModified\":\"2023-10-31T13:52:47+00:00\",\"description\":\"Jeste\u015bmy pierwszym centrum z humanistyki zdrowia w Polsce. Poznajemy \u015bwiat oczami ludzi, kt\u00f3rzy cierpi\u0105.\",\"breadcrumb\":{\"@id\":\"https:\/\/cirhi.uwr.edu.pl\/pl\/nasze-projekty\/#breadcrumb\"},\"inLanguage\":\"pl-PL\",\"potentialAction\":[{\"@type\":\"ReadAction\",\"target\":[\"https:\/\/cirhi.uwr.edu.pl\/pl\/nasze-projekty\/\"]}]},{\"@type\":\"ImageObject\",\"inLanguage\":\"pl-PL\",\"@id\":\"https:\/\/cirhi.uwr.edu.pl\/pl\/nasze-projekty\/#primaryimage\",\"url\":\"https:\/\/cirhi.uwr.edu.pl\/wp-content\/uploads\/sites\/15\/2021\/05\/1-16-1024x683.jpg\",\"contentUrl\":\"https:\/\/cirhi.uwr.edu.pl\/wp-content\/uploads\/sites\/15\/2021\/05\/1-16-1024x683.jpg\"},{\"@type\":\"BreadcrumbList\",\"@id\":\"https:\/\/cirhi.uwr.edu.pl\/pl\/nasze-projekty\/#breadcrumb\",\"itemListElement\":[{\"@type\":\"ListItem\",\"position\":1,\"name\":\"Strona g\u0142\u00f3wna\",\"item\":\"https:\/\/cirhi.uwr.edu.pl\/pl\/\"},{\"@type\":\"ListItem\",\"position\":2,\"name\":\"Nasze projekty\"}]},{\"@type\":\"WebSite\",\"@id\":\"https:\/\/cirhi.uwr.edu.pl\/pl\/#website\",\"url\":\"https:\/\/cirhi.uwr.edu.pl\/pl\/\",\"name\":\"Centrum Interdyscyplinarnych Bada\u0144 nad Zdrowiem i Chorob\u0105\",\"description\":\"Kolejna witryna sieci \u201eUWR Witryny\u201d\",\"publisher\":{\"@id\":\"https:\/\/cirhi.uwr.edu.pl\/pl\/#organization\"},\"potentialAction\":[{\"@type\":\"SearchAction\",\"target\":{\"@type\":\"EntryPoint\",\"urlTemplate\":\"https:\/\/cirhi.uwr.edu.pl\/pl\/?s={search_term_string}\"},\"query-input\":{\"@type\":\"PropertyValueSpecification\",\"valueRequired\":true,\"valueName\":\"search_term_string\"}}],\"inLanguage\":\"pl-PL\"},{\"@type\":\"Organization\",\"@id\":\"https:\/\/cirhi.uwr.edu.pl\/pl\/#organization\",\"name\":\"Centrum Interdyscyplinarnych Bada\u0144 nad Zdrowiem i Chorob\u0105\",\"url\":\"https:\/\/cirhi.uwr.edu.pl\/pl\/\",\"logo\":{\"@type\":\"ImageObject\",\"inLanguage\":\"pl-PL\",\"@id\":\"https:\/\/cirhi.uwr.edu.pl\/pl\/#\/schema\/logo\/image\/\",\"url\":\"https:\/\/cirhi.uwr.edu.pl\/wp-content\/uploads\/sites\/15\/2025\/10\/UWr-logotyp-2025.png\",\"contentUrl\":\"https:\/\/cirhi.uwr.edu.pl\/wp-content\/uploads\/sites\/15\/2025\/10\/UWr-logotyp-2025.png\",\"width\":764,\"height\":269,\"caption\":\"Centrum Interdyscyplinarnych Bada\u0144 nad Zdrowiem i Chorob\u0105\"},\"image\":{\"@id\":\"https:\/\/cirhi.uwr.edu.pl\/pl\/#\/schema\/logo\/image\/\"}}]}<\/script>\n<!-- \/ Yoast SEO plugin. -->","yoast_head_json":{"title":"Nasze projekty - Centrum Interdyscyplinarnych Bada\u0144 nad Zdrowiem i Chorob\u0105","description":"Jeste\u015bmy pierwszym centrum z humanistyki zdrowia w Polsce. Poznajemy \u015bwiat oczami ludzi, kt\u00f3rzy cierpi\u0105.","robots":{"index":"index","follow":"follow","max-snippet":"max-snippet:-1","max-image-preview":"max-image-preview:large","max-video-preview":"max-video-preview:-1"},"canonical":"https:\/\/cirhi.uwr.edu.pl\/pl\/nasze-projekty\/","og_locale":"pl_PL","og_type":"article","og_title":"Nasze projekty - Centrum Interdyscyplinarnych Bada\u0144 nad Zdrowiem i Chorob\u0105","og_description":"Jeste\u015bmy pierwszym centrum z humanistyki zdrowia w Polsce. Poznajemy \u015bwiat oczami ludzi, kt\u00f3rzy cierpi\u0105.","og_url":"https:\/\/cirhi.uwr.edu.pl\/pl\/nasze-projekty\/","og_site_name":"Centrum Interdyscyplinarnych Bada\u0144 nad Zdrowiem i Chorob\u0105","article_modified_time":"2023-10-31T13:52:47+00:00","og_image":[{"url":"https:\/\/cirhi.uwr.edu.pl\/wp-content\/uploads\/sites\/15\/2021\/05\/1-16-1024x683.jpg","type":"","width":"","height":""}],"twitter_card":"summary_large_image","twitter_misc":{"Szacowany czas czytania":"4 minuty"},"schema":{"@context":"https:\/\/schema.org","@graph":[{"@type":"WebPage","@id":"https:\/\/cirhi.uwr.edu.pl\/pl\/nasze-projekty\/","url":"https:\/\/cirhi.uwr.edu.pl\/pl\/nasze-projekty\/","name":"Nasze projekty - Centrum Interdyscyplinarnych Bada\u0144 nad Zdrowiem i Chorob\u0105","isPartOf":{"@id":"https:\/\/cirhi.uwr.edu.pl\/pl\/#website"},"primaryImageOfPage":{"@id":"https:\/\/cirhi.uwr.edu.pl\/pl\/nasze-projekty\/#primaryimage"},"image":{"@id":"https:\/\/cirhi.uwr.edu.pl\/pl\/nasze-projekty\/#primaryimage"},"thumbnailUrl":"https:\/\/cirhi.uwr.edu.pl\/wp-content\/uploads\/sites\/15\/2021\/05\/1-16-1024x683.jpg","datePublished":"2022-02-02T19:09:12+00:00","dateModified":"2023-10-31T13:52:47+00:00","description":"Jeste\u015bmy pierwszym centrum z humanistyki zdrowia w Polsce. Poznajemy \u015bwiat oczami ludzi, kt\u00f3rzy cierpi\u0105.","breadcrumb":{"@id":"https:\/\/cirhi.uwr.edu.pl\/pl\/nasze-projekty\/#breadcrumb"},"inLanguage":"pl-PL","potentialAction":[{"@type":"ReadAction","target":["https:\/\/cirhi.uwr.edu.pl\/pl\/nasze-projekty\/"]}]},{"@type":"ImageObject","inLanguage":"pl-PL","@id":"https:\/\/cirhi.uwr.edu.pl\/pl\/nasze-projekty\/#primaryimage","url":"https:\/\/cirhi.uwr.edu.pl\/wp-content\/uploads\/sites\/15\/2021\/05\/1-16-1024x683.jpg","contentUrl":"https:\/\/cirhi.uwr.edu.pl\/wp-content\/uploads\/sites\/15\/2021\/05\/1-16-1024x683.jpg"},{"@type":"BreadcrumbList","@id":"https:\/\/cirhi.uwr.edu.pl\/pl\/nasze-projekty\/#breadcrumb","itemListElement":[{"@type":"ListItem","position":1,"name":"Strona g\u0142\u00f3wna","item":"https:\/\/cirhi.uwr.edu.pl\/pl\/"},{"@type":"ListItem","position":2,"name":"Nasze projekty"}]},{"@type":"WebSite","@id":"https:\/\/cirhi.uwr.edu.pl\/pl\/#website","url":"https:\/\/cirhi.uwr.edu.pl\/pl\/","name":"Centrum Interdyscyplinarnych Bada\u0144 nad Zdrowiem i Chorob\u0105","description":"Kolejna witryna sieci \u201eUWR Witryny\u201d","publisher":{"@id":"https:\/\/cirhi.uwr.edu.pl\/pl\/#organization"},"potentialAction":[{"@type":"SearchAction","target":{"@type":"EntryPoint","urlTemplate":"https:\/\/cirhi.uwr.edu.pl\/pl\/?s={search_term_string}"},"query-input":{"@type":"PropertyValueSpecification","valueRequired":true,"valueName":"search_term_string"}}],"inLanguage":"pl-PL"},{"@type":"Organization","@id":"https:\/\/cirhi.uwr.edu.pl\/pl\/#organization","name":"Centrum Interdyscyplinarnych Bada\u0144 nad Zdrowiem i Chorob\u0105","url":"https:\/\/cirhi.uwr.edu.pl\/pl\/","logo":{"@type":"ImageObject","inLanguage":"pl-PL","@id":"https:\/\/cirhi.uwr.edu.pl\/pl\/#\/schema\/logo\/image\/","url":"https:\/\/cirhi.uwr.edu.pl\/wp-content\/uploads\/sites\/15\/2025\/10\/UWr-logotyp-2025.png","contentUrl":"https:\/\/cirhi.uwr.edu.pl\/wp-content\/uploads\/sites\/15\/2025\/10\/UWr-logotyp-2025.png","width":764,"height":269,"caption":"Centrum Interdyscyplinarnych Bada\u0144 nad Zdrowiem i Chorob\u0105"},"image":{"@id":"https:\/\/cirhi.uwr.edu.pl\/pl\/#\/schema\/logo\/image\/"}}]}},"publishpress_future_action":{"enabled":false,"date":"2026-04-30 16:07:20","action":"change-status","newStatus":"draft","terms":[],"taxonomy":"category","extraData":[]},"publishpress_future_workflow_manual_trigger":{"enabledWorkflows":[]},"_links":{"self":[{"href":"https:\/\/cirhi.uwr.edu.pl\/pl\/wp-json\/wp\/v2\/pages\/12573\/"}],"collection":[{"href":"https:\/\/cirhi.uwr.edu.pl\/pl\/wp-json\/wp\/v2\/pages\/"}],"about":[{"href":"https:\/\/cirhi.uwr.edu.pl\/pl\/wp-json\/wp\/v2\/types\/page\/"}],"author":[{"embeddable":true,"href":"https:\/\/cirhi.uwr.edu.pl\/pl\/wp-json\/wp\/v2\/users\/52\/"}],"replies":[{"embeddable":true,"href":"https:\/\/cirhi.uwr.edu.pl\/pl\/wp-json\/wp\/v2\/comments\/?post=12573"}],"version-history":[{"count":6,"href":"https:\/\/cirhi.uwr.edu.pl\/pl\/wp-json\/wp\/v2\/pages\/12573\/revisions\/"}],"predecessor-version":[{"id":16410,"href":"https:\/\/cirhi.uwr.edu.pl\/pl\/wp-json\/wp\/v2\/pages\/12573\/revisions\/16410\/"}],"wp:attachment":[{"href":"https:\/\/cirhi.uwr.edu.pl\/pl\/wp-json\/wp\/v2\/media\/?parent=12573"}],"wp:term":[{"taxonomy":"category","embeddable":true,"href":"https:\/\/cirhi.uwr.edu.pl\/pl\/wp-json\/wp\/v2\/categories\/?post=12573"},{"taxonomy":"post_tag","embeddable":true,"href":"https:\/\/cirhi.uwr.edu.pl\/pl\/wp-json\/wp\/v2\/tags\/?post=12573"}],"curies":[{"name":"wp","href":"https:\/\/api.w.org\/{rel}","templated":true}]}}