{"id":12773,"date":"2022-02-03T20:14:51","date_gmt":"2022-02-03T19:14:51","guid":{"rendered":"https:\/\/cirhi.test.uwr.edu.pl\/?page_id=12773"},"modified":"2022-10-19T13:47:26","modified_gmt":"2022-10-19T11:47:26","slug":"dariusz-galasinski","status":"publish","type":"page","link":"https:\/\/cirhi.uwr.edu.pl\/pl\/zespol\/dariusz-galasinski\/","title":{"rendered":"prof. Dariusz Galasi\u0144ski"},"content":{"rendered":"\n<div class=\"wp-block-ugb-container ugb-container ugb-8dda971 ugb-container--v2 ugb-container--design-plain ugb-main-block\"><div class=\"ugb-inner-block\"><div class=\"ugb-block-content\"><div class=\"ugb-container__wrapper ugb-8dda971-wrapper\"><div class=\"ugb-container__side\"><div class=\"ugb-container__content-wrapper ugb-8dda971-content-wrapper\">\n<div class=\"wp-block-columns bs-news-page is-layout-flex wp-block-columns-is-layout-flex\">\n<div class=\"wp-block-column bs-kontakt-photo is-layout-flow wp-block-column-is-layout-flow\">\n<figure class=\"wp-block-image size-large\"><img loading=\"lazy\" decoding=\"async\" width=\"1024\" height=\"678\" src=\"https:\/\/cirhi.uwr.edu.pl\/wp-content\/uploads\/sites\/15\/2022\/02\/Nazwa-Dokumentu-1_36-1024x678.jpg\" alt=\"Profesor Dariusz Galasi\u0144ski\" class=\"wp-image-13936\" srcset=\"https:\/\/cirhi.uwr.edu.pl\/wp-content\/uploads\/sites\/15\/2022\/02\/Nazwa-Dokumentu-1_36-1024x678.jpg 1024w, https:\/\/cirhi.uwr.edu.pl\/wp-content\/uploads\/sites\/15\/2022\/02\/Nazwa-Dokumentu-1_36-300x199.jpg 300w, https:\/\/cirhi.uwr.edu.pl\/wp-content\/uploads\/sites\/15\/2022\/02\/Nazwa-Dokumentu-1_36-768x509.jpg 768w, https:\/\/cirhi.uwr.edu.pl\/wp-content\/uploads\/sites\/15\/2022\/02\/Nazwa-Dokumentu-1_36-1536x1017.jpg 1536w, https:\/\/cirhi.uwr.edu.pl\/wp-content\/uploads\/sites\/15\/2022\/02\/Nazwa-Dokumentu-1_36-2048x1356.jpg 2048w, https:\/\/cirhi.uwr.edu.pl\/wp-content\/uploads\/sites\/15\/2022\/02\/Nazwa-Dokumentu-1_36-1320x874.jpg 1320w, https:\/\/cirhi.uwr.edu.pl\/wp-content\/uploads\/sites\/15\/2022\/02\/Nazwa-Dokumentu-1_36-24x16.jpg 24w, https:\/\/cirhi.uwr.edu.pl\/wp-content\/uploads\/sites\/15\/2022\/02\/Nazwa-Dokumentu-1_36-36x24.jpg 36w, https:\/\/cirhi.uwr.edu.pl\/wp-content\/uploads\/sites\/15\/2022\/02\/Nazwa-Dokumentu-1_36-48x32.jpg 48w\" sizes=\"auto, (max-width: 1024px) 100vw, 1024px\" \/><\/figure>\n<\/div>\n\n\n\n<div class=\"wp-block-column bs-contact-right-column is-layout-flow wp-block-column-is-layout-flow\">\n<div class=\"wp-block-bonasoft-modular-breadcrumbs-block\"><div class=\"bs_add_breadcrumb_trail\"><\/div><\/div>\n\n\n\n<hr class=\"wp-block-separator has-text-color has-background has-black-background-color has-black-color is-style-wide bs-border-kontakt\"\/>\n\n\n\n<h1 class=\"bs-naglowek-podstrony wp-block-heading\" id=\"dariusz-galasinski\"><strong>Dariusz Galasi\u0144ski<\/strong><\/h1>\n\n\n\n<p>Zajmuj\u0119 si\u0119 analiz\u0105 dyskursu. Oznacza to dla mnie, \u017ce interesuje mnie to, jak ludzie dyskursywnie konstruuj\u0105 swe do\u015bwiadczenia. Zwracam szczeg\u00f3ln\u0105 uwag\u0119 na formy j\u0119zykowe, kt\u00f3rych u\u017cywaj\u0105. <a href=\"https:\/\/dariuszgalasinski.com\/manifesto\/\">Moje badania<\/a> znajduj\u0105 si\u0119 na granicy dwu dyscyplin: lingwistyki i psychologii. Bada\u0142em, jak si\u0119 ludzie chwal\u0105, konstruuj\u0105 swe to\u017csamo\u015bci czy opowiadaj\u0105 o swoich emocjach. Ostatnio szczeg\u00f3lnie interesowa\u0142o mnie do\u015bwiadczenie choroby psychicznej i opowie\u015bci o samob\u00f3jstwie.<\/p>\n\n\n\n<p>Patrz\u0119 na choroby psychiczne przez narracje osoby chorej. Przyjmuj\u0119 perspektyw\u0119 jako\u015bciow\u0105, bottom-up, skupiaj\u0105c si\u0119 na historiach cierpienia. Interesowa\u0142y mnie szczeg\u00f3lnie opowie\u015bci m\u0119\u017cczyzn, jak m\u0119\u017cczy\u017ani i m\u0119sko\u015b\u0107 reprezentowane s\u0105 w interakcji z chorob\u0105 psychiczn\u0105 i samob\u00f3jstwem. Pisa\u0142em o depresji m\u0119\u017cczyzn (Men\u2019s Discourses of Depression, Palgrave, 2008), do\u015bwiadczeniach choroby psychicznej u ojc\u00f3w (Fathers, Fatherhood and Mental Illness, Palgrave, 2013) i o listach samob\u00f3jczych m\u0119\u017cczyzn (Discourses of Men\u2019s Suicide Notes, Bloomsbury, 2017). Justyna Zi\u00f3\u0142kowska (Uniwersytet SWPS) i ja w\u0142a\u015bnie opublikowali\u015bmy ksi\u0105\u017ck\u0119 o procesie samob\u00f3jczym (Discursive Constructions of the Suicidal Process, Bloomsbury, 2020). Teraz zaczynamy pracowa\u0107 nad ksi\u0105\u017ck\u0105 o dyskursywnych konstrukcjach samob\u00f3jcy, osoby, kt\u00f3ra pr\u00f3buj\u0119 lub pope\u0142nia samob\u00f3jstwo. Wsp\u00f3lnie z Justyn\u0105 redagujemy r\u00f3wnie\u017c tom pt. Bloomsbury Handbook on Language of Death and Dying (Bloomsbury).<\/p>\n\n\n\n<ul class=\"wp-block-list\"><li>Email: <a href=\"mailto:dariusz.galasinski@uwr.edu.pl\">dariusz.galasinski@uwr.edu.pl<\/a><\/li><li>www: dariuszgalasinski.com<\/li><li>Twitter: @d_galasinski<\/li><li>ORCID: 0000-0003-2247-922X &nbsp;<\/li><\/ul>\n<\/div>\n<\/div>\n\n\n\n<div class=\"wp-block-ugb-container ugb-container bs-news-page-under ugb-f8694ce ugb-container--v2 ugb-container--design-plain ugb-main-block\"><div class=\"ugb-inner-block\"><div class=\"ugb-block-content\"><div class=\"ugb-container__wrapper ugb-f8694ce-wrapper\"><div class=\"ugb-container__side\"><div class=\"ugb-container__content-wrapper ugb-f8694ce-content-wrapper\">\n<p><\/p>\n<\/div><\/div><\/div><\/div><\/div><\/div>\n<\/div><\/div><\/div><\/div><\/div><\/div>\n","protected":false},"excerpt":{"rendered":"<p>Dariusz Galasi\u0144ski Zajmuj\u0119 si\u0119 analiz\u0105 dyskursu. Oznacza to dla mnie, \u017ce interesuje mnie to, jak ludzie dyskursywnie konstruuj\u0105 swe do\u015bwiadczenia. Zwracam szczeg\u00f3ln\u0105 uwag\u0119 na formy j\u0119zykowe, kt\u00f3rych u\u017cywaj\u0105. Moje badania znajduj\u0105 si\u0119 na granicy dwu dyscyplin: lingwistyki i psychologii. Bada\u0142em, jak si\u0119 ludzie chwal\u0105, konstruuj\u0105 swe to\u017csamo\u015bci czy opowiadaj\u0105 o swoich emocjach. Ostatnio szczeg\u00f3lnie interesowa\u0142o [&hellip;]<\/p>\n","protected":false},"author":52,"featured_media":0,"parent":12751,"menu_order":4,"comment_status":"closed","ping_status":"closed","template":"","meta":{"_acf_changed":false,"inline_featured_image":false,"site-sidebar-layout":"default","site-content-layout":"","ast-site-content-layout":"default","site-content-style":"default","site-sidebar-style":"default","ast-global-header-display":"","ast-banner-title-visibility":"","ast-main-header-display":"","ast-hfb-above-header-display":"","ast-hfb-below-header-display":"","ast-hfb-mobile-header-display":"","site-post-title":"","ast-breadcrumbs-content":"","ast-featured-img":"","footer-sml-layout":"","ast-disable-related-posts":"","theme-transparent-header-meta":"","adv-header-id-meta":"","stick-header-meta":"","header-above-stick-meta":"","header-main-stick-meta":"","header-below-stick-meta":"","astra-migrate-meta-layouts":"default","ast-page-background-enabled":"default","ast-page-background-meta":{"desktop":{"background-color":"","background-image":"","background-repeat":"repeat","background-position":"center center","background-size":"auto","background-attachment":"scroll","background-type":"","background-media":"","overlay-type":"","overlay-color":"","overlay-opacity":"","overlay-gradient":""},"tablet":{"background-color":"","background-image":"","background-repeat":"repeat","background-position":"center center","background-size":"auto","background-attachment":"scroll","background-type":"","background-media":"","overlay-type":"","overlay-color":"","overlay-opacity":"","overlay-gradient":""},"mobile":{"background-color":"","background-image":"","background-repeat":"repeat","background-position":"center center","background-size":"auto","background-attachment":"scroll","background-type":"","background-media":"","overlay-type":"","overlay-color":"","overlay-opacity":"","overlay-gradient":""}},"ast-content-background-meta":{"desktop":{"background-color":"var(--ast-global-color-5)","background-image":"","background-repeat":"repeat","background-position":"center center","background-size":"auto","background-attachment":"scroll","background-type":"","background-media":"","overlay-type":"","overlay-color":"","overlay-opacity":"","overlay-gradient":""},"tablet":{"background-color":"var(--ast-global-color-5)","background-image":"","background-repeat":"repeat","background-position":"center center","background-size":"auto","background-attachment":"scroll","background-type":"","background-media":"","overlay-type":"","overlay-color":"","overlay-opacity":"","overlay-gradient":""},"mobile":{"background-color":"var(--ast-global-color-5)","background-image":"","background-repeat":"repeat","background-position":"center center","background-size":"auto","background-attachment":"scroll","background-type":"","background-media":"","overlay-type":"","overlay-color":"","overlay-opacity":"","overlay-gradient":""}},"footnotes":""},"categories":[],"tags":[],"class_list":["post-12773","page","type-page","status-publish","hentry"],"featured_image_urls_v2":{"full":"","thumbnail":"","medium":"","medium_large":"","large":"","1536x1536":"","2048x2048":"","menu-24x24":"","menu-36x36":"","menu-48x48":""},"post_excerpt_stackable_v2":"<p>Dariusz Galasi\u0144ski Zajmuj\u0119 si\u0119 analiz\u0105 dyskursu. Oznacza to dla mnie, \u017ce interesuje mnie to, jak ludzie dyskursywnie konstruuj\u0105 swe do\u015bwiadczenia. Zwracam szczeg\u00f3ln\u0105 uwag\u0119 na formy j\u0119zykowe, kt\u00f3rych u\u017cywaj\u0105. Moje badania znajduj\u0105 si\u0119 na granicy dwu dyscyplin: lingwistyki i psychologii. Bada\u0142em, jak si\u0119 ludzie chwal\u0105, konstruuj\u0105 swe to\u017csamo\u015bci czy opowiadaj\u0105 o swoich emocjach. Ostatnio szczeg\u00f3lnie interesowa\u0142o mnie do\u015bwiadczenie choroby psychicznej i opowie\u015bci o samob\u00f3jstwie. Patrz\u0119 na choroby psychiczne przez narracje osoby chorej. Przyjmuj\u0119 perspektyw\u0119 jako\u015bciow\u0105, bottom-up, skupiaj\u0105c si\u0119 na historiach cierpienia. Interesowa\u0142y mnie szczeg\u00f3lnie opowie\u015bci m\u0119\u017cczyzn, jak m\u0119\u017cczy\u017ani i m\u0119sko\u015b\u0107 reprezentowane s\u0105 w interakcji z chorob\u0105 psychiczn\u0105 i samob\u00f3jstwem. Pisa\u0142em o&hellip;<\/p>\n","category_list_v2":"Bez kategorii","author_info_v2":{"name":"wojciechglodek","url":"https:\/\/cirhi.uwr.edu.pl\/pl\/author\/wojciechglodek\/"},"comments_num_v2":"0 comments","acf":[],"yoast_head":"<!-- This site is optimized with the Yoast SEO plugin v27.1.1 - https:\/\/yoast.com\/product\/yoast-seo-wordpress\/ -->\n<title>prof. Dariusz Galasi\u0144ski - Centrum Interdyscyplinarnych Bada\u0144 nad Zdrowiem i Chorob\u0105<\/title>\n<meta name=\"description\" content=\"Jeste\u015bmy pierwszym centrum z humanistyki zdrowia w Polsce. Poznajemy \u015bwiat oczami ludzi, kt\u00f3rzy cierpi\u0105.\" \/>\n<meta name=\"robots\" content=\"index, follow, max-snippet:-1, max-image-preview:large, max-video-preview:-1\" \/>\n<link rel=\"canonical\" href=\"https:\/\/cirhi.uwr.edu.pl\/pl\/zespol\/dariusz-galasinski\/\" \/>\n<meta property=\"og:locale\" content=\"pl_PL\" \/>\n<meta property=\"og:type\" content=\"article\" \/>\n<meta property=\"og:title\" content=\"prof. Dariusz Galasi\u0144ski - Centrum Interdyscyplinarnych Bada\u0144 nad Zdrowiem i Chorob\u0105\" \/>\n<meta property=\"og:description\" content=\"Jeste\u015bmy pierwszym centrum z humanistyki zdrowia w Polsce. Poznajemy \u015bwiat oczami ludzi, kt\u00f3rzy cierpi\u0105.\" \/>\n<meta property=\"og:url\" content=\"https:\/\/cirhi.uwr.edu.pl\/pl\/zespol\/dariusz-galasinski\/\" \/>\n<meta property=\"og:site_name\" content=\"Centrum Interdyscyplinarnych Bada\u0144 nad Zdrowiem i Chorob\u0105\" \/>\n<meta property=\"article:modified_time\" content=\"2022-10-19T11:47:26+00:00\" \/>\n<meta property=\"og:image\" content=\"https:\/\/cirhi.uwr.edu.pl\/wp-content\/uploads\/sites\/15\/2022\/02\/Nazwa-Dokumentu-1_36-1024x678.jpg\" \/>\n<meta name=\"twitter:card\" content=\"summary_large_image\" \/>\n<meta name=\"twitter:label1\" content=\"Szacowany czas czytania\" \/>\n\t<meta name=\"twitter:data1\" content=\"2 minuty\" \/>\n<script type=\"application\/ld+json\" class=\"yoast-schema-graph\">{\"@context\":\"https:\/\/schema.org\",\"@graph\":[{\"@type\":\"WebPage\",\"@id\":\"https:\/\/cirhi.uwr.edu.pl\/pl\/zespol\/dariusz-galasinski\/\",\"url\":\"https:\/\/cirhi.uwr.edu.pl\/pl\/zespol\/dariusz-galasinski\/\",\"name\":\"prof. Dariusz Galasi\u0144ski - Centrum Interdyscyplinarnych Bada\u0144 nad Zdrowiem i Chorob\u0105\",\"isPartOf\":{\"@id\":\"https:\/\/cirhi.uwr.edu.pl\/pl\/#website\"},\"primaryImageOfPage\":{\"@id\":\"https:\/\/cirhi.uwr.edu.pl\/pl\/zespol\/dariusz-galasinski\/#primaryimage\"},\"image\":{\"@id\":\"https:\/\/cirhi.uwr.edu.pl\/pl\/zespol\/dariusz-galasinski\/#primaryimage\"},\"thumbnailUrl\":\"https:\/\/cirhi.uwr.edu.pl\/wp-content\/uploads\/sites\/15\/2022\/02\/Nazwa-Dokumentu-1_36-1024x678.jpg\",\"datePublished\":\"2022-02-03T19:14:51+00:00\",\"dateModified\":\"2022-10-19T11:47:26+00:00\",\"description\":\"Jeste\u015bmy pierwszym centrum z humanistyki zdrowia w Polsce. Poznajemy \u015bwiat oczami ludzi, kt\u00f3rzy cierpi\u0105.\",\"breadcrumb\":{\"@id\":\"https:\/\/cirhi.uwr.edu.pl\/pl\/zespol\/dariusz-galasinski\/#breadcrumb\"},\"inLanguage\":\"pl-PL\",\"potentialAction\":[{\"@type\":\"ReadAction\",\"target\":[\"https:\/\/cirhi.uwr.edu.pl\/pl\/zespol\/dariusz-galasinski\/\"]}]},{\"@type\":\"ImageObject\",\"inLanguage\":\"pl-PL\",\"@id\":\"https:\/\/cirhi.uwr.edu.pl\/pl\/zespol\/dariusz-galasinski\/#primaryimage\",\"url\":\"https:\/\/cirhi.uwr.edu.pl\/wp-content\/uploads\/sites\/15\/2022\/02\/Nazwa-Dokumentu-1_36-1024x678.jpg\",\"contentUrl\":\"https:\/\/cirhi.uwr.edu.pl\/wp-content\/uploads\/sites\/15\/2022\/02\/Nazwa-Dokumentu-1_36-1024x678.jpg\"},{\"@type\":\"BreadcrumbList\",\"@id\":\"https:\/\/cirhi.uwr.edu.pl\/pl\/zespol\/dariusz-galasinski\/#breadcrumb\",\"itemListElement\":[{\"@type\":\"ListItem\",\"position\":1,\"name\":\"Strona g\u0142\u00f3wna\",\"item\":\"https:\/\/cirhi.uwr.edu.pl\/pl\/\"},{\"@type\":\"ListItem\",\"position\":2,\"name\":\"Zesp\u00f3\u0142\",\"item\":\"https:\/\/cirhi.uwr.edu.pl\/pl\/zespol\/\"},{\"@type\":\"ListItem\",\"position\":3,\"name\":\"prof. Dariusz Galasi\u0144ski\"}]},{\"@type\":\"WebSite\",\"@id\":\"https:\/\/cirhi.uwr.edu.pl\/pl\/#website\",\"url\":\"https:\/\/cirhi.uwr.edu.pl\/pl\/\",\"name\":\"Centrum Interdyscyplinarnych Bada\u0144 nad Zdrowiem i Chorob\u0105\",\"description\":\"Kolejna witryna sieci \u201eUWR Witryny\u201d\",\"publisher\":{\"@id\":\"https:\/\/cirhi.uwr.edu.pl\/pl\/#organization\"},\"potentialAction\":[{\"@type\":\"SearchAction\",\"target\":{\"@type\":\"EntryPoint\",\"urlTemplate\":\"https:\/\/cirhi.uwr.edu.pl\/pl\/?s={search_term_string}\"},\"query-input\":{\"@type\":\"PropertyValueSpecification\",\"valueRequired\":true,\"valueName\":\"search_term_string\"}}],\"inLanguage\":\"pl-PL\"},{\"@type\":\"Organization\",\"@id\":\"https:\/\/cirhi.uwr.edu.pl\/pl\/#organization\",\"name\":\"Centrum Interdyscyplinarnych Bada\u0144 nad Zdrowiem i Chorob\u0105\",\"url\":\"https:\/\/cirhi.uwr.edu.pl\/pl\/\",\"logo\":{\"@type\":\"ImageObject\",\"inLanguage\":\"pl-PL\",\"@id\":\"https:\/\/cirhi.uwr.edu.pl\/pl\/#\/schema\/logo\/image\/\",\"url\":\"https:\/\/cirhi.uwr.edu.pl\/wp-content\/uploads\/sites\/15\/2025\/10\/UWr-logotyp-2025.png\",\"contentUrl\":\"https:\/\/cirhi.uwr.edu.pl\/wp-content\/uploads\/sites\/15\/2025\/10\/UWr-logotyp-2025.png\",\"width\":764,\"height\":269,\"caption\":\"Centrum Interdyscyplinarnych Bada\u0144 nad Zdrowiem i Chorob\u0105\"},\"image\":{\"@id\":\"https:\/\/cirhi.uwr.edu.pl\/pl\/#\/schema\/logo\/image\/\"}}]}<\/script>\n<!-- \/ Yoast SEO plugin. -->","yoast_head_json":{"title":"prof. Dariusz Galasi\u0144ski - Centrum Interdyscyplinarnych Bada\u0144 nad Zdrowiem i Chorob\u0105","description":"Jeste\u015bmy pierwszym centrum z humanistyki zdrowia w Polsce. Poznajemy \u015bwiat oczami ludzi, kt\u00f3rzy cierpi\u0105.","robots":{"index":"index","follow":"follow","max-snippet":"max-snippet:-1","max-image-preview":"max-image-preview:large","max-video-preview":"max-video-preview:-1"},"canonical":"https:\/\/cirhi.uwr.edu.pl\/pl\/zespol\/dariusz-galasinski\/","og_locale":"pl_PL","og_type":"article","og_title":"prof. Dariusz Galasi\u0144ski - Centrum Interdyscyplinarnych Bada\u0144 nad Zdrowiem i Chorob\u0105","og_description":"Jeste\u015bmy pierwszym centrum z humanistyki zdrowia w Polsce. Poznajemy \u015bwiat oczami ludzi, kt\u00f3rzy cierpi\u0105.","og_url":"https:\/\/cirhi.uwr.edu.pl\/pl\/zespol\/dariusz-galasinski\/","og_site_name":"Centrum Interdyscyplinarnych Bada\u0144 nad Zdrowiem i Chorob\u0105","article_modified_time":"2022-10-19T11:47:26+00:00","og_image":[{"url":"https:\/\/cirhi.uwr.edu.pl\/wp-content\/uploads\/sites\/15\/2022\/02\/Nazwa-Dokumentu-1_36-1024x678.jpg","type":"","width":"","height":""}],"twitter_card":"summary_large_image","twitter_misc":{"Szacowany czas czytania":"2 minuty"},"schema":{"@context":"https:\/\/schema.org","@graph":[{"@type":"WebPage","@id":"https:\/\/cirhi.uwr.edu.pl\/pl\/zespol\/dariusz-galasinski\/","url":"https:\/\/cirhi.uwr.edu.pl\/pl\/zespol\/dariusz-galasinski\/","name":"prof. Dariusz Galasi\u0144ski - Centrum Interdyscyplinarnych Bada\u0144 nad Zdrowiem i Chorob\u0105","isPartOf":{"@id":"https:\/\/cirhi.uwr.edu.pl\/pl\/#website"},"primaryImageOfPage":{"@id":"https:\/\/cirhi.uwr.edu.pl\/pl\/zespol\/dariusz-galasinski\/#primaryimage"},"image":{"@id":"https:\/\/cirhi.uwr.edu.pl\/pl\/zespol\/dariusz-galasinski\/#primaryimage"},"thumbnailUrl":"https:\/\/cirhi.uwr.edu.pl\/wp-content\/uploads\/sites\/15\/2022\/02\/Nazwa-Dokumentu-1_36-1024x678.jpg","datePublished":"2022-02-03T19:14:51+00:00","dateModified":"2022-10-19T11:47:26+00:00","description":"Jeste\u015bmy pierwszym centrum z humanistyki zdrowia w Polsce. Poznajemy \u015bwiat oczami ludzi, kt\u00f3rzy cierpi\u0105.","breadcrumb":{"@id":"https:\/\/cirhi.uwr.edu.pl\/pl\/zespol\/dariusz-galasinski\/#breadcrumb"},"inLanguage":"pl-PL","potentialAction":[{"@type":"ReadAction","target":["https:\/\/cirhi.uwr.edu.pl\/pl\/zespol\/dariusz-galasinski\/"]}]},{"@type":"ImageObject","inLanguage":"pl-PL","@id":"https:\/\/cirhi.uwr.edu.pl\/pl\/zespol\/dariusz-galasinski\/#primaryimage","url":"https:\/\/cirhi.uwr.edu.pl\/wp-content\/uploads\/sites\/15\/2022\/02\/Nazwa-Dokumentu-1_36-1024x678.jpg","contentUrl":"https:\/\/cirhi.uwr.edu.pl\/wp-content\/uploads\/sites\/15\/2022\/02\/Nazwa-Dokumentu-1_36-1024x678.jpg"},{"@type":"BreadcrumbList","@id":"https:\/\/cirhi.uwr.edu.pl\/pl\/zespol\/dariusz-galasinski\/#breadcrumb","itemListElement":[{"@type":"ListItem","position":1,"name":"Strona g\u0142\u00f3wna","item":"https:\/\/cirhi.uwr.edu.pl\/pl\/"},{"@type":"ListItem","position":2,"name":"Zesp\u00f3\u0142","item":"https:\/\/cirhi.uwr.edu.pl\/pl\/zespol\/"},{"@type":"ListItem","position":3,"name":"prof. Dariusz Galasi\u0144ski"}]},{"@type":"WebSite","@id":"https:\/\/cirhi.uwr.edu.pl\/pl\/#website","url":"https:\/\/cirhi.uwr.edu.pl\/pl\/","name":"Centrum Interdyscyplinarnych Bada\u0144 nad Zdrowiem i Chorob\u0105","description":"Kolejna witryna sieci \u201eUWR Witryny\u201d","publisher":{"@id":"https:\/\/cirhi.uwr.edu.pl\/pl\/#organization"},"potentialAction":[{"@type":"SearchAction","target":{"@type":"EntryPoint","urlTemplate":"https:\/\/cirhi.uwr.edu.pl\/pl\/?s={search_term_string}"},"query-input":{"@type":"PropertyValueSpecification","valueRequired":true,"valueName":"search_term_string"}}],"inLanguage":"pl-PL"},{"@type":"Organization","@id":"https:\/\/cirhi.uwr.edu.pl\/pl\/#organization","name":"Centrum Interdyscyplinarnych Bada\u0144 nad Zdrowiem i Chorob\u0105","url":"https:\/\/cirhi.uwr.edu.pl\/pl\/","logo":{"@type":"ImageObject","inLanguage":"pl-PL","@id":"https:\/\/cirhi.uwr.edu.pl\/pl\/#\/schema\/logo\/image\/","url":"https:\/\/cirhi.uwr.edu.pl\/wp-content\/uploads\/sites\/15\/2025\/10\/UWr-logotyp-2025.png","contentUrl":"https:\/\/cirhi.uwr.edu.pl\/wp-content\/uploads\/sites\/15\/2025\/10\/UWr-logotyp-2025.png","width":764,"height":269,"caption":"Centrum Interdyscyplinarnych Bada\u0144 nad Zdrowiem i Chorob\u0105"},"image":{"@id":"https:\/\/cirhi.uwr.edu.pl\/pl\/#\/schema\/logo\/image\/"}}]}},"publishpress_future_action":{"enabled":false,"date":"2026-04-30 19:19:46","action":"change-status","newStatus":"draft","terms":[],"taxonomy":"category","extraData":[]},"publishpress_future_workflow_manual_trigger":{"enabledWorkflows":[]},"_links":{"self":[{"href":"https:\/\/cirhi.uwr.edu.pl\/pl\/wp-json\/wp\/v2\/pages\/12773\/"}],"collection":[{"href":"https:\/\/cirhi.uwr.edu.pl\/pl\/wp-json\/wp\/v2\/pages\/"}],"about":[{"href":"https:\/\/cirhi.uwr.edu.pl\/pl\/wp-json\/wp\/v2\/types\/page\/"}],"author":[{"embeddable":true,"href":"https:\/\/cirhi.uwr.edu.pl\/pl\/wp-json\/wp\/v2\/users\/52\/"}],"replies":[{"embeddable":true,"href":"https:\/\/cirhi.uwr.edu.pl\/pl\/wp-json\/wp\/v2\/comments\/?post=12773"}],"version-history":[{"count":3,"href":"https:\/\/cirhi.uwr.edu.pl\/pl\/wp-json\/wp\/v2\/pages\/12773\/revisions\/"}],"predecessor-version":[{"id":14979,"href":"https:\/\/cirhi.uwr.edu.pl\/pl\/wp-json\/wp\/v2\/pages\/12773\/revisions\/14979\/"}],"up":[{"embeddable":true,"href":"https:\/\/cirhi.uwr.edu.pl\/pl\/wp-json\/wp\/v2\/pages\/12751\/"}],"wp:attachment":[{"href":"https:\/\/cirhi.uwr.edu.pl\/pl\/wp-json\/wp\/v2\/media\/?parent=12773"}],"wp:term":[{"taxonomy":"category","embeddable":true,"href":"https:\/\/cirhi.uwr.edu.pl\/pl\/wp-json\/wp\/v2\/categories\/?post=12773"},{"taxonomy":"post_tag","embeddable":true,"href":"https:\/\/cirhi.uwr.edu.pl\/pl\/wp-json\/wp\/v2\/tags\/?post=12773"}],"curies":[{"name":"wp","href":"https:\/\/api.w.org\/{rel}","templated":true}]}}