{"id":12803,"date":"2022-02-03T20:54:34","date_gmt":"2022-02-03T19:54:34","guid":{"rendered":"https:\/\/cirhi.test.uwr.edu.pl\/?page_id=12803"},"modified":"2024-01-14T23:46:04","modified_gmt":"2024-01-14T22:46:04","slug":"magdalena-witkowicz","status":"publish","type":"page","link":"https:\/\/cirhi.uwr.edu.pl\/pl\/zespol\/magdalena-witkowicz\/","title":{"rendered":"Magdalena Witkowicz"},"content":{"rendered":"\n<div class=\"wp-block-ugb-container ugb-container ugb-8dda971 ugb-container--v2 ugb-container--design-plain ugb-main-block\"><div class=\"ugb-inner-block\"><div class=\"ugb-block-content\"><div class=\"ugb-container__wrapper ugb-8dda971-wrapper\"><div class=\"ugb-container__side\"><div class=\"ugb-container__content-wrapper ugb-8dda971-content-wrapper\">\n<div class=\"wp-block-columns bs-news-page is-layout-flex wp-block-columns-is-layout-flex\">\n<div class=\"wp-block-column bs-kontakt-photo is-layout-flow wp-block-column-is-layout-flow\">\n<figure class=\"wp-block-image size-full\"><img loading=\"lazy\" decoding=\"async\" width=\"640\" height=\"427\" src=\"https:\/\/cirhi.uwr.edu.pl\/wp-content\/uploads\/sites\/15\/2022\/02\/MWitkowicz-zdje\u0328cie-do-bio.jpeg\" alt=\"Magdalena Witkowicz\" class=\"wp-image-102\" srcset=\"https:\/\/cirhi.uwr.edu.pl\/wp-content\/uploads\/sites\/15\/2022\/02\/MWitkowicz-zdje\u0328cie-do-bio.jpeg 640w, https:\/\/cirhi.uwr.edu.pl\/wp-content\/uploads\/sites\/15\/2022\/02\/MWitkowicz-zdje\u0328cie-do-bio-300x200.jpeg 300w, https:\/\/cirhi.uwr.edu.pl\/wp-content\/uploads\/sites\/15\/2022\/02\/MWitkowicz-zdje\u0328cie-do-bio-24x16.jpeg 24w, https:\/\/cirhi.uwr.edu.pl\/wp-content\/uploads\/sites\/15\/2022\/02\/MWitkowicz-zdje\u0328cie-do-bio-36x24.jpeg 36w, https:\/\/cirhi.uwr.edu.pl\/wp-content\/uploads\/sites\/15\/2022\/02\/MWitkowicz-zdje\u0328cie-do-bio-48x32.jpeg 48w\" sizes=\"auto, (max-width: 640px) 100vw, 640px\" \/><\/figure>\n<\/div>\n\n\n\n<div class=\"wp-block-column bs-contact-right-column is-layout-flow wp-block-column-is-layout-flow\">\n<div class=\"wp-block-bonasoft-modular-breadcrumbs-block\"><div class=\"bs_add_breadcrumb_trail\"><\/div><\/div>\n\n\n\n<hr class=\"wp-block-separator has-text-color has-black-color has-css-opacity has-black-background-color has-background is-style-wide bs-border-kontakt\"\/>\n\n\n\n<h1 class=\"wp-block-heading bs-naglowek-podstrony\" id=\"magdalena-witkowicz\"><strong>Magdalena Witkowicz<\/strong><\/h1>\n\n\n\n<p>Jestem psycholo\u017ck\u0105 i doktorantk\u0105 w Kolegium Doktorskim Wydzia\u0142u Filologicznego na Uniwersytecie Wroc\u0142awskim. Uko\u0144czy\u0142am psychologi\u0119 na Uniwersytecie SWPS ze specjalno\u015bci\u0105 kliniczn\u0105 i spo\u0142eczn\u0105. W przygotowywanej pracy doktorskiej eksploruj\u0119 relacj\u0119 mi\u0119dzy depresj\u0105 a prac\u0105 na przyk\u0142adzie zjawiska absencji chorobowej. Analizuj\u0119 narracje os\u00f3b, kt\u00f3re jej do\u015bwiadczaj\u0105 oraz dyskurs medialny na ten temat.<\/p>\n\n\n\n<p>Interesuje mnie to, w jaki spos\u00f3b ludzie m\u00f3wi\u0105 i pisz\u0105 o problemach ze zdrowiem psychicznym. Zastanawia mnie tak\u017ce wszystko, co zwi\u0105zane z nier\u00f3wno\u015bciami spo\u0142ecznymi. W dotychczasowych projektach badawczych zajmowa\u0142am si\u0119 wykluczeniem spo\u0142ecznym, rasizmem i do\u015bwiadczeniem choroby. Aktualnie pracuj\u0119 nad badaniami nad dyskursywnymi reprezentacjami \u015bmierci oraz wychodzeniem z samotno\u015bci.<\/p>\n\n\n\n<p>Ciekawi\u0105 mnie r\u00f3wnie\u017c nowe, szybko dzia\u0142aj\u0105ce metody leczenia depresji, na przyk\u0142ad psychoterapia wspomagana psychodelikami i leczenie esketamin\u0105, poniewa\u017c w przysz\u0142o\u015bci chcia\u0142abym zbada\u0107 proces zdrowienia z depresji w kontek\u015bcie czasu.<\/p>\n\n\n\n<ul class=\"wp-block-list\">\n<li>Email: <a href=\"mailto:magdalena.witkowicz@uwr.edu.pl\">magdalena.witkowicz2@uwr.edu.pl<\/a><\/li>\n<\/ul>\n<\/div>\n<\/div>\n\n\n\n<div class=\"wp-block-ugb-container ugb-container bs-news-page-under ugb-f8694ce ugb-container--v2 ugb-container--design-plain ugb-main-block\"><div class=\"ugb-inner-block\"><div class=\"ugb-block-content\"><div class=\"ugb-container__wrapper ugb-f8694ce-wrapper\"><div class=\"ugb-container__side\"><div class=\"ugb-container__content-wrapper ugb-f8694ce-content-wrapper\">\n<p><\/p>\n<\/div><\/div><\/div><\/div><\/div><\/div>\n<\/div><\/div><\/div><\/div><\/div><\/div>\n","protected":false},"excerpt":{"rendered":"<p>Magdalena Witkowicz Jestem psycholo\u017ck\u0105 i doktorantk\u0105 w Kolegium Doktorskim Wydzia\u0142u Filologicznego na Uniwersytecie Wroc\u0142awskim. Uko\u0144czy\u0142am psychologi\u0119 na Uniwersytecie SWPS ze specjalno\u015bci\u0105 kliniczn\u0105 i spo\u0142eczn\u0105. W przygotowywanej pracy doktorskiej eksploruj\u0119 relacj\u0119 mi\u0119dzy depresj\u0105 a prac\u0105 na przyk\u0142adzie zjawiska absencji chorobowej. Analizuj\u0119 narracje os\u00f3b, kt\u00f3re jej do\u015bwiadczaj\u0105 oraz dyskurs medialny na ten temat. Interesuje mnie to, w [&hellip;]<\/p>\n","protected":false},"author":52,"featured_media":0,"parent":12751,"menu_order":36,"comment_status":"closed","ping_status":"closed","template":"","meta":{"_acf_changed":false,"inline_featured_image":false,"site-sidebar-layout":"default","site-content-layout":"","ast-site-content-layout":"default","site-content-style":"default","site-sidebar-style":"default","ast-global-header-display":"","ast-banner-title-visibility":"","ast-main-header-display":"","ast-hfb-above-header-display":"","ast-hfb-below-header-display":"","ast-hfb-mobile-header-display":"","site-post-title":"","ast-breadcrumbs-content":"","ast-featured-img":"","footer-sml-layout":"","ast-disable-related-posts":"","theme-transparent-header-meta":"","adv-header-id-meta":"","stick-header-meta":"","header-above-stick-meta":"","header-main-stick-meta":"","header-below-stick-meta":"","astra-migrate-meta-layouts":"default","ast-page-background-enabled":"default","ast-page-background-meta":{"desktop":{"background-color":"","background-image":"","background-repeat":"repeat","background-position":"center center","background-size":"auto","background-attachment":"scroll","background-type":"","background-media":"","overlay-type":"","overlay-color":"","overlay-opacity":"","overlay-gradient":""},"tablet":{"background-color":"","background-image":"","background-repeat":"repeat","background-position":"center center","background-size":"auto","background-attachment":"scroll","background-type":"","background-media":"","overlay-type":"","overlay-color":"","overlay-opacity":"","overlay-gradient":""},"mobile":{"background-color":"","background-image":"","background-repeat":"repeat","background-position":"center center","background-size":"auto","background-attachment":"scroll","background-type":"","background-media":"","overlay-type":"","overlay-color":"","overlay-opacity":"","overlay-gradient":""}},"ast-content-background-meta":{"desktop":{"background-color":"var(--ast-global-color-5)","background-image":"","background-repeat":"repeat","background-position":"center center","background-size":"auto","background-attachment":"scroll","background-type":"","background-media":"","overlay-type":"","overlay-color":"","overlay-opacity":"","overlay-gradient":""},"tablet":{"background-color":"var(--ast-global-color-5)","background-image":"","background-repeat":"repeat","background-position":"center center","background-size":"auto","background-attachment":"scroll","background-type":"","background-media":"","overlay-type":"","overlay-color":"","overlay-opacity":"","overlay-gradient":""},"mobile":{"background-color":"var(--ast-global-color-5)","background-image":"","background-repeat":"repeat","background-position":"center center","background-size":"auto","background-attachment":"scroll","background-type":"","background-media":"","overlay-type":"","overlay-color":"","overlay-opacity":"","overlay-gradient":""}},"footnotes":""},"categories":[],"tags":[],"class_list":["post-12803","page","type-page","status-publish","hentry"],"featured_image_urls_v2":{"full":"","thumbnail":"","medium":"","medium_large":"","large":"","1536x1536":"","2048x2048":"","menu-24x24":"","menu-36x36":"","menu-48x48":""},"post_excerpt_stackable_v2":"<p>Magdalena Witkowicz Jestem psycholo\u017ck\u0105 i doktorantk\u0105 w Kolegium Doktorskim Wydzia\u0142u Filologicznego na Uniwersytecie Wroc\u0142awskim. Uko\u0144czy\u0142am psychologi\u0119 na Uniwersytecie SWPS ze specjalno\u015bci\u0105 kliniczn\u0105 i spo\u0142eczn\u0105. W przygotowywanej pracy doktorskiej eksploruj\u0119 relacj\u0119 mi\u0119dzy depresj\u0105 a prac\u0105 na przyk\u0142adzie zjawiska absencji chorobowej. Analizuj\u0119 narracje os\u00f3b, kt\u00f3re jej do\u015bwiadczaj\u0105 oraz dyskurs medialny na ten temat. Interesuje mnie to, w jaki spos\u00f3b ludzie m\u00f3wi\u0105 i pisz\u0105 o problemach ze zdrowiem psychicznym. Zastanawia mnie tak\u017ce wszystko, co zwi\u0105zane z nier\u00f3wno\u015bciami spo\u0142ecznymi. W dotychczasowych projektach badawczych zajmowa\u0142am si\u0119 wykluczeniem spo\u0142ecznym, rasizmem i do\u015bwiadczeniem choroby. Aktualnie pracuj\u0119 nad badaniami nad dyskursywnymi reprezentacjami \u015bmierci oraz wychodzeniem z samotno\u015bci. Ciekawi\u0105&hellip;<\/p>\n","category_list_v2":"Bez kategorii","author_info_v2":{"name":"wojciechglodek","url":"https:\/\/cirhi.uwr.edu.pl\/pl\/author\/wojciechglodek\/"},"comments_num_v2":"0 comments","acf":[],"yoast_head":"<!-- This site is optimized with the Yoast SEO plugin v27.1.1 - https:\/\/yoast.com\/product\/yoast-seo-wordpress\/ -->\n<title>Magdalena Witkowicz - Centrum Interdyscyplinarnych Bada\u0144 nad Zdrowiem i Chorob\u0105<\/title>\n<meta name=\"description\" content=\"Jeste\u015bmy pierwszym centrum z humanistyki zdrowia w Polsce. Poznajemy \u015bwiat oczami ludzi, kt\u00f3rzy cierpi\u0105.\" \/>\n<meta name=\"robots\" content=\"index, follow, max-snippet:-1, max-image-preview:large, max-video-preview:-1\" \/>\n<link rel=\"canonical\" href=\"https:\/\/cirhi.uwr.edu.pl\/pl\/zespol\/magdalena-witkowicz\/\" \/>\n<meta property=\"og:locale\" content=\"pl_PL\" \/>\n<meta property=\"og:type\" content=\"article\" \/>\n<meta property=\"og:title\" content=\"Magdalena Witkowicz - Centrum Interdyscyplinarnych Bada\u0144 nad Zdrowiem i Chorob\u0105\" \/>\n<meta property=\"og:description\" content=\"Jeste\u015bmy pierwszym centrum z humanistyki zdrowia w Polsce. Poznajemy \u015bwiat oczami ludzi, kt\u00f3rzy cierpi\u0105.\" \/>\n<meta property=\"og:url\" content=\"https:\/\/cirhi.uwr.edu.pl\/pl\/zespol\/magdalena-witkowicz\/\" \/>\n<meta property=\"og:site_name\" content=\"Centrum Interdyscyplinarnych Bada\u0144 nad Zdrowiem i Chorob\u0105\" \/>\n<meta property=\"article:modified_time\" content=\"2024-01-14T22:46:04+00:00\" \/>\n<meta name=\"twitter:card\" content=\"summary_large_image\" \/>\n<meta name=\"twitter:label1\" content=\"Szacowany czas czytania\" \/>\n\t<meta name=\"twitter:data1\" content=\"1 minuta\" \/>\n<script type=\"application\/ld+json\" class=\"yoast-schema-graph\">{\"@context\":\"https:\/\/schema.org\",\"@graph\":[{\"@type\":\"WebPage\",\"@id\":\"https:\/\/cirhi.uwr.edu.pl\/pl\/zespol\/magdalena-witkowicz\/\",\"url\":\"https:\/\/cirhi.uwr.edu.pl\/pl\/zespol\/magdalena-witkowicz\/\",\"name\":\"Magdalena Witkowicz - Centrum Interdyscyplinarnych Bada\u0144 nad Zdrowiem i Chorob\u0105\",\"isPartOf\":{\"@id\":\"https:\/\/cirhi.uwr.edu.pl\/pl\/#website\"},\"datePublished\":\"2022-02-03T19:54:34+00:00\",\"dateModified\":\"2024-01-14T22:46:04+00:00\",\"description\":\"Jeste\u015bmy pierwszym centrum z humanistyki zdrowia w Polsce. Poznajemy \u015bwiat oczami ludzi, kt\u00f3rzy cierpi\u0105.\",\"breadcrumb\":{\"@id\":\"https:\/\/cirhi.uwr.edu.pl\/pl\/zespol\/magdalena-witkowicz\/#breadcrumb\"},\"inLanguage\":\"pl-PL\",\"potentialAction\":[{\"@type\":\"ReadAction\",\"target\":[\"https:\/\/cirhi.uwr.edu.pl\/pl\/zespol\/magdalena-witkowicz\/\"]}]},{\"@type\":\"BreadcrumbList\",\"@id\":\"https:\/\/cirhi.uwr.edu.pl\/pl\/zespol\/magdalena-witkowicz\/#breadcrumb\",\"itemListElement\":[{\"@type\":\"ListItem\",\"position\":1,\"name\":\"Strona g\u0142\u00f3wna\",\"item\":\"https:\/\/cirhi.uwr.edu.pl\/pl\/\"},{\"@type\":\"ListItem\",\"position\":2,\"name\":\"Zesp\u00f3\u0142\",\"item\":\"https:\/\/cirhi.uwr.edu.pl\/pl\/zespol\/\"},{\"@type\":\"ListItem\",\"position\":3,\"name\":\"Magdalena Witkowicz\"}]},{\"@type\":\"WebSite\",\"@id\":\"https:\/\/cirhi.uwr.edu.pl\/pl\/#website\",\"url\":\"https:\/\/cirhi.uwr.edu.pl\/pl\/\",\"name\":\"Centrum Interdyscyplinarnych Bada\u0144 nad Zdrowiem i Chorob\u0105\",\"description\":\"Kolejna witryna sieci \u201eUWR Witryny\u201d\",\"publisher\":{\"@id\":\"https:\/\/cirhi.uwr.edu.pl\/pl\/#organization\"},\"potentialAction\":[{\"@type\":\"SearchAction\",\"target\":{\"@type\":\"EntryPoint\",\"urlTemplate\":\"https:\/\/cirhi.uwr.edu.pl\/pl\/?s={search_term_string}\"},\"query-input\":{\"@type\":\"PropertyValueSpecification\",\"valueRequired\":true,\"valueName\":\"search_term_string\"}}],\"inLanguage\":\"pl-PL\"},{\"@type\":\"Organization\",\"@id\":\"https:\/\/cirhi.uwr.edu.pl\/pl\/#organization\",\"name\":\"Centrum Interdyscyplinarnych Bada\u0144 nad Zdrowiem i Chorob\u0105\",\"url\":\"https:\/\/cirhi.uwr.edu.pl\/pl\/\",\"logo\":{\"@type\":\"ImageObject\",\"inLanguage\":\"pl-PL\",\"@id\":\"https:\/\/cirhi.uwr.edu.pl\/pl\/#\/schema\/logo\/image\/\",\"url\":\"https:\/\/cirhi.uwr.edu.pl\/wp-content\/uploads\/sites\/15\/2025\/10\/UWr-logotyp-2025.png\",\"contentUrl\":\"https:\/\/cirhi.uwr.edu.pl\/wp-content\/uploads\/sites\/15\/2025\/10\/UWr-logotyp-2025.png\",\"width\":764,\"height\":269,\"caption\":\"Centrum Interdyscyplinarnych Bada\u0144 nad Zdrowiem i Chorob\u0105\"},\"image\":{\"@id\":\"https:\/\/cirhi.uwr.edu.pl\/pl\/#\/schema\/logo\/image\/\"}}]}<\/script>\n<!-- \/ Yoast SEO plugin. -->","yoast_head_json":{"title":"Magdalena Witkowicz - Centrum Interdyscyplinarnych Bada\u0144 nad Zdrowiem i Chorob\u0105","description":"Jeste\u015bmy pierwszym centrum z humanistyki zdrowia w Polsce. Poznajemy \u015bwiat oczami ludzi, kt\u00f3rzy cierpi\u0105.","robots":{"index":"index","follow":"follow","max-snippet":"max-snippet:-1","max-image-preview":"max-image-preview:large","max-video-preview":"max-video-preview:-1"},"canonical":"https:\/\/cirhi.uwr.edu.pl\/pl\/zespol\/magdalena-witkowicz\/","og_locale":"pl_PL","og_type":"article","og_title":"Magdalena Witkowicz - Centrum Interdyscyplinarnych Bada\u0144 nad Zdrowiem i Chorob\u0105","og_description":"Jeste\u015bmy pierwszym centrum z humanistyki zdrowia w Polsce. Poznajemy \u015bwiat oczami ludzi, kt\u00f3rzy cierpi\u0105.","og_url":"https:\/\/cirhi.uwr.edu.pl\/pl\/zespol\/magdalena-witkowicz\/","og_site_name":"Centrum Interdyscyplinarnych Bada\u0144 nad Zdrowiem i Chorob\u0105","article_modified_time":"2024-01-14T22:46:04+00:00","twitter_card":"summary_large_image","twitter_misc":{"Szacowany czas czytania":"1 minuta"},"schema":{"@context":"https:\/\/schema.org","@graph":[{"@type":"WebPage","@id":"https:\/\/cirhi.uwr.edu.pl\/pl\/zespol\/magdalena-witkowicz\/","url":"https:\/\/cirhi.uwr.edu.pl\/pl\/zespol\/magdalena-witkowicz\/","name":"Magdalena Witkowicz - Centrum Interdyscyplinarnych Bada\u0144 nad Zdrowiem i Chorob\u0105","isPartOf":{"@id":"https:\/\/cirhi.uwr.edu.pl\/pl\/#website"},"datePublished":"2022-02-03T19:54:34+00:00","dateModified":"2024-01-14T22:46:04+00:00","description":"Jeste\u015bmy pierwszym centrum z humanistyki zdrowia w Polsce. Poznajemy \u015bwiat oczami ludzi, kt\u00f3rzy cierpi\u0105.","breadcrumb":{"@id":"https:\/\/cirhi.uwr.edu.pl\/pl\/zespol\/magdalena-witkowicz\/#breadcrumb"},"inLanguage":"pl-PL","potentialAction":[{"@type":"ReadAction","target":["https:\/\/cirhi.uwr.edu.pl\/pl\/zespol\/magdalena-witkowicz\/"]}]},{"@type":"BreadcrumbList","@id":"https:\/\/cirhi.uwr.edu.pl\/pl\/zespol\/magdalena-witkowicz\/#breadcrumb","itemListElement":[{"@type":"ListItem","position":1,"name":"Strona g\u0142\u00f3wna","item":"https:\/\/cirhi.uwr.edu.pl\/pl\/"},{"@type":"ListItem","position":2,"name":"Zesp\u00f3\u0142","item":"https:\/\/cirhi.uwr.edu.pl\/pl\/zespol\/"},{"@type":"ListItem","position":3,"name":"Magdalena Witkowicz"}]},{"@type":"WebSite","@id":"https:\/\/cirhi.uwr.edu.pl\/pl\/#website","url":"https:\/\/cirhi.uwr.edu.pl\/pl\/","name":"Centrum Interdyscyplinarnych Bada\u0144 nad Zdrowiem i Chorob\u0105","description":"Kolejna witryna sieci \u201eUWR Witryny\u201d","publisher":{"@id":"https:\/\/cirhi.uwr.edu.pl\/pl\/#organization"},"potentialAction":[{"@type":"SearchAction","target":{"@type":"EntryPoint","urlTemplate":"https:\/\/cirhi.uwr.edu.pl\/pl\/?s={search_term_string}"},"query-input":{"@type":"PropertyValueSpecification","valueRequired":true,"valueName":"search_term_string"}}],"inLanguage":"pl-PL"},{"@type":"Organization","@id":"https:\/\/cirhi.uwr.edu.pl\/pl\/#organization","name":"Centrum Interdyscyplinarnych Bada\u0144 nad Zdrowiem i Chorob\u0105","url":"https:\/\/cirhi.uwr.edu.pl\/pl\/","logo":{"@type":"ImageObject","inLanguage":"pl-PL","@id":"https:\/\/cirhi.uwr.edu.pl\/pl\/#\/schema\/logo\/image\/","url":"https:\/\/cirhi.uwr.edu.pl\/wp-content\/uploads\/sites\/15\/2025\/10\/UWr-logotyp-2025.png","contentUrl":"https:\/\/cirhi.uwr.edu.pl\/wp-content\/uploads\/sites\/15\/2025\/10\/UWr-logotyp-2025.png","width":764,"height":269,"caption":"Centrum Interdyscyplinarnych Bada\u0144 nad Zdrowiem i Chorob\u0105"},"image":{"@id":"https:\/\/cirhi.uwr.edu.pl\/pl\/#\/schema\/logo\/image\/"}}]}},"publishpress_future_action":{"enabled":false,"date":"2026-04-30 17:56:43","action":"change-status","newStatus":"draft","terms":[],"taxonomy":"category","extraData":[]},"publishpress_future_workflow_manual_trigger":{"enabledWorkflows":[]},"_links":{"self":[{"href":"https:\/\/cirhi.uwr.edu.pl\/pl\/wp-json\/wp\/v2\/pages\/12803\/"}],"collection":[{"href":"https:\/\/cirhi.uwr.edu.pl\/pl\/wp-json\/wp\/v2\/pages\/"}],"about":[{"href":"https:\/\/cirhi.uwr.edu.pl\/pl\/wp-json\/wp\/v2\/types\/page\/"}],"author":[{"embeddable":true,"href":"https:\/\/cirhi.uwr.edu.pl\/pl\/wp-json\/wp\/v2\/users\/52\/"}],"replies":[{"embeddable":true,"href":"https:\/\/cirhi.uwr.edu.pl\/pl\/wp-json\/wp\/v2\/comments\/?post=12803"}],"version-history":[{"count":4,"href":"https:\/\/cirhi.uwr.edu.pl\/pl\/wp-json\/wp\/v2\/pages\/12803\/revisions\/"}],"predecessor-version":[{"id":16428,"href":"https:\/\/cirhi.uwr.edu.pl\/pl\/wp-json\/wp\/v2\/pages\/12803\/revisions\/16428\/"}],"up":[{"embeddable":true,"href":"https:\/\/cirhi.uwr.edu.pl\/pl\/wp-json\/wp\/v2\/pages\/12751\/"}],"wp:attachment":[{"href":"https:\/\/cirhi.uwr.edu.pl\/pl\/wp-json\/wp\/v2\/media\/?parent=12803"}],"wp:term":[{"taxonomy":"category","embeddable":true,"href":"https:\/\/cirhi.uwr.edu.pl\/pl\/wp-json\/wp\/v2\/categories\/?post=12803"},{"taxonomy":"post_tag","embeddable":true,"href":"https:\/\/cirhi.uwr.edu.pl\/pl\/wp-json\/wp\/v2\/tags\/?post=12803"}],"curies":[{"name":"wp","href":"https:\/\/api.w.org\/{rel}","templated":true}]}}