{"id":14709,"date":"2022-09-06T22:01:32","date_gmt":"2022-09-06T20:01:32","guid":{"rendered":"https:\/\/cirhi.uwr.edu.pl\/?page_id=14709"},"modified":"2022-09-14T10:04:23","modified_gmt":"2022-09-14T08:04:23","slug":"bajka-ola-i-borys-ida-do-szkoly","status":"publish","type":"page","link":"https:\/\/cirhi.uwr.edu.pl\/pl\/bajka-ola-i-borys-ida-do-szkoly\/","title":{"rendered":"Bajka &#8211; Ola i Borys id\u0105 do szko\u0142y"},"content":{"rendered":"\n<div class=\"alignfull wp-block-ugb-container ugb-container podstrona_sekcje ugb-12c4a27 ugb-container--v2 ugb-container--design-plain ugb-main-block\"><style>@media screen and (min-width:768px){.ugb-12c4a27.ugb-container{margin-bottom:0px !important;padding-right:0px !important;padding-bottom:50px !important;padding-left:0px !important}}@media screen and (min-width:768px){.ugb-12c4a27 > .ugb-inner-block > .ugb-block-content > *{padding-top:0px !important;padding-bottom:0px !important;padding-right:0px !important;padding-left:0px !important}}<\/style><div class=\"ugb-inner-block\"><div class=\"ugb-block-content\"><div class=\"ugb-container__wrapper ugb-12c4a27-wrapper\"><div class=\"ugb-container__side\"><div class=\"ugb-container__content-wrapper ugb-12c4a27-content-wrapper\">\n<div class=\"wp-block-media-text alignwide is-stacked-on-mobile is-vertically-aligned-top is-image-fill bs-naglowek-szablonu-kolumny\"><figure class=\"wp-block-media-text__media\" style=\"background-image:url(https:\/\/cirhi.uwr.edu.pl\/wp-content\/uploads\/sites\/15\/2022\/09\/1-2-1024x687.png);background-position:50% 50%\"><img loading=\"lazy\" decoding=\"async\" width=\"1024\" height=\"687\" src=\"https:\/\/cirhi.uwr.edu.pl\/wp-content\/uploads\/sites\/15\/2022\/09\/1-2-1024x687.png\" alt=\"Ola i Borys id\u0105 do szko\u0142y\" class=\"wp-image-14724 size-full\" srcset=\"https:\/\/cirhi.uwr.edu.pl\/wp-content\/uploads\/sites\/15\/2022\/09\/1-2-1024x687.png 1024w, https:\/\/cirhi.uwr.edu.pl\/wp-content\/uploads\/sites\/15\/2022\/09\/1-2-300x201.png 300w, https:\/\/cirhi.uwr.edu.pl\/wp-content\/uploads\/sites\/15\/2022\/09\/1-2-768x515.png 768w, https:\/\/cirhi.uwr.edu.pl\/wp-content\/uploads\/sites\/15\/2022\/09\/1-2-1536x1030.png 1536w, https:\/\/cirhi.uwr.edu.pl\/wp-content\/uploads\/sites\/15\/2022\/09\/1-2-2048x1374.png 2048w, https:\/\/cirhi.uwr.edu.pl\/wp-content\/uploads\/sites\/15\/2022\/09\/1-2-1320x886.png 1320w, https:\/\/cirhi.uwr.edu.pl\/wp-content\/uploads\/sites\/15\/2022\/09\/1-2-24x16.png 24w, https:\/\/cirhi.uwr.edu.pl\/wp-content\/uploads\/sites\/15\/2022\/09\/1-2-36x24.png 36w, https:\/\/cirhi.uwr.edu.pl\/wp-content\/uploads\/sites\/15\/2022\/09\/1-2-48x32.png 48w, https:\/\/cirhi.uwr.edu.pl\/wp-content\/uploads\/sites\/15\/2022\/09\/1-2.png 1600w\" sizes=\"auto, (max-width: 1024px) 100vw, 1024px\" \/><\/figure><div class=\"wp-block-media-text__content\">\n<div class=\"wp-block-bonasoft-modular-breadcrumbs-block\"><div class=\"bs_add_breadcrumb_trail\"><\/div><\/div>\n\n\n\n<hr class=\"wp-block-separator has-text-color has-background has-black-background-color has-black-color is-style-wide bs-border-kontakt\"\/>\n\n\n\n<h1 class=\"bs-naglowek-podstrony wp-block-heading\" id=\"ola-borys-i-nowi-przyjaciele\"><strong>Ola<\/strong> <strong>i Borys id\u0105 do szko\u0142y<\/strong><\/h1>\n\n\n\n<div style=\"height:50px\" aria-hidden=\"true\" class=\"wp-block-spacer\"><\/div>\n\n\n\n<h3 class=\"wp-block-heading\" id=\"\u043e\u043b\u044f-\u0431\u043e\u0440\u0438\u0441\u043a\u043e-\u0442\u0430-\u0457\u0445\u043d\u0456-\u043d\u043e\u0432\u0456-\u0434\u0440\u0443\u0437\u0456\u043e\u043b\u044f-\u0431\u043e\u0440\u044f-\u0438-\u0438\u0445-\u043d\u043e\u0432\u044b\u0435-\u0434\u0440\u0443\u0437\u044c\u044f\"><\/h3>\n<\/div><\/div>\n\n\n\n<div class=\"wp-block-ugb-container ugb-container ugb-002ab8b ugb-container--v2 ugb-container--design-plain ugb-main-block\"><style>@media screen and (min-width:768px){.ugb-002ab8b.ugb-container{margin-bottom:0% !important;margin-right:6% !important;margin-left:6% !important}}@media screen and (min-width:768px){.ugb-002ab8b > .ugb-inner-block > .ugb-block-content > *{padding-top:0px !important;padding-bottom:0px !important;padding-right:0px !important;padding-left:0px !important}}<\/style><div class=\"ugb-inner-block\"><div class=\"ugb-block-content\"><div class=\"ugb-container__wrapper ugb-002ab8b-wrapper\"><div class=\"ugb-container__side\"><div class=\"ugb-container__content-wrapper ugb-002ab8b-content-wrapper\">\n<div class=\"wp-block-ugb-columns ugb-columns ugb-1e69b3b ugb-columns--design-plain ugb-columns--columns-2 ugb-main-block\"><div class=\"ugb-inner-block\"><div class=\"ugb-block-content\"><div class=\"ugb-columns__item ugb-1e69b3b-content-wrapper\">\n<div class=\"wp-block-ugb-column ugb-column ugb-2684867 ugb-column--design-plain ugb-main-block\"><div class=\"ugb-inner-block\"><div class=\"ugb-block-content\"><div class=\"ugb-column__item ugb-2684867-column-wrapper\"><div class=\"ugb-column__content-wrapper\">\n<p>Jaki\u015b czas p\u00f3\u017aniej Borys i Ola wychodz\u0105 do szko\u0142y. Borys idzie zamy\u015blony. Kopie kamienie czubkiem buta.<\/p>\n\n\n\n<p>&#8211; Nie b\u0105d\u017a smutny \u2013 m\u00f3wi Ola. \u2013 Tutaj jest przecie\u017c ca\u0142kiem fajnie. Wszyscy o nas dbaj\u0105, staraj\u0105 si\u0119, \u017ceby by\u0142o nam jak najlepiej. A z tat\u0105 zobaczymy si\u0119 ju\u017c nied\u0142ugo, m\u00f3wi\u0119 ci. I b\u0119dziemy opowiada\u0107 mu o wszystkim, co nas tu spotka\u0142o.<\/p>\n\n\n\n<p>***<\/p>\n\n\n\n<p>\u0417\u0430 \u044f\u043a\u0438\u0439\u0441\u044c \u0447\u0430\u0441 \u0411\u043e\u0440\u0438\u0441\u043a\u043e \u0439 \u041e\u043b\u044f \u0432\u0438\u0445\u043e\u0434\u044f\u0442\u044c \u0434\u043e \u0448\u043a\u043e\u043b\u0438. \u0417\u0430\u0433\u043b\u0438\u0431\u043b\u0435\u043d\u0438\u0439 \u0443 \u0440\u043e\u0437\u0434\u0443\u043c\u0438 \u0445\u043b\u043e\u043f\u0447\u0438\u043a \u043f\u0456\u0434\u0433\u0438\u043b\u044e\u0454 \u043a\u0430\u043c\u0456\u043d\u0446\u0456 \u043d\u043e\u0441\u0430\u043a\u043e\u043c \u0447\u0435\u0440\u0435\u0432\u0438\u043a\u0430.<\/p>\n\n\n\n<p>&#8211; \u041d\u0435 \u0441\u0443\u043c\u0443\u0439, \u2013 \u043a\u0430\u0436\u0435 \u041e\u043b\u044f. \u2013 \u0422\u0443\u0442 \u0434\u043e\u0441\u0438\u0442\u044c \u043d\u0435\u043f\u043e\u0433\u0430\u043d\u043e. \u0423\u0441\u0456 \u043f\u0440\u043e \u043d\u0430\u0441 \u0434\u0431\u0430\u044e\u0442\u044c, \u0441\u0442\u0430\u0440\u0430\u044e\u0442\u044c\u0441\u044f, \u0449\u043e\u0431 \u043d\u0430\u043c \u0431\u0443\u043b\u043e \u044f\u043a\u043d\u0430\u0439\u043a\u0440\u0430\u0449\u0435. \u0410 \u0437 \u0442\u0430\u0442\u043e\u043c \u043c\u0438 \u0432\u0436\u0435 \u0441\u043a\u043e\u0440\u043e \u0437\u0443\u0441\u0442\u0440\u0456\u043d\u0435\u043c\u043e\u0441\u044f, \u043e\u0442 \u043f\u043e\u0431\u0430\u0447\u0438\u0448. \u0406 \u0431\u0443\u0434\u0435\u043c\u043e \u0440\u043e\u0437\u043f\u043e\u0432\u0456\u0434\u0430\u0442\u0438 \u0439\u043e\u043c\u0443 \u043f\u0440\u043e \u0432\u0441\u0435, \u0449\u043e \u0442\u0443\u0442 \u0437 \u043d\u0430\u043c\u0438 \u0442\u0440\u0430\u043f\u0438\u043b\u043e\u0441\u044c.<\/p>\n<\/div><\/div><\/div><\/div><\/div>\n\n\n\n<div class=\"wp-block-ugb-column ugb-column ugb-0699a89 ugb-column--design-plain ugb-main-block\"><div class=\"ugb-inner-block\"><div class=\"ugb-block-content\"><div class=\"ugb-column__item ugb-0699a89-column-wrapper\"><div class=\"ugb-column__content-wrapper\">\n<div style=\"height:100px\" aria-hidden=\"true\" class=\"wp-block-spacer\"><\/div>\n\n\n\n<h2 class=\"wp-block-heading\" id=\"do-pobrania\"><strong>Do pobrania:<\/strong><\/h2>\n\n\n<div class=\"bs__links\">\r\n    <div class=\"bs__links__section\">\r\n        <ul class=\"bs__links__list\">\r\n                            <li class=\"bs__links__list__item\">\r\n                    <a href=\"https:\/\/cirhi.uwr.edu.pl\/wp-content\/uploads\/sites\/15\/2022\/09\/PU-Book-online.pdf\" class=\"bs__links__list__item__link\">\r\n                        [PL-UKR] Ola i Borys id\u0105 do szko\u0142y \r\n                        <div class=\"bs__links__list__item__link__before__icon\">\r\n                            <div class=\"bs__links__list__item__link__icon\">\r\n                                <svg width=\"40px\" height=\"40px\" viewBox=\"0 0 22 16\" version=\"1.1\">\r\n                                <g stroke=\"none\" strokeWidth=\"1\" fill=\"black\" fillRule=\"evenodd\">\r\n                                    <g>\r\n                                    <polygon points=\"13.4875 0 12 1.6215 18.7875 8 12 14.3795 13.4875 16 21.9995 8\" \/>\r\n                                    <\/g>\r\n                                <\/g>\r\n                                <\/svg>\r\n                            <\/div>\r\n                        <\/div>\r\n                    <\/a>\r\n                <li>\r\n                            <li class=\"bs__links__list__item\">\r\n                    <a href=\"https:\/\/cirhi.uwr.edu.pl\/wp-content\/uploads\/sites\/15\/2022\/09\/PE-Book-online.pdf\" class=\"bs__links__list__item__link\">\r\n                        [PL-ENG] Ola i Borys id\u0105 do szko\u0142y \r\n                        <div class=\"bs__links__list__item__link__before__icon\">\r\n                            <div class=\"bs__links__list__item__link__icon\">\r\n                                <svg width=\"40px\" height=\"40px\" viewBox=\"0 0 22 16\" version=\"1.1\">\r\n                                <g stroke=\"none\" strokeWidth=\"1\" fill=\"black\" fillRule=\"evenodd\">\r\n                                    <g>\r\n                                    <polygon points=\"13.4875 0 12 1.6215 18.7875 8 12 14.3795 13.4875 16 21.9995 8\" \/>\r\n                                    <\/g>\r\n                                <\/g>\r\n                                <\/svg>\r\n                            <\/div>\r\n                        <\/div>\r\n                    <\/a>\r\n                <li>\r\n                    <\/ul>\r\n    <\/div>\r\n<\/div><\/div><\/div><\/div><\/div><\/div>\n<\/div><\/div><\/div><\/div>\n\n\n\n<p><\/p>\n<\/div><\/div><\/div><\/div><\/div><\/div>\n\n\n\n<p><\/p>\n<\/div><\/div><\/div><\/div><\/div><\/div>\n","protected":false},"excerpt":{"rendered":"<p>Ola i Borys id\u0105 do szko\u0142y Jaki\u015b czas p\u00f3\u017aniej Borys i Ola wychodz\u0105 do szko\u0142y. Borys idzie zamy\u015blony. Kopie kamienie czubkiem buta. &#8211; Nie b\u0105d\u017a smutny \u2013 m\u00f3wi Ola. \u2013 Tutaj jest przecie\u017c ca\u0142kiem fajnie. Wszyscy o nas dbaj\u0105, staraj\u0105 si\u0119, \u017ceby by\u0142o nam jak najlepiej. A z tat\u0105 zobaczymy si\u0119 ju\u017c nied\u0142ugo, m\u00f3wi\u0119 ci. [&hellip;]<\/p>\n","protected":false},"author":91,"featured_media":0,"parent":0,"menu_order":0,"comment_status":"closed","ping_status":"closed","template":"","meta":{"_acf_changed":false,"inline_featured_image":false,"site-sidebar-layout":"default","site-content-layout":"","ast-site-content-layout":"default","site-content-style":"default","site-sidebar-style":"default","ast-global-header-display":"","ast-banner-title-visibility":"","ast-main-header-display":"","ast-hfb-above-header-display":"","ast-hfb-below-header-display":"","ast-hfb-mobile-header-display":"","site-post-title":"","ast-breadcrumbs-content":"","ast-featured-img":"","footer-sml-layout":"","ast-disable-related-posts":"","theme-transparent-header-meta":"","adv-header-id-meta":"","stick-header-meta":"","header-above-stick-meta":"","header-main-stick-meta":"","header-below-stick-meta":"","astra-migrate-meta-layouts":"default","ast-page-background-enabled":"default","ast-page-background-meta":{"desktop":{"background-color":"","background-image":"","background-repeat":"repeat","background-position":"center center","background-size":"auto","background-attachment":"scroll","background-type":"","background-media":"","overlay-type":"","overlay-color":"","overlay-opacity":"","overlay-gradient":""},"tablet":{"background-color":"","background-image":"","background-repeat":"repeat","background-position":"center center","background-size":"auto","background-attachment":"scroll","background-type":"","background-media":"","overlay-type":"","overlay-color":"","overlay-opacity":"","overlay-gradient":""},"mobile":{"background-color":"","background-image":"","background-repeat":"repeat","background-position":"center center","background-size":"auto","background-attachment":"scroll","background-type":"","background-media":"","overlay-type":"","overlay-color":"","overlay-opacity":"","overlay-gradient":""}},"ast-content-background-meta":{"desktop":{"background-color":"var(--ast-global-color-5)","background-image":"","background-repeat":"repeat","background-position":"center center","background-size":"auto","background-attachment":"scroll","background-type":"","background-media":"","overlay-type":"","overlay-color":"","overlay-opacity":"","overlay-gradient":""},"tablet":{"background-color":"var(--ast-global-color-5)","background-image":"","background-repeat":"repeat","background-position":"center center","background-size":"auto","background-attachment":"scroll","background-type":"","background-media":"","overlay-type":"","overlay-color":"","overlay-opacity":"","overlay-gradient":""},"mobile":{"background-color":"var(--ast-global-color-5)","background-image":"","background-repeat":"repeat","background-position":"center center","background-size":"auto","background-attachment":"scroll","background-type":"","background-media":"","overlay-type":"","overlay-color":"","overlay-opacity":"","overlay-gradient":""}},"footnotes":""},"categories":[],"tags":[],"class_list":["post-14709","page","type-page","status-publish","hentry"],"featured_image_urls_v2":{"full":"","thumbnail":"","medium":"","medium_large":"","large":"","1536x1536":"","2048x2048":"","menu-24x24":"","menu-36x36":"","menu-48x48":""},"post_excerpt_stackable_v2":"<p>Ola i Borys id\u0105 do szko\u0142y Jaki\u015b czas p\u00f3\u017aniej Borys i Ola wychodz\u0105 do szko\u0142y. Borys idzie zamy\u015blony. Kopie kamienie czubkiem buta. &#8211; Nie b\u0105d\u017a smutny \u2013 m\u00f3wi Ola. \u2013 Tutaj jest przecie\u017c ca\u0142kiem fajnie. Wszyscy o nas dbaj\u0105, staraj\u0105 si\u0119, \u017ceby by\u0142o nam jak najlepiej. A z tat\u0105 zobaczymy si\u0119 ju\u017c nied\u0142ugo, m\u00f3wi\u0119 ci. I b\u0119dziemy opowiada\u0107 mu o wszystkim, co nas tu spotka\u0142o. *** \u0417\u0430 \u044f\u043a\u0438\u0439\u0441\u044c \u0447\u0430\u0441 \u0411\u043e\u0440\u0438\u0441\u043a\u043e \u0439 \u041e\u043b\u044f \u0432\u0438\u0445\u043e\u0434\u044f\u0442\u044c \u0434\u043e \u0448\u043a\u043e\u043b\u0438. \u0417\u0430\u0433\u043b\u0438\u0431\u043b\u0435\u043d\u0438\u0439 \u0443 \u0440\u043e\u0437\u0434\u0443\u043c\u0438 \u0445\u043b\u043e\u043f\u0447\u0438\u043a \u043f\u0456\u0434\u0433\u0438\u043b\u044e\u0454 \u043a\u0430\u043c\u0456\u043d\u0446\u0456 \u043d\u043e\u0441\u0430\u043a\u043e\u043c \u0447\u0435\u0440\u0435\u0432\u0438\u043a\u0430. &#8211; \u041d\u0435 \u0441\u0443\u043c\u0443\u0439, \u2013 \u043a\u0430\u0436\u0435 \u041e\u043b\u044f. \u2013 \u0422\u0443\u0442 \u0434\u043e\u0441\u0438\u0442\u044c \u043d\u0435\u043f\u043e\u0433\u0430\u043d\u043e. \u0423\u0441\u0456 \u043f\u0440\u043e \u043d\u0430\u0441 \u0434\u0431\u0430\u044e\u0442\u044c, \u0441\u0442\u0430\u0440\u0430\u044e\u0442\u044c\u0441\u044f, \u0449\u043e\u0431 \u043d\u0430\u043c&hellip;<\/p>\n","category_list_v2":"Bez kategorii","author_info_v2":{"name":"mglowacka","url":"https:\/\/cirhi.uwr.edu.pl\/pl\/author\/mglowacka\/"},"comments_num_v2":"0 comments","acf":[],"yoast_head":"<!-- This site is optimized with the Yoast SEO plugin v27.1.1 - https:\/\/yoast.com\/product\/yoast-seo-wordpress\/ -->\n<title>Bajka - Ola i Borys id\u0105 do szko\u0142y - Centrum Interdyscyplinarnych Bada\u0144 nad Zdrowiem i Chorob\u0105<\/title>\n<meta name=\"description\" content=\"Jeste\u015bmy pierwszym centrum z humanistyki zdrowia w Polsce. Poznajemy \u015bwiat oczami ludzi, kt\u00f3rzy cierpi\u0105.\" \/>\n<meta name=\"robots\" content=\"index, follow, max-snippet:-1, max-image-preview:large, max-video-preview:-1\" \/>\n<link rel=\"canonical\" href=\"https:\/\/cirhi.uwr.edu.pl\/pl\/bajka-ola-i-borys-ida-do-szkoly\/\" \/>\n<meta property=\"og:locale\" content=\"pl_PL\" \/>\n<meta property=\"og:type\" content=\"article\" \/>\n<meta property=\"og:title\" content=\"Bajka - Ola i Borys id\u0105 do szko\u0142y - Centrum Interdyscyplinarnych Bada\u0144 nad Zdrowiem i Chorob\u0105\" \/>\n<meta property=\"og:description\" content=\"Jeste\u015bmy pierwszym centrum z humanistyki zdrowia w Polsce. Poznajemy \u015bwiat oczami ludzi, kt\u00f3rzy cierpi\u0105.\" \/>\n<meta property=\"og:url\" content=\"https:\/\/cirhi.uwr.edu.pl\/pl\/bajka-ola-i-borys-ida-do-szkoly\/\" \/>\n<meta property=\"og:site_name\" content=\"Centrum Interdyscyplinarnych Bada\u0144 nad Zdrowiem i Chorob\u0105\" \/>\n<meta property=\"article:modified_time\" content=\"2022-09-14T08:04:23+00:00\" \/>\n<meta property=\"og:image\" content=\"https:\/\/cirhi.uwr.edu.pl\/wp-content\/uploads\/sites\/15\/2022\/09\/1-2-1024x687.png\" \/>\n<meta name=\"twitter:card\" content=\"summary_large_image\" \/>\n<meta name=\"twitter:label1\" content=\"Szacowany czas czytania\" \/>\n\t<meta name=\"twitter:data1\" content=\"2 minuty\" \/>\n<script type=\"application\/ld+json\" class=\"yoast-schema-graph\">{\"@context\":\"https:\/\/schema.org\",\"@graph\":[{\"@type\":\"WebPage\",\"@id\":\"https:\/\/cirhi.uwr.edu.pl\/pl\/bajka-ola-i-borys-ida-do-szkoly\/\",\"url\":\"https:\/\/cirhi.uwr.edu.pl\/pl\/bajka-ola-i-borys-ida-do-szkoly\/\",\"name\":\"Bajka - Ola i Borys id\u0105 do szko\u0142y - Centrum Interdyscyplinarnych Bada\u0144 nad Zdrowiem i Chorob\u0105\",\"isPartOf\":{\"@id\":\"https:\/\/cirhi.uwr.edu.pl\/pl\/#website\"},\"primaryImageOfPage\":{\"@id\":\"https:\/\/cirhi.uwr.edu.pl\/pl\/bajka-ola-i-borys-ida-do-szkoly\/#primaryimage\"},\"image\":{\"@id\":\"https:\/\/cirhi.uwr.edu.pl\/pl\/bajka-ola-i-borys-ida-do-szkoly\/#primaryimage\"},\"thumbnailUrl\":\"https:\/\/cirhi.uwr.edu.pl\/wp-content\/uploads\/sites\/15\/2022\/09\/1-2-1024x687.png\",\"datePublished\":\"2022-09-06T20:01:32+00:00\",\"dateModified\":\"2022-09-14T08:04:23+00:00\",\"description\":\"Jeste\u015bmy pierwszym centrum z humanistyki zdrowia w Polsce. Poznajemy \u015bwiat oczami ludzi, kt\u00f3rzy cierpi\u0105.\",\"breadcrumb\":{\"@id\":\"https:\/\/cirhi.uwr.edu.pl\/pl\/bajka-ola-i-borys-ida-do-szkoly\/#breadcrumb\"},\"inLanguage\":\"pl-PL\",\"potentialAction\":[{\"@type\":\"ReadAction\",\"target\":[\"https:\/\/cirhi.uwr.edu.pl\/pl\/bajka-ola-i-borys-ida-do-szkoly\/\"]}]},{\"@type\":\"ImageObject\",\"inLanguage\":\"pl-PL\",\"@id\":\"https:\/\/cirhi.uwr.edu.pl\/pl\/bajka-ola-i-borys-ida-do-szkoly\/#primaryimage\",\"url\":\"https:\/\/cirhi.uwr.edu.pl\/wp-content\/uploads\/sites\/15\/2022\/09\/1-2-1024x687.png\",\"contentUrl\":\"https:\/\/cirhi.uwr.edu.pl\/wp-content\/uploads\/sites\/15\/2022\/09\/1-2-1024x687.png\"},{\"@type\":\"BreadcrumbList\",\"@id\":\"https:\/\/cirhi.uwr.edu.pl\/pl\/bajka-ola-i-borys-ida-do-szkoly\/#breadcrumb\",\"itemListElement\":[{\"@type\":\"ListItem\",\"position\":1,\"name\":\"Strona g\u0142\u00f3wna\",\"item\":\"https:\/\/cirhi.uwr.edu.pl\/pl\/\"},{\"@type\":\"ListItem\",\"position\":2,\"name\":\"Bajka &#8211; Ola i Borys id\u0105 do szko\u0142y\"}]},{\"@type\":\"WebSite\",\"@id\":\"https:\/\/cirhi.uwr.edu.pl\/pl\/#website\",\"url\":\"https:\/\/cirhi.uwr.edu.pl\/pl\/\",\"name\":\"Centrum Interdyscyplinarnych Bada\u0144 nad Zdrowiem i Chorob\u0105\",\"description\":\"Kolejna witryna sieci \u201eUWR Witryny\u201d\",\"publisher\":{\"@id\":\"https:\/\/cirhi.uwr.edu.pl\/pl\/#organization\"},\"potentialAction\":[{\"@type\":\"SearchAction\",\"target\":{\"@type\":\"EntryPoint\",\"urlTemplate\":\"https:\/\/cirhi.uwr.edu.pl\/pl\/?s={search_term_string}\"},\"query-input\":{\"@type\":\"PropertyValueSpecification\",\"valueRequired\":true,\"valueName\":\"search_term_string\"}}],\"inLanguage\":\"pl-PL\"},{\"@type\":\"Organization\",\"@id\":\"https:\/\/cirhi.uwr.edu.pl\/pl\/#organization\",\"name\":\"Centrum Interdyscyplinarnych Bada\u0144 nad Zdrowiem i Chorob\u0105\",\"url\":\"https:\/\/cirhi.uwr.edu.pl\/pl\/\",\"logo\":{\"@type\":\"ImageObject\",\"inLanguage\":\"pl-PL\",\"@id\":\"https:\/\/cirhi.uwr.edu.pl\/pl\/#\/schema\/logo\/image\/\",\"url\":\"https:\/\/cirhi.uwr.edu.pl\/wp-content\/uploads\/sites\/15\/2025\/10\/UWr-logotyp-2025.png\",\"contentUrl\":\"https:\/\/cirhi.uwr.edu.pl\/wp-content\/uploads\/sites\/15\/2025\/10\/UWr-logotyp-2025.png\",\"width\":764,\"height\":269,\"caption\":\"Centrum Interdyscyplinarnych Bada\u0144 nad Zdrowiem i Chorob\u0105\"},\"image\":{\"@id\":\"https:\/\/cirhi.uwr.edu.pl\/pl\/#\/schema\/logo\/image\/\"}}]}<\/script>\n<!-- \/ Yoast SEO plugin. -->","yoast_head_json":{"title":"Bajka - Ola i Borys id\u0105 do szko\u0142y - Centrum Interdyscyplinarnych Bada\u0144 nad Zdrowiem i Chorob\u0105","description":"Jeste\u015bmy pierwszym centrum z humanistyki zdrowia w Polsce. Poznajemy \u015bwiat oczami ludzi, kt\u00f3rzy cierpi\u0105.","robots":{"index":"index","follow":"follow","max-snippet":"max-snippet:-1","max-image-preview":"max-image-preview:large","max-video-preview":"max-video-preview:-1"},"canonical":"https:\/\/cirhi.uwr.edu.pl\/pl\/bajka-ola-i-borys-ida-do-szkoly\/","og_locale":"pl_PL","og_type":"article","og_title":"Bajka - Ola i Borys id\u0105 do szko\u0142y - Centrum Interdyscyplinarnych Bada\u0144 nad Zdrowiem i Chorob\u0105","og_description":"Jeste\u015bmy pierwszym centrum z humanistyki zdrowia w Polsce. Poznajemy \u015bwiat oczami ludzi, kt\u00f3rzy cierpi\u0105.","og_url":"https:\/\/cirhi.uwr.edu.pl\/pl\/bajka-ola-i-borys-ida-do-szkoly\/","og_site_name":"Centrum Interdyscyplinarnych Bada\u0144 nad Zdrowiem i Chorob\u0105","article_modified_time":"2022-09-14T08:04:23+00:00","og_image":[{"url":"https:\/\/cirhi.uwr.edu.pl\/wp-content\/uploads\/sites\/15\/2022\/09\/1-2-1024x687.png","type":"","width":"","height":""}],"twitter_card":"summary_large_image","twitter_misc":{"Szacowany czas czytania":"2 minuty"},"schema":{"@context":"https:\/\/schema.org","@graph":[{"@type":"WebPage","@id":"https:\/\/cirhi.uwr.edu.pl\/pl\/bajka-ola-i-borys-ida-do-szkoly\/","url":"https:\/\/cirhi.uwr.edu.pl\/pl\/bajka-ola-i-borys-ida-do-szkoly\/","name":"Bajka - Ola i Borys id\u0105 do szko\u0142y - Centrum Interdyscyplinarnych Bada\u0144 nad Zdrowiem i Chorob\u0105","isPartOf":{"@id":"https:\/\/cirhi.uwr.edu.pl\/pl\/#website"},"primaryImageOfPage":{"@id":"https:\/\/cirhi.uwr.edu.pl\/pl\/bajka-ola-i-borys-ida-do-szkoly\/#primaryimage"},"image":{"@id":"https:\/\/cirhi.uwr.edu.pl\/pl\/bajka-ola-i-borys-ida-do-szkoly\/#primaryimage"},"thumbnailUrl":"https:\/\/cirhi.uwr.edu.pl\/wp-content\/uploads\/sites\/15\/2022\/09\/1-2-1024x687.png","datePublished":"2022-09-06T20:01:32+00:00","dateModified":"2022-09-14T08:04:23+00:00","description":"Jeste\u015bmy pierwszym centrum z humanistyki zdrowia w Polsce. Poznajemy \u015bwiat oczami ludzi, kt\u00f3rzy cierpi\u0105.","breadcrumb":{"@id":"https:\/\/cirhi.uwr.edu.pl\/pl\/bajka-ola-i-borys-ida-do-szkoly\/#breadcrumb"},"inLanguage":"pl-PL","potentialAction":[{"@type":"ReadAction","target":["https:\/\/cirhi.uwr.edu.pl\/pl\/bajka-ola-i-borys-ida-do-szkoly\/"]}]},{"@type":"ImageObject","inLanguage":"pl-PL","@id":"https:\/\/cirhi.uwr.edu.pl\/pl\/bajka-ola-i-borys-ida-do-szkoly\/#primaryimage","url":"https:\/\/cirhi.uwr.edu.pl\/wp-content\/uploads\/sites\/15\/2022\/09\/1-2-1024x687.png","contentUrl":"https:\/\/cirhi.uwr.edu.pl\/wp-content\/uploads\/sites\/15\/2022\/09\/1-2-1024x687.png"},{"@type":"BreadcrumbList","@id":"https:\/\/cirhi.uwr.edu.pl\/pl\/bajka-ola-i-borys-ida-do-szkoly\/#breadcrumb","itemListElement":[{"@type":"ListItem","position":1,"name":"Strona g\u0142\u00f3wna","item":"https:\/\/cirhi.uwr.edu.pl\/pl\/"},{"@type":"ListItem","position":2,"name":"Bajka &#8211; Ola i Borys id\u0105 do szko\u0142y"}]},{"@type":"WebSite","@id":"https:\/\/cirhi.uwr.edu.pl\/pl\/#website","url":"https:\/\/cirhi.uwr.edu.pl\/pl\/","name":"Centrum Interdyscyplinarnych Bada\u0144 nad Zdrowiem i Chorob\u0105","description":"Kolejna witryna sieci \u201eUWR Witryny\u201d","publisher":{"@id":"https:\/\/cirhi.uwr.edu.pl\/pl\/#organization"},"potentialAction":[{"@type":"SearchAction","target":{"@type":"EntryPoint","urlTemplate":"https:\/\/cirhi.uwr.edu.pl\/pl\/?s={search_term_string}"},"query-input":{"@type":"PropertyValueSpecification","valueRequired":true,"valueName":"search_term_string"}}],"inLanguage":"pl-PL"},{"@type":"Organization","@id":"https:\/\/cirhi.uwr.edu.pl\/pl\/#organization","name":"Centrum Interdyscyplinarnych Bada\u0144 nad Zdrowiem i Chorob\u0105","url":"https:\/\/cirhi.uwr.edu.pl\/pl\/","logo":{"@type":"ImageObject","inLanguage":"pl-PL","@id":"https:\/\/cirhi.uwr.edu.pl\/pl\/#\/schema\/logo\/image\/","url":"https:\/\/cirhi.uwr.edu.pl\/wp-content\/uploads\/sites\/15\/2025\/10\/UWr-logotyp-2025.png","contentUrl":"https:\/\/cirhi.uwr.edu.pl\/wp-content\/uploads\/sites\/15\/2025\/10\/UWr-logotyp-2025.png","width":764,"height":269,"caption":"Centrum Interdyscyplinarnych Bada\u0144 nad Zdrowiem i Chorob\u0105"},"image":{"@id":"https:\/\/cirhi.uwr.edu.pl\/pl\/#\/schema\/logo\/image\/"}}]}},"publishpress_future_action":{"enabled":false,"date":"2026-04-30 21:07:06","action":"change-status","newStatus":"draft","terms":[],"taxonomy":"category","extraData":[]},"publishpress_future_workflow_manual_trigger":{"enabledWorkflows":[]},"_links":{"self":[{"href":"https:\/\/cirhi.uwr.edu.pl\/pl\/wp-json\/wp\/v2\/pages\/14709\/"}],"collection":[{"href":"https:\/\/cirhi.uwr.edu.pl\/pl\/wp-json\/wp\/v2\/pages\/"}],"about":[{"href":"https:\/\/cirhi.uwr.edu.pl\/pl\/wp-json\/wp\/v2\/types\/page\/"}],"author":[{"embeddable":true,"href":"https:\/\/cirhi.uwr.edu.pl\/pl\/wp-json\/wp\/v2\/users\/91\/"}],"replies":[{"embeddable":true,"href":"https:\/\/cirhi.uwr.edu.pl\/pl\/wp-json\/wp\/v2\/comments\/?post=14709"}],"version-history":[{"count":4,"href":"https:\/\/cirhi.uwr.edu.pl\/pl\/wp-json\/wp\/v2\/pages\/14709\/revisions\/"}],"predecessor-version":[{"id":14778,"href":"https:\/\/cirhi.uwr.edu.pl\/pl\/wp-json\/wp\/v2\/pages\/14709\/revisions\/14778\/"}],"wp:attachment":[{"href":"https:\/\/cirhi.uwr.edu.pl\/pl\/wp-json\/wp\/v2\/media\/?parent=14709"}],"wp:term":[{"taxonomy":"category","embeddable":true,"href":"https:\/\/cirhi.uwr.edu.pl\/pl\/wp-json\/wp\/v2\/categories\/?post=14709"},{"taxonomy":"post_tag","embeddable":true,"href":"https:\/\/cirhi.uwr.edu.pl\/pl\/wp-json\/wp\/v2\/tags\/?post=14709"}],"curies":[{"name":"wp","href":"https:\/\/api.w.org\/{rel}","templated":true}]}}