{"id":16170,"date":"2023-10-17T16:31:12","date_gmt":"2023-10-17T14:31:12","guid":{"rendered":"https:\/\/cirhi.uwr.edu.pl\/?page_id=16170"},"modified":"2023-10-18T23:58:57","modified_gmt":"2023-10-18T21:58:57","slug":"paul-mokrzycki","status":"publish","type":"page","link":"https:\/\/cirhi.uwr.edu.pl\/pl\/zespol\/paul-mokrzycki\/","title":{"rendered":"Paul Mokrzycki"},"content":{"rendered":"\n<div class=\"wp-block-ugb-container ugb-container ugb-8dda971 ugb-container--v2 ugb-container--design-plain ugb-main-block\"><div class=\"ugb-inner-block\"><div class=\"ugb-block-content\"><div class=\"ugb-container__wrapper ugb-8dda971-wrapper\"><div class=\"ugb-container__side\"><div class=\"ugb-container__content-wrapper ugb-8dda971-content-wrapper\">\n<div class=\"wp-block-columns bs-news-page is-layout-flex wp-block-columns-is-layout-flex\">\n<div class=\"wp-block-column bs-kontakt-photo is-layout-flow wp-block-column-is-layout-flow\">\n<figure class=\"wp-block-image size-large\"><img loading=\"lazy\" decoding=\"async\" width=\"1024\" height=\"819\" src=\"https:\/\/cirhi.uwr.edu.pl\/wp-content\/uploads\/sites\/15\/2023\/10\/IMG_5312-_4_-1-1024x819.webp\" alt=\"Paul\" class=\"wp-image-16122\" srcset=\"https:\/\/cirhi.uwr.edu.pl\/wp-content\/uploads\/sites\/15\/2023\/10\/IMG_5312-_4_-1-1024x819.webp 1024w, https:\/\/cirhi.uwr.edu.pl\/wp-content\/uploads\/sites\/15\/2023\/10\/IMG_5312-_4_-1-300x240.webp 300w, https:\/\/cirhi.uwr.edu.pl\/wp-content\/uploads\/sites\/15\/2023\/10\/IMG_5312-_4_-1-768x614.webp 768w, https:\/\/cirhi.uwr.edu.pl\/wp-content\/uploads\/sites\/15\/2023\/10\/IMG_5312-_4_-1-1536x1229.webp 1536w, https:\/\/cirhi.uwr.edu.pl\/wp-content\/uploads\/sites\/15\/2023\/10\/IMG_5312-_4_-1-2048x1639.webp 2048w, https:\/\/cirhi.uwr.edu.pl\/wp-content\/uploads\/sites\/15\/2023\/10\/IMG_5312-_4_-1-1320x1056.webp 1320w, https:\/\/cirhi.uwr.edu.pl\/wp-content\/uploads\/sites\/15\/2023\/10\/IMG_5312-_4_-1-24x19.webp 24w, https:\/\/cirhi.uwr.edu.pl\/wp-content\/uploads\/sites\/15\/2023\/10\/IMG_5312-_4_-1-36x29.webp 36w, https:\/\/cirhi.uwr.edu.pl\/wp-content\/uploads\/sites\/15\/2023\/10\/IMG_5312-_4_-1-48x38.webp 48w\" sizes=\"auto, (max-width: 1024px) 100vw, 1024px\" \/><\/figure>\n<\/div>\n\n\n\n<div class=\"wp-block-column bs-contact-right-column is-layout-flow wp-block-column-is-layout-flow\">\n<div class=\"wp-block-bonasoft-modular-breadcrumbs-block\"><div class=\"bs_add_breadcrumb_trail\"><\/div><\/div>\n\n\n\n<hr class=\"wp-block-separator has-text-color has-black-color has-css-opacity has-black-background-color has-background is-style-wide bs-border-kontakt\"\/>\n\n\n\n<h1 class=\"wp-block-heading bs-naglowek-podstrony\" id=\"magdalena-witkowicz\">Paul Mokrzycki<\/h1>\n\n\n\n<p>Jestem zaanga\u017cowany w sprawy zwi\u0105zane z polityk\u0105 mieszkaniow\u0105 i zdrowiem. Uko\u0144czy\u0142em Uniwersytet w Rochester z tytu\u0142em licencjata w dziedzinie zdrowia \u015brodowiskowego i tytu\u0142em magistra w dziedzinie rozwoju cz\u0142owieka, ze specjalizacj\u0105 w badaniach. Moja praca magisterska dotyczy\u0142a biopsychospo\u0142ecznych konsekwencji przyspieszonego starzenia si\u0119 w odniesieniu do statusu mieszkaniowego, w szczeg\u00f3lno\u015bci w populacji os\u00f3b bezdomnych i pozbawionych schronienia.\u00a0<\/p>\n\n\n\n<p>W swoich aktualnych badaniach zajmuj\u0119 si\u0119 czynnikami \u015brodowiskowymi wchodz\u0105cymi w interakcje ze statusem mieszkaniowym i warunkami \u017cycia, kt\u00f3re wp\u0142ywaj\u0105 na ludzkie zdrowie i samopoczucie. Interesuj\u0105 mnie podstawowe interwencje odnosz\u0105ce si\u0119 do r\u00f3\u017cnic zdrowotnych wynikaj\u0105cych ze zmian klimatu, w zakresie strategii mieszkaniowych i pozyskiwania \u015brodk\u00f3w do \u017cycia. W swojej pracy chc\u0119 rozwija\u0107 metody oparte na uczestnictwie badanych spo\u0142eczno\u015bci.\u00a0\u00a0<\/p>\n\n\n\n<p>Chcia\u0142bym zajmowa\u0107 si\u0119 rzecznictwem w dziedzinie polityki mieszkaniowej i badaniami socjomedycznymi, poprzez prac\u0119 ze spo\u0142eczno\u015bciami \u017cyj\u0105cymi w niepewnych warunkach mieszkaniowych zwi\u0105zanych z kryzysami humanitarnymi na ca\u0142ym \u015bwiecie.&nbsp;<\/p>\n\n\n\n<ul class=\"wp-block-list\">\n<li>Email: <a href=\"mailto:magdalena.witkowicz@uwr.edu.pl\">paul.mokrzycki@uwr.edu.pl<\/a><\/li>\n<\/ul>\n<\/div>\n<\/div>\n<\/div><\/div><\/div><\/div><\/div><\/div>\n","protected":false},"excerpt":{"rendered":"<p>Paul Mokrzycki Jestem zaanga\u017cowany w sprawy zwi\u0105zane z polityk\u0105 mieszkaniow\u0105 i zdrowiem. Uko\u0144czy\u0142em Uniwersytet w Rochester z tytu\u0142em licencjata w dziedzinie zdrowia \u015brodowiskowego i tytu\u0142em magistra w dziedzinie rozwoju cz\u0142owieka, ze specjalizacj\u0105 w badaniach. Moja praca magisterska dotyczy\u0142a biopsychospo\u0142ecznych konsekwencji przyspieszonego starzenia si\u0119 w odniesieniu do statusu mieszkaniowego, w szczeg\u00f3lno\u015bci w populacji os\u00f3b bezdomnych i [&hellip;]<\/p>\n","protected":false},"author":2106,"featured_media":16122,"parent":12751,"menu_order":36,"comment_status":"closed","ping_status":"closed","template":"","meta":{"_acf_changed":false,"inline_featured_image":false,"site-sidebar-layout":"default","site-content-layout":"","ast-site-content-layout":"default","site-content-style":"default","site-sidebar-style":"default","ast-global-header-display":"","ast-banner-title-visibility":"","ast-main-header-display":"","ast-hfb-above-header-display":"","ast-hfb-below-header-display":"","ast-hfb-mobile-header-display":"","site-post-title":"","ast-breadcrumbs-content":"","ast-featured-img":"","footer-sml-layout":"","ast-disable-related-posts":"","theme-transparent-header-meta":"","adv-header-id-meta":"","stick-header-meta":"","header-above-stick-meta":"","header-main-stick-meta":"","header-below-stick-meta":"","astra-migrate-meta-layouts":"default","ast-page-background-enabled":"default","ast-page-background-meta":{"desktop":{"background-color":"","background-image":"","background-repeat":"repeat","background-position":"center center","background-size":"auto","background-attachment":"scroll","background-type":"","background-media":"","overlay-type":"","overlay-color":"","overlay-opacity":"","overlay-gradient":""},"tablet":{"background-color":"","background-image":"","background-repeat":"repeat","background-position":"center center","background-size":"auto","background-attachment":"scroll","background-type":"","background-media":"","overlay-type":"","overlay-color":"","overlay-opacity":"","overlay-gradient":""},"mobile":{"background-color":"","background-image":"","background-repeat":"repeat","background-position":"center center","background-size":"auto","background-attachment":"scroll","background-type":"","background-media":"","overlay-type":"","overlay-color":"","overlay-opacity":"","overlay-gradient":""}},"ast-content-background-meta":{"desktop":{"background-color":"var(--ast-global-color-5)","background-image":"","background-repeat":"repeat","background-position":"center center","background-size":"auto","background-attachment":"scroll","background-type":"","background-media":"","overlay-type":"","overlay-color":"","overlay-opacity":"","overlay-gradient":""},"tablet":{"background-color":"var(--ast-global-color-5)","background-image":"","background-repeat":"repeat","background-position":"center center","background-size":"auto","background-attachment":"scroll","background-type":"","background-media":"","overlay-type":"","overlay-color":"","overlay-opacity":"","overlay-gradient":""},"mobile":{"background-color":"var(--ast-global-color-5)","background-image":"","background-repeat":"repeat","background-position":"center center","background-size":"auto","background-attachment":"scroll","background-type":"","background-media":"","overlay-type":"","overlay-color":"","overlay-opacity":"","overlay-gradient":""}},"footnotes":""},"categories":[],"tags":[],"class_list":["post-16170","page","type-page","status-publish","has-post-thumbnail","hentry"],"featured_image_urls_v2":{"full":["https:\/\/cirhi.uwr.edu.pl\/wp-content\/uploads\/sites\/15\/2023\/10\/IMG_5312-_4_-1.webp",2441,1953,false],"thumbnail":["https:\/\/cirhi.uwr.edu.pl\/wp-content\/uploads\/sites\/15\/2023\/10\/IMG_5312-_4_-1-150x150.webp",150,150,true],"medium":["https:\/\/cirhi.uwr.edu.pl\/wp-content\/uploads\/sites\/15\/2023\/10\/IMG_5312-_4_-1-300x240.webp",300,240,true],"medium_large":["https:\/\/cirhi.uwr.edu.pl\/wp-content\/uploads\/sites\/15\/2023\/10\/IMG_5312-_4_-1-768x614.webp",768,614,true],"large":["https:\/\/cirhi.uwr.edu.pl\/wp-content\/uploads\/sites\/15\/2023\/10\/IMG_5312-_4_-1-1024x819.webp",1024,819,true],"1536x1536":["https:\/\/cirhi.uwr.edu.pl\/wp-content\/uploads\/sites\/15\/2023\/10\/IMG_5312-_4_-1-1536x1229.webp",1536,1229,true],"2048x2048":["https:\/\/cirhi.uwr.edu.pl\/wp-content\/uploads\/sites\/15\/2023\/10\/IMG_5312-_4_-1-2048x1639.webp",2048,1639,true],"menu-24x24":["https:\/\/cirhi.uwr.edu.pl\/wp-content\/uploads\/sites\/15\/2023\/10\/IMG_5312-_4_-1-24x19.webp",24,19,true],"menu-36x36":["https:\/\/cirhi.uwr.edu.pl\/wp-content\/uploads\/sites\/15\/2023\/10\/IMG_5312-_4_-1-36x29.webp",36,29,true],"menu-48x48":["https:\/\/cirhi.uwr.edu.pl\/wp-content\/uploads\/sites\/15\/2023\/10\/IMG_5312-_4_-1-48x38.webp",48,38,true]},"post_excerpt_stackable_v2":"<p>Paul Mokrzycki Jestem zaanga\u017cowany w sprawy zwi\u0105zane z polityk\u0105 mieszkaniow\u0105 i zdrowiem. Uko\u0144czy\u0142em Uniwersytet w Rochester z tytu\u0142em licencjata w dziedzinie zdrowia \u015brodowiskowego i tytu\u0142em magistra w dziedzinie rozwoju cz\u0142owieka, ze specjalizacj\u0105 w badaniach. Moja praca magisterska dotyczy\u0142a biopsychospo\u0142ecznych konsekwencji przyspieszonego starzenia si\u0119 w odniesieniu do statusu mieszkaniowego, w szczeg\u00f3lno\u015bci w populacji os\u00f3b bezdomnych i pozbawionych schronienia.\u00a0 W swoich aktualnych badaniach zajmuj\u0119 si\u0119 czynnikami \u015brodowiskowymi wchodz\u0105cymi w interakcje ze statusem mieszkaniowym i warunkami \u017cycia, kt\u00f3re wp\u0142ywaj\u0105 na ludzkie zdrowie i samopoczucie. Interesuj\u0105 mnie podstawowe interwencje odnosz\u0105ce si\u0119 do r\u00f3\u017cnic zdrowotnych wynikaj\u0105cych ze zmian klimatu, w zakresie strategii mieszkaniowych i pozyskiwania&hellip;<\/p>\n","category_list_v2":"Bez kategorii","author_info_v2":{"name":"mwitkowicz","url":"https:\/\/cirhi.uwr.edu.pl\/pl\/author\/mwitkowicz\/"},"comments_num_v2":"0 comments","acf":[],"yoast_head":"<!-- This site is optimized with the Yoast SEO plugin v27.1.1 - https:\/\/yoast.com\/product\/yoast-seo-wordpress\/ -->\n<title>Paul Mokrzycki - Centrum Interdyscyplinarnych Bada\u0144 nad Zdrowiem i Chorob\u0105<\/title>\n<meta name=\"description\" content=\"Jeste\u015bmy pierwszym centrum z humanistyki zdrowia w Polsce. Poznajemy \u015bwiat oczami ludzi, kt\u00f3rzy cierpi\u0105.\" \/>\n<meta name=\"robots\" content=\"index, follow, max-snippet:-1, max-image-preview:large, max-video-preview:-1\" \/>\n<link rel=\"canonical\" href=\"https:\/\/cirhi.uwr.edu.pl\/pl\/zespol\/paul-mokrzycki\/\" \/>\n<meta property=\"og:locale\" content=\"pl_PL\" \/>\n<meta property=\"og:type\" content=\"article\" \/>\n<meta property=\"og:title\" content=\"Paul Mokrzycki - Centrum Interdyscyplinarnych Bada\u0144 nad Zdrowiem i Chorob\u0105\" \/>\n<meta property=\"og:description\" content=\"Jeste\u015bmy pierwszym centrum z humanistyki zdrowia w Polsce. Poznajemy \u015bwiat oczami ludzi, kt\u00f3rzy cierpi\u0105.\" \/>\n<meta property=\"og:url\" content=\"https:\/\/cirhi.uwr.edu.pl\/pl\/zespol\/paul-mokrzycki\/\" \/>\n<meta property=\"og:site_name\" content=\"Centrum Interdyscyplinarnych Bada\u0144 nad Zdrowiem i Chorob\u0105\" \/>\n<meta property=\"article:modified_time\" content=\"2023-10-18T21:58:57+00:00\" \/>\n<meta property=\"og:image\" content=\"https:\/\/cirhi.uwr.edu.pl\/wp-content\/uploads\/sites\/15\/2023\/10\/IMG_5312-_4_-1.webp\" \/>\n\t<meta property=\"og:image:width\" content=\"2441\" \/>\n\t<meta property=\"og:image:height\" content=\"1953\" \/>\n\t<meta property=\"og:image:type\" content=\"image\/webp\" \/>\n<meta name=\"twitter:card\" content=\"summary_large_image\" \/>\n<meta name=\"twitter:label1\" content=\"Szacowany czas czytania\" \/>\n\t<meta name=\"twitter:data1\" content=\"2 minuty\" \/>\n<script type=\"application\/ld+json\" class=\"yoast-schema-graph\">{\"@context\":\"https:\/\/schema.org\",\"@graph\":[{\"@type\":\"WebPage\",\"@id\":\"https:\/\/cirhi.uwr.edu.pl\/pl\/zespol\/paul-mokrzycki\/\",\"url\":\"https:\/\/cirhi.uwr.edu.pl\/pl\/zespol\/paul-mokrzycki\/\",\"name\":\"Paul Mokrzycki - Centrum Interdyscyplinarnych Bada\u0144 nad Zdrowiem i Chorob\u0105\",\"isPartOf\":{\"@id\":\"https:\/\/cirhi.uwr.edu.pl\/pl\/#website\"},\"primaryImageOfPage\":{\"@id\":\"https:\/\/cirhi.uwr.edu.pl\/pl\/zespol\/paul-mokrzycki\/#primaryimage\"},\"image\":{\"@id\":\"https:\/\/cirhi.uwr.edu.pl\/pl\/zespol\/paul-mokrzycki\/#primaryimage\"},\"thumbnailUrl\":\"https:\/\/cirhi.uwr.edu.pl\/wp-content\/uploads\/sites\/15\/2023\/10\/IMG_5312-_4_-1.webp\",\"datePublished\":\"2023-10-17T14:31:12+00:00\",\"dateModified\":\"2023-10-18T21:58:57+00:00\",\"description\":\"Jeste\u015bmy pierwszym centrum z humanistyki zdrowia w Polsce. Poznajemy \u015bwiat oczami ludzi, kt\u00f3rzy cierpi\u0105.\",\"breadcrumb\":{\"@id\":\"https:\/\/cirhi.uwr.edu.pl\/pl\/zespol\/paul-mokrzycki\/#breadcrumb\"},\"inLanguage\":\"pl-PL\",\"potentialAction\":[{\"@type\":\"ReadAction\",\"target\":[\"https:\/\/cirhi.uwr.edu.pl\/pl\/zespol\/paul-mokrzycki\/\"]}]},{\"@type\":\"ImageObject\",\"inLanguage\":\"pl-PL\",\"@id\":\"https:\/\/cirhi.uwr.edu.pl\/pl\/zespol\/paul-mokrzycki\/#primaryimage\",\"url\":\"https:\/\/cirhi.uwr.edu.pl\/wp-content\/uploads\/sites\/15\/2023\/10\/IMG_5312-_4_-1.webp\",\"contentUrl\":\"https:\/\/cirhi.uwr.edu.pl\/wp-content\/uploads\/sites\/15\/2023\/10\/IMG_5312-_4_-1.webp\",\"width\":2441,\"height\":1953,\"caption\":\"Paul\"},{\"@type\":\"BreadcrumbList\",\"@id\":\"https:\/\/cirhi.uwr.edu.pl\/pl\/zespol\/paul-mokrzycki\/#breadcrumb\",\"itemListElement\":[{\"@type\":\"ListItem\",\"position\":1,\"name\":\"Strona g\u0142\u00f3wna\",\"item\":\"https:\/\/cirhi.uwr.edu.pl\/pl\/\"},{\"@type\":\"ListItem\",\"position\":2,\"name\":\"Zesp\u00f3\u0142\",\"item\":\"https:\/\/cirhi.uwr.edu.pl\/pl\/zespol\/\"},{\"@type\":\"ListItem\",\"position\":3,\"name\":\"Paul Mokrzycki\"}]},{\"@type\":\"WebSite\",\"@id\":\"https:\/\/cirhi.uwr.edu.pl\/pl\/#website\",\"url\":\"https:\/\/cirhi.uwr.edu.pl\/pl\/\",\"name\":\"Centrum Interdyscyplinarnych Bada\u0144 nad Zdrowiem i Chorob\u0105\",\"description\":\"Kolejna witryna sieci \u201eUWR Witryny\u201d\",\"publisher\":{\"@id\":\"https:\/\/cirhi.uwr.edu.pl\/pl\/#organization\"},\"potentialAction\":[{\"@type\":\"SearchAction\",\"target\":{\"@type\":\"EntryPoint\",\"urlTemplate\":\"https:\/\/cirhi.uwr.edu.pl\/pl\/?s={search_term_string}\"},\"query-input\":{\"@type\":\"PropertyValueSpecification\",\"valueRequired\":true,\"valueName\":\"search_term_string\"}}],\"inLanguage\":\"pl-PL\"},{\"@type\":\"Organization\",\"@id\":\"https:\/\/cirhi.uwr.edu.pl\/pl\/#organization\",\"name\":\"Centrum Interdyscyplinarnych Bada\u0144 nad Zdrowiem i Chorob\u0105\",\"url\":\"https:\/\/cirhi.uwr.edu.pl\/pl\/\",\"logo\":{\"@type\":\"ImageObject\",\"inLanguage\":\"pl-PL\",\"@id\":\"https:\/\/cirhi.uwr.edu.pl\/pl\/#\/schema\/logo\/image\/\",\"url\":\"https:\/\/cirhi.uwr.edu.pl\/wp-content\/uploads\/sites\/15\/2025\/10\/UWr-logotyp-2025.png\",\"contentUrl\":\"https:\/\/cirhi.uwr.edu.pl\/wp-content\/uploads\/sites\/15\/2025\/10\/UWr-logotyp-2025.png\",\"width\":764,\"height\":269,\"caption\":\"Centrum Interdyscyplinarnych Bada\u0144 nad Zdrowiem i Chorob\u0105\"},\"image\":{\"@id\":\"https:\/\/cirhi.uwr.edu.pl\/pl\/#\/schema\/logo\/image\/\"}}]}<\/script>\n<!-- \/ Yoast SEO plugin. -->","yoast_head_json":{"title":"Paul Mokrzycki - Centrum Interdyscyplinarnych Bada\u0144 nad Zdrowiem i Chorob\u0105","description":"Jeste\u015bmy pierwszym centrum z humanistyki zdrowia w Polsce. Poznajemy \u015bwiat oczami ludzi, kt\u00f3rzy cierpi\u0105.","robots":{"index":"index","follow":"follow","max-snippet":"max-snippet:-1","max-image-preview":"max-image-preview:large","max-video-preview":"max-video-preview:-1"},"canonical":"https:\/\/cirhi.uwr.edu.pl\/pl\/zespol\/paul-mokrzycki\/","og_locale":"pl_PL","og_type":"article","og_title":"Paul Mokrzycki - Centrum Interdyscyplinarnych Bada\u0144 nad Zdrowiem i Chorob\u0105","og_description":"Jeste\u015bmy pierwszym centrum z humanistyki zdrowia w Polsce. Poznajemy \u015bwiat oczami ludzi, kt\u00f3rzy cierpi\u0105.","og_url":"https:\/\/cirhi.uwr.edu.pl\/pl\/zespol\/paul-mokrzycki\/","og_site_name":"Centrum Interdyscyplinarnych Bada\u0144 nad Zdrowiem i Chorob\u0105","article_modified_time":"2023-10-18T21:58:57+00:00","og_image":[{"width":2441,"height":1953,"url":"https:\/\/cirhi.uwr.edu.pl\/wp-content\/uploads\/sites\/15\/2023\/10\/IMG_5312-_4_-1.webp","type":"image\/webp"}],"twitter_card":"summary_large_image","twitter_misc":{"Szacowany czas czytania":"2 minuty"},"schema":{"@context":"https:\/\/schema.org","@graph":[{"@type":"WebPage","@id":"https:\/\/cirhi.uwr.edu.pl\/pl\/zespol\/paul-mokrzycki\/","url":"https:\/\/cirhi.uwr.edu.pl\/pl\/zespol\/paul-mokrzycki\/","name":"Paul Mokrzycki - Centrum Interdyscyplinarnych Bada\u0144 nad Zdrowiem i Chorob\u0105","isPartOf":{"@id":"https:\/\/cirhi.uwr.edu.pl\/pl\/#website"},"primaryImageOfPage":{"@id":"https:\/\/cirhi.uwr.edu.pl\/pl\/zespol\/paul-mokrzycki\/#primaryimage"},"image":{"@id":"https:\/\/cirhi.uwr.edu.pl\/pl\/zespol\/paul-mokrzycki\/#primaryimage"},"thumbnailUrl":"https:\/\/cirhi.uwr.edu.pl\/wp-content\/uploads\/sites\/15\/2023\/10\/IMG_5312-_4_-1.webp","datePublished":"2023-10-17T14:31:12+00:00","dateModified":"2023-10-18T21:58:57+00:00","description":"Jeste\u015bmy pierwszym centrum z humanistyki zdrowia w Polsce. Poznajemy \u015bwiat oczami ludzi, kt\u00f3rzy cierpi\u0105.","breadcrumb":{"@id":"https:\/\/cirhi.uwr.edu.pl\/pl\/zespol\/paul-mokrzycki\/#breadcrumb"},"inLanguage":"pl-PL","potentialAction":[{"@type":"ReadAction","target":["https:\/\/cirhi.uwr.edu.pl\/pl\/zespol\/paul-mokrzycki\/"]}]},{"@type":"ImageObject","inLanguage":"pl-PL","@id":"https:\/\/cirhi.uwr.edu.pl\/pl\/zespol\/paul-mokrzycki\/#primaryimage","url":"https:\/\/cirhi.uwr.edu.pl\/wp-content\/uploads\/sites\/15\/2023\/10\/IMG_5312-_4_-1.webp","contentUrl":"https:\/\/cirhi.uwr.edu.pl\/wp-content\/uploads\/sites\/15\/2023\/10\/IMG_5312-_4_-1.webp","width":2441,"height":1953,"caption":"Paul"},{"@type":"BreadcrumbList","@id":"https:\/\/cirhi.uwr.edu.pl\/pl\/zespol\/paul-mokrzycki\/#breadcrumb","itemListElement":[{"@type":"ListItem","position":1,"name":"Strona g\u0142\u00f3wna","item":"https:\/\/cirhi.uwr.edu.pl\/pl\/"},{"@type":"ListItem","position":2,"name":"Zesp\u00f3\u0142","item":"https:\/\/cirhi.uwr.edu.pl\/pl\/zespol\/"},{"@type":"ListItem","position":3,"name":"Paul Mokrzycki"}]},{"@type":"WebSite","@id":"https:\/\/cirhi.uwr.edu.pl\/pl\/#website","url":"https:\/\/cirhi.uwr.edu.pl\/pl\/","name":"Centrum Interdyscyplinarnych Bada\u0144 nad Zdrowiem i Chorob\u0105","description":"Kolejna witryna sieci \u201eUWR Witryny\u201d","publisher":{"@id":"https:\/\/cirhi.uwr.edu.pl\/pl\/#organization"},"potentialAction":[{"@type":"SearchAction","target":{"@type":"EntryPoint","urlTemplate":"https:\/\/cirhi.uwr.edu.pl\/pl\/?s={search_term_string}"},"query-input":{"@type":"PropertyValueSpecification","valueRequired":true,"valueName":"search_term_string"}}],"inLanguage":"pl-PL"},{"@type":"Organization","@id":"https:\/\/cirhi.uwr.edu.pl\/pl\/#organization","name":"Centrum Interdyscyplinarnych Bada\u0144 nad Zdrowiem i Chorob\u0105","url":"https:\/\/cirhi.uwr.edu.pl\/pl\/","logo":{"@type":"ImageObject","inLanguage":"pl-PL","@id":"https:\/\/cirhi.uwr.edu.pl\/pl\/#\/schema\/logo\/image\/","url":"https:\/\/cirhi.uwr.edu.pl\/wp-content\/uploads\/sites\/15\/2025\/10\/UWr-logotyp-2025.png","contentUrl":"https:\/\/cirhi.uwr.edu.pl\/wp-content\/uploads\/sites\/15\/2025\/10\/UWr-logotyp-2025.png","width":764,"height":269,"caption":"Centrum Interdyscyplinarnych Bada\u0144 nad Zdrowiem i Chorob\u0105"},"image":{"@id":"https:\/\/cirhi.uwr.edu.pl\/pl\/#\/schema\/logo\/image\/"}}]}},"publishpress_future_action":{"enabled":false,"date":"2026-04-30 21:07:06","action":"change-status","newStatus":"draft","terms":[],"taxonomy":"category","extraData":[]},"publishpress_future_workflow_manual_trigger":{"enabledWorkflows":[]},"_links":{"self":[{"href":"https:\/\/cirhi.uwr.edu.pl\/pl\/wp-json\/wp\/v2\/pages\/16170\/"}],"collection":[{"href":"https:\/\/cirhi.uwr.edu.pl\/pl\/wp-json\/wp\/v2\/pages\/"}],"about":[{"href":"https:\/\/cirhi.uwr.edu.pl\/pl\/wp-json\/wp\/v2\/types\/page\/"}],"author":[{"embeddable":true,"href":"https:\/\/cirhi.uwr.edu.pl\/pl\/wp-json\/wp\/v2\/users\/2106\/"}],"replies":[{"embeddable":true,"href":"https:\/\/cirhi.uwr.edu.pl\/pl\/wp-json\/wp\/v2\/comments\/?post=16170"}],"version-history":[{"count":4,"href":"https:\/\/cirhi.uwr.edu.pl\/pl\/wp-json\/wp\/v2\/pages\/16170\/revisions\/"}],"predecessor-version":[{"id":16314,"href":"https:\/\/cirhi.uwr.edu.pl\/pl\/wp-json\/wp\/v2\/pages\/16170\/revisions\/16314\/"}],"up":[{"embeddable":true,"href":"https:\/\/cirhi.uwr.edu.pl\/pl\/wp-json\/wp\/v2\/pages\/12751\/"}],"wp:featuredmedia":[{"embeddable":true,"href":"https:\/\/cirhi.uwr.edu.pl\/pl\/wp-json\/wp\/v2\/media\/16122\/"}],"wp:attachment":[{"href":"https:\/\/cirhi.uwr.edu.pl\/pl\/wp-json\/wp\/v2\/media\/?parent=16170"}],"wp:term":[{"taxonomy":"category","embeddable":true,"href":"https:\/\/cirhi.uwr.edu.pl\/pl\/wp-json\/wp\/v2\/categories\/?post=16170"},{"taxonomy":"post_tag","embeddable":true,"href":"https:\/\/cirhi.uwr.edu.pl\/pl\/wp-json\/wp\/v2\/tags\/?post=16170"}],"curies":[{"name":"wp","href":"https:\/\/api.w.org\/{rel}","templated":true}]}}