{"id":16395,"date":"2023-10-30T15:28:24","date_gmt":"2023-10-30T14:28:24","guid":{"rendered":"https:\/\/cirhi.uwr.edu.pl\/?page_id=16395"},"modified":"2023-10-30T15:28:29","modified_gmt":"2023-10-30T14:28:29","slug":"dr-eva-duda","status":"publish","type":"page","link":"https:\/\/cirhi.uwr.edu.pl\/pl\/zespol\/dr-eva-duda\/","title":{"rendered":"dr Eva Duda"},"content":{"rendered":"\n<div class=\"wp-block-ugb-container ugb-container ugb-8dda971 ugb-container--v2 ugb-container--design-plain ugb-main-block\"><div class=\"ugb-inner-block\"><div class=\"ugb-block-content\"><div class=\"ugb-container__wrapper ugb-8dda971-wrapper\"><div class=\"ugb-container__side\"><div class=\"ugb-container__content-wrapper ugb-8dda971-content-wrapper\">\n<div class=\"wp-block-columns bs-news-page is-layout-flex wp-block-columns-is-layout-flex\">\n<div class=\"wp-block-column bs-kontakt-photo is-layout-flow wp-block-column-is-layout-flow\">\n<figure class=\"wp-block-image size-full\"><img loading=\"lazy\" decoding=\"async\" width=\"480\" height=\"640\" src=\"https:\/\/cirhi.uwr.edu.pl\/wp-content\/uploads\/sites\/15\/2022\/02\/EDuda-foto.jpeg\" alt=\"Doktor Eva Duda\" class=\"wp-image-397\" srcset=\"https:\/\/cirhi.uwr.edu.pl\/wp-content\/uploads\/sites\/15\/2022\/02\/EDuda-foto.jpeg 480w, https:\/\/cirhi.uwr.edu.pl\/wp-content\/uploads\/sites\/15\/2022\/02\/EDuda-foto-225x300.jpeg 225w, https:\/\/cirhi.uwr.edu.pl\/wp-content\/uploads\/sites\/15\/2022\/02\/EDuda-foto-18x24.jpeg 18w, https:\/\/cirhi.uwr.edu.pl\/wp-content\/uploads\/sites\/15\/2022\/02\/EDuda-foto-27x36.jpeg 27w, https:\/\/cirhi.uwr.edu.pl\/wp-content\/uploads\/sites\/15\/2022\/02\/EDuda-foto-36x48.jpeg 36w\" sizes=\"auto, (max-width: 480px) 100vw, 480px\" \/><\/figure>\n<\/div>\n\n\n\n<div class=\"wp-block-column bs-contact-right-column is-layout-flow wp-block-column-is-layout-flow\">\n<div class=\"wp-block-bonasoft-modular-breadcrumbs-block\"><div class=\"bs_add_breadcrumb_trail\"><\/div><\/div>\n\n\n\n<hr class=\"wp-block-separator has-text-color has-black-color has-css-opacity has-black-background-color has-background is-style-wide bs-border-kontakt\"\/>\n\n\n\n<h1 class=\"wp-block-heading bs-naglowek-podstrony\" id=\"eva-duda\"><strong>Eva Duda<\/strong><\/h1>\n\n\n\n<p>Jestem socjolo\u017ck\u0105 i politolo\u017ck\u0105 z doktoratem z polityki spo\u0142ecznej.<\/p>\n\n\n\n<p>We wcze\u015bniejszej pracy skupia\u0142am si\u0119 na migracjach na terenie Unii Europejskiej, przede wszystkim mi\u0119dzy Polsk\u0105 a Wielk\u0105 Brytani\u0105, oraz gender. Moja monografia zatytu\u0142owana \u201eEU migrant workers, Brexit and precarity: Polish women\u2019s perspectives from inside the UK\u201d, wydana przez Bristol Policy Press, ukaza\u0142a si\u0119 w 2019 roku.<\/p>\n\n\n\n<p>Szczeg\u00f3lnie interesuj\u0119 si\u0119 intersekcjonalno\u015bci\u0105 oraz holistycznym patrzeniem na drugiego cz\u0142owieka, jako osob\u0119 kt\u00f3ra w ka\u017cdym momencie przejawia wiele cech (np. gender, obywatelstwo, nie\/pe\u0142nosprawno\u015b\u0107), co si\u0119 odzwierciedla w ich przynale\u017cno\u015bci (lub nie) do danych grup spo\u0142ecznych.<\/p>\n\n\n\n<p>Wcze\u015bniej pisa\u0142am na temat: migrant\u00f3w z UE w Wielkiej Brytanii; Brexitu; migracji Polek z uwzgl\u0119dnieniem kategorii p\u0142ci spo\u0142ecznej; uchod\u017ac\u00f3w i poszukuj\u0105cych azylu; integracji migrant\u00f3w; niepe\u0142nosprawno\u015bci oraz migracji jako kategorii wykluczenia spo\u0142ecznego; oraz jako\u015bciowych metod badawczych.<\/p>\n\n\n\n<p>W obecnych badaniach prowadzonych w Centrum skupiam si\u0119 na  niepe\u0142nosprawno\u015bci i migracjach, w ramach projektu finansowanego przez Narodowe Centrum Nauki.<\/p>\n\n\n\n<p>Szczeg\u00f3lnie wa\u017cna jest dla mnie praca z marginalizowanymi wsp\u00f3lnotami przy pomocy partycypacyjnych metod badawczych, aby osi\u0105gn\u0105\u0107 lepsze zdrowie, dobrostan oraz sprawiedliwo\u015b\u0107 spo\u0142eczn\u0105.<\/p>\n\n\n\n<p>Publikuj\u0119 pod nazwiskiem Duda-Mikulin.<\/p>\n\n\n\n<ul class=\"wp-block-list\">\n<li>Email: <a href=\"mailto:Eva.duda@uwr.edu.pl\">Eva.duda@uwr.edu.pl<\/a><\/li>\n\n\n\n<li>Twitter: @DrEvaAnnaDuda<\/li>\n\n\n\n<li>LinkedIn: <a href=\"https:\/\/www.linkedin.com\/in\/evaannaduda\/\">https:\/\/www.linkedin.com\/in\/evaannaduda\/<\/a><\/li>\n\n\n\n<li>ResearchGate: <a href=\"https:\/\/www.researchgate.net\/profile\/Eva-Duda\">https:\/\/www.researchgate.net\/profile\/Eva-Duda<\/a><\/li>\n\n\n\n<li>Google Scholar: <a href=\"https:\/\/scholar.google.co.uk\/citations?user=eA4d8H0AAAAJ&amp;hl=en\">https:\/\/scholar.google.co.uk\/citations?user=eA4d8H0AAAAJ&amp;hl=en<\/a>&nbsp;<\/li>\n\n\n\n<li><a href=\"http:\/\/Academia.edu\">Academia.edu<\/a>: <a href=\"https:\/\/wroc.academia.edu\/EvaDudaMikulin\">https:\/\/wroc.academia.edu\/EvaDudaMikulin<\/a>&nbsp;<\/li>\n\n\n\n<li>ORCID: 0000-0002-4937-0040<\/li>\n<\/ul>\n<\/div>\n<\/div>\n\n\n\n<div class=\"wp-block-ugb-container ugb-container bs-news-page-under ugb-f8694ce ugb-container--v2 ugb-container--design-plain ugb-main-block\"><div class=\"ugb-inner-block\"><div class=\"ugb-block-content\"><div class=\"ugb-container__wrapper ugb-f8694ce-wrapper\"><div class=\"ugb-container__side\"><div class=\"ugb-container__content-wrapper ugb-f8694ce-content-wrapper\">\n<p><\/p>\n<\/div><\/div><\/div><\/div><\/div><\/div>\n<\/div><\/div><\/div><\/div><\/div><\/div>\n","protected":false},"excerpt":{"rendered":"<p>Eva Duda Jestem socjolo\u017ck\u0105 i politolo\u017ck\u0105 z doktoratem z polityki spo\u0142ecznej. We wcze\u015bniejszej pracy skupia\u0142am si\u0119 na migracjach na terenie Unii Europejskiej, przede wszystkim mi\u0119dzy Polsk\u0105 a Wielk\u0105 Brytani\u0105, oraz gender. Moja monografia zatytu\u0142owana \u201eEU migrant workers, Brexit and precarity: Polish women\u2019s perspectives from inside the UK\u201d, wydana przez Bristol Policy Press, ukaza\u0142a si\u0119 w [&hellip;]<\/p>\n","protected":false},"author":2106,"featured_media":0,"parent":12751,"menu_order":5,"comment_status":"closed","ping_status":"closed","template":"","meta":{"_acf_changed":false,"inline_featured_image":false,"site-sidebar-layout":"default","site-content-layout":"","ast-site-content-layout":"default","site-content-style":"default","site-sidebar-style":"default","ast-global-header-display":"","ast-banner-title-visibility":"","ast-main-header-display":"","ast-hfb-above-header-display":"","ast-hfb-below-header-display":"","ast-hfb-mobile-header-display":"","site-post-title":"","ast-breadcrumbs-content":"","ast-featured-img":"","footer-sml-layout":"","ast-disable-related-posts":"","theme-transparent-header-meta":"","adv-header-id-meta":"","stick-header-meta":"","header-above-stick-meta":"","header-main-stick-meta":"","header-below-stick-meta":"","astra-migrate-meta-layouts":"default","ast-page-background-enabled":"default","ast-page-background-meta":{"desktop":{"background-color":"","background-image":"","background-repeat":"repeat","background-position":"center center","background-size":"auto","background-attachment":"scroll","background-type":"","background-media":"","overlay-type":"","overlay-color":"","overlay-opacity":"","overlay-gradient":""},"tablet":{"background-color":"","background-image":"","background-repeat":"repeat","background-position":"center center","background-size":"auto","background-attachment":"scroll","background-type":"","background-media":"","overlay-type":"","overlay-color":"","overlay-opacity":"","overlay-gradient":""},"mobile":{"background-color":"","background-image":"","background-repeat":"repeat","background-position":"center center","background-size":"auto","background-attachment":"scroll","background-type":"","background-media":"","overlay-type":"","overlay-color":"","overlay-opacity":"","overlay-gradient":""}},"ast-content-background-meta":{"desktop":{"background-color":"var(--ast-global-color-5)","background-image":"","background-repeat":"repeat","background-position":"center center","background-size":"auto","background-attachment":"scroll","background-type":"","background-media":"","overlay-type":"","overlay-color":"","overlay-opacity":"","overlay-gradient":""},"tablet":{"background-color":"var(--ast-global-color-5)","background-image":"","background-repeat":"repeat","background-position":"center center","background-size":"auto","background-attachment":"scroll","background-type":"","background-media":"","overlay-type":"","overlay-color":"","overlay-opacity":"","overlay-gradient":""},"mobile":{"background-color":"var(--ast-global-color-5)","background-image":"","background-repeat":"repeat","background-position":"center center","background-size":"auto","background-attachment":"scroll","background-type":"","background-media":"","overlay-type":"","overlay-color":"","overlay-opacity":"","overlay-gradient":""}},"footnotes":""},"categories":[],"tags":[],"class_list":["post-16395","page","type-page","status-publish","hentry"],"featured_image_urls_v2":{"full":"","thumbnail":"","medium":"","medium_large":"","large":"","1536x1536":"","2048x2048":"","menu-24x24":"","menu-36x36":"","menu-48x48":""},"post_excerpt_stackable_v2":"<p>Eva Duda Jestem socjolo\u017ck\u0105 i politolo\u017ck\u0105 z doktoratem z polityki spo\u0142ecznej. We wcze\u015bniejszej pracy skupia\u0142am si\u0119 na migracjach na terenie Unii Europejskiej, przede wszystkim mi\u0119dzy Polsk\u0105 a Wielk\u0105 Brytani\u0105, oraz gender. Moja monografia zatytu\u0142owana \u201eEU migrant workers, Brexit and precarity: Polish women\u2019s perspectives from inside the UK\u201d, wydana przez Bristol Policy Press, ukaza\u0142a si\u0119 w 2019 roku. Szczeg\u00f3lnie interesuj\u0119 si\u0119 intersekcjonalno\u015bci\u0105 oraz holistycznym patrzeniem na drugiego cz\u0142owieka, jako osob\u0119 kt\u00f3ra w ka\u017cdym momencie przejawia wiele cech (np. gender, obywatelstwo, nie\/pe\u0142nosprawno\u015b\u0107), co si\u0119 odzwierciedla w ich przynale\u017cno\u015bci (lub nie) do danych grup spo\u0142ecznych. Wcze\u015bniej pisa\u0142am na temat: migrant\u00f3w z UE w&hellip;<\/p>\n","category_list_v2":"Bez kategorii","author_info_v2":{"name":"mwitkowicz","url":"https:\/\/cirhi.uwr.edu.pl\/pl\/author\/mwitkowicz\/"},"comments_num_v2":"0 comments","acf":[],"yoast_head":"<!-- This site is optimized with the Yoast SEO plugin v27.1.1 - https:\/\/yoast.com\/product\/yoast-seo-wordpress\/ -->\n<title>dr Eva Duda - Centrum Interdyscyplinarnych Bada\u0144 nad Zdrowiem i Chorob\u0105<\/title>\n<meta name=\"description\" content=\"Jeste\u015bmy pierwszym centrum z humanistyki zdrowia w Polsce. Poznajemy \u015bwiat oczami ludzi, kt\u00f3rzy cierpi\u0105.\" \/>\n<meta name=\"robots\" content=\"index, follow, max-snippet:-1, max-image-preview:large, max-video-preview:-1\" \/>\n<link rel=\"canonical\" href=\"https:\/\/cirhi.uwr.edu.pl\/pl\/zespol\/dr-eva-duda\/\" \/>\n<meta property=\"og:locale\" content=\"pl_PL\" \/>\n<meta property=\"og:type\" content=\"article\" \/>\n<meta property=\"og:title\" content=\"dr Eva Duda - Centrum Interdyscyplinarnych Bada\u0144 nad Zdrowiem i Chorob\u0105\" \/>\n<meta property=\"og:description\" content=\"Jeste\u015bmy pierwszym centrum z humanistyki zdrowia w Polsce. Poznajemy \u015bwiat oczami ludzi, kt\u00f3rzy cierpi\u0105.\" \/>\n<meta property=\"og:url\" content=\"https:\/\/cirhi.uwr.edu.pl\/pl\/zespol\/dr-eva-duda\/\" \/>\n<meta property=\"og:site_name\" content=\"Centrum Interdyscyplinarnych Bada\u0144 nad Zdrowiem i Chorob\u0105\" \/>\n<meta property=\"article:modified_time\" content=\"2023-10-30T14:28:29+00:00\" \/>\n<meta property=\"og:image\" content=\"https:\/\/cirhi.uwr.edu.pl\/wp-content\/uploads\/sites\/15\/2022\/02\/EDuda-foto.jpeg\" \/>\n<meta name=\"twitter:card\" content=\"summary_large_image\" \/>\n<meta name=\"twitter:label1\" content=\"Szacowany czas czytania\" \/>\n\t<meta name=\"twitter:data1\" content=\"2 minuty\" \/>\n<script type=\"application\/ld+json\" class=\"yoast-schema-graph\">{\"@context\":\"https:\/\/schema.org\",\"@graph\":[{\"@type\":\"WebPage\",\"@id\":\"https:\/\/cirhi.uwr.edu.pl\/pl\/zespol\/dr-eva-duda\/\",\"url\":\"https:\/\/cirhi.uwr.edu.pl\/pl\/zespol\/dr-eva-duda\/\",\"name\":\"dr Eva Duda - Centrum Interdyscyplinarnych Bada\u0144 nad Zdrowiem i Chorob\u0105\",\"isPartOf\":{\"@id\":\"https:\/\/cirhi.uwr.edu.pl\/pl\/#website\"},\"primaryImageOfPage\":{\"@id\":\"https:\/\/cirhi.uwr.edu.pl\/pl\/zespol\/dr-eva-duda\/#primaryimage\"},\"image\":{\"@id\":\"https:\/\/cirhi.uwr.edu.pl\/pl\/zespol\/dr-eva-duda\/#primaryimage\"},\"thumbnailUrl\":\"https:\/\/cirhi.uwr.edu.pl\/wp-content\/uploads\/sites\/15\/2022\/02\/EDuda-foto.jpeg\",\"datePublished\":\"2023-10-30T14:28:24+00:00\",\"dateModified\":\"2023-10-30T14:28:29+00:00\",\"description\":\"Jeste\u015bmy pierwszym centrum z humanistyki zdrowia w Polsce. Poznajemy \u015bwiat oczami ludzi, kt\u00f3rzy cierpi\u0105.\",\"breadcrumb\":{\"@id\":\"https:\/\/cirhi.uwr.edu.pl\/pl\/zespol\/dr-eva-duda\/#breadcrumb\"},\"inLanguage\":\"pl-PL\",\"potentialAction\":[{\"@type\":\"ReadAction\",\"target\":[\"https:\/\/cirhi.uwr.edu.pl\/pl\/zespol\/dr-eva-duda\/\"]}]},{\"@type\":\"ImageObject\",\"inLanguage\":\"pl-PL\",\"@id\":\"https:\/\/cirhi.uwr.edu.pl\/pl\/zespol\/dr-eva-duda\/#primaryimage\",\"url\":\"https:\/\/cirhi.uwr.edu.pl\/wp-content\/uploads\/sites\/15\/2022\/02\/EDuda-foto.jpeg\",\"contentUrl\":\"https:\/\/cirhi.uwr.edu.pl\/wp-content\/uploads\/sites\/15\/2022\/02\/EDuda-foto.jpeg\"},{\"@type\":\"BreadcrumbList\",\"@id\":\"https:\/\/cirhi.uwr.edu.pl\/pl\/zespol\/dr-eva-duda\/#breadcrumb\",\"itemListElement\":[{\"@type\":\"ListItem\",\"position\":1,\"name\":\"Strona g\u0142\u00f3wna\",\"item\":\"https:\/\/cirhi.uwr.edu.pl\/pl\/\"},{\"@type\":\"ListItem\",\"position\":2,\"name\":\"Zesp\u00f3\u0142\",\"item\":\"https:\/\/cirhi.uwr.edu.pl\/pl\/zespol\/\"},{\"@type\":\"ListItem\",\"position\":3,\"name\":\"dr Eva Duda\"}]},{\"@type\":\"WebSite\",\"@id\":\"https:\/\/cirhi.uwr.edu.pl\/pl\/#website\",\"url\":\"https:\/\/cirhi.uwr.edu.pl\/pl\/\",\"name\":\"Centrum Interdyscyplinarnych Bada\u0144 nad Zdrowiem i Chorob\u0105\",\"description\":\"Kolejna witryna sieci \u201eUWR Witryny\u201d\",\"publisher\":{\"@id\":\"https:\/\/cirhi.uwr.edu.pl\/pl\/#organization\"},\"potentialAction\":[{\"@type\":\"SearchAction\",\"target\":{\"@type\":\"EntryPoint\",\"urlTemplate\":\"https:\/\/cirhi.uwr.edu.pl\/pl\/?s={search_term_string}\"},\"query-input\":{\"@type\":\"PropertyValueSpecification\",\"valueRequired\":true,\"valueName\":\"search_term_string\"}}],\"inLanguage\":\"pl-PL\"},{\"@type\":\"Organization\",\"@id\":\"https:\/\/cirhi.uwr.edu.pl\/pl\/#organization\",\"name\":\"Centrum Interdyscyplinarnych Bada\u0144 nad Zdrowiem i Chorob\u0105\",\"url\":\"https:\/\/cirhi.uwr.edu.pl\/pl\/\",\"logo\":{\"@type\":\"ImageObject\",\"inLanguage\":\"pl-PL\",\"@id\":\"https:\/\/cirhi.uwr.edu.pl\/pl\/#\/schema\/logo\/image\/\",\"url\":\"https:\/\/cirhi.uwr.edu.pl\/wp-content\/uploads\/sites\/15\/2025\/10\/UWr-logotyp-2025.png\",\"contentUrl\":\"https:\/\/cirhi.uwr.edu.pl\/wp-content\/uploads\/sites\/15\/2025\/10\/UWr-logotyp-2025.png\",\"width\":764,\"height\":269,\"caption\":\"Centrum Interdyscyplinarnych Bada\u0144 nad Zdrowiem i Chorob\u0105\"},\"image\":{\"@id\":\"https:\/\/cirhi.uwr.edu.pl\/pl\/#\/schema\/logo\/image\/\"}}]}<\/script>\n<!-- \/ Yoast SEO plugin. -->","yoast_head_json":{"title":"dr Eva Duda - Centrum Interdyscyplinarnych Bada\u0144 nad Zdrowiem i Chorob\u0105","description":"Jeste\u015bmy pierwszym centrum z humanistyki zdrowia w Polsce. Poznajemy \u015bwiat oczami ludzi, kt\u00f3rzy cierpi\u0105.","robots":{"index":"index","follow":"follow","max-snippet":"max-snippet:-1","max-image-preview":"max-image-preview:large","max-video-preview":"max-video-preview:-1"},"canonical":"https:\/\/cirhi.uwr.edu.pl\/pl\/zespol\/dr-eva-duda\/","og_locale":"pl_PL","og_type":"article","og_title":"dr Eva Duda - Centrum Interdyscyplinarnych Bada\u0144 nad Zdrowiem i Chorob\u0105","og_description":"Jeste\u015bmy pierwszym centrum z humanistyki zdrowia w Polsce. Poznajemy \u015bwiat oczami ludzi, kt\u00f3rzy cierpi\u0105.","og_url":"https:\/\/cirhi.uwr.edu.pl\/pl\/zespol\/dr-eva-duda\/","og_site_name":"Centrum Interdyscyplinarnych Bada\u0144 nad Zdrowiem i Chorob\u0105","article_modified_time":"2023-10-30T14:28:29+00:00","og_image":[{"url":"https:\/\/cirhi.uwr.edu.pl\/wp-content\/uploads\/sites\/15\/2022\/02\/EDuda-foto.jpeg","type":"","width":"","height":""}],"twitter_card":"summary_large_image","twitter_misc":{"Szacowany czas czytania":"2 minuty"},"schema":{"@context":"https:\/\/schema.org","@graph":[{"@type":"WebPage","@id":"https:\/\/cirhi.uwr.edu.pl\/pl\/zespol\/dr-eva-duda\/","url":"https:\/\/cirhi.uwr.edu.pl\/pl\/zespol\/dr-eva-duda\/","name":"dr Eva Duda - Centrum Interdyscyplinarnych Bada\u0144 nad Zdrowiem i Chorob\u0105","isPartOf":{"@id":"https:\/\/cirhi.uwr.edu.pl\/pl\/#website"},"primaryImageOfPage":{"@id":"https:\/\/cirhi.uwr.edu.pl\/pl\/zespol\/dr-eva-duda\/#primaryimage"},"image":{"@id":"https:\/\/cirhi.uwr.edu.pl\/pl\/zespol\/dr-eva-duda\/#primaryimage"},"thumbnailUrl":"https:\/\/cirhi.uwr.edu.pl\/wp-content\/uploads\/sites\/15\/2022\/02\/EDuda-foto.jpeg","datePublished":"2023-10-30T14:28:24+00:00","dateModified":"2023-10-30T14:28:29+00:00","description":"Jeste\u015bmy pierwszym centrum z humanistyki zdrowia w Polsce. Poznajemy \u015bwiat oczami ludzi, kt\u00f3rzy cierpi\u0105.","breadcrumb":{"@id":"https:\/\/cirhi.uwr.edu.pl\/pl\/zespol\/dr-eva-duda\/#breadcrumb"},"inLanguage":"pl-PL","potentialAction":[{"@type":"ReadAction","target":["https:\/\/cirhi.uwr.edu.pl\/pl\/zespol\/dr-eva-duda\/"]}]},{"@type":"ImageObject","inLanguage":"pl-PL","@id":"https:\/\/cirhi.uwr.edu.pl\/pl\/zespol\/dr-eva-duda\/#primaryimage","url":"https:\/\/cirhi.uwr.edu.pl\/wp-content\/uploads\/sites\/15\/2022\/02\/EDuda-foto.jpeg","contentUrl":"https:\/\/cirhi.uwr.edu.pl\/wp-content\/uploads\/sites\/15\/2022\/02\/EDuda-foto.jpeg"},{"@type":"BreadcrumbList","@id":"https:\/\/cirhi.uwr.edu.pl\/pl\/zespol\/dr-eva-duda\/#breadcrumb","itemListElement":[{"@type":"ListItem","position":1,"name":"Strona g\u0142\u00f3wna","item":"https:\/\/cirhi.uwr.edu.pl\/pl\/"},{"@type":"ListItem","position":2,"name":"Zesp\u00f3\u0142","item":"https:\/\/cirhi.uwr.edu.pl\/pl\/zespol\/"},{"@type":"ListItem","position":3,"name":"dr Eva Duda"}]},{"@type":"WebSite","@id":"https:\/\/cirhi.uwr.edu.pl\/pl\/#website","url":"https:\/\/cirhi.uwr.edu.pl\/pl\/","name":"Centrum Interdyscyplinarnych Bada\u0144 nad Zdrowiem i Chorob\u0105","description":"Kolejna witryna sieci \u201eUWR Witryny\u201d","publisher":{"@id":"https:\/\/cirhi.uwr.edu.pl\/pl\/#organization"},"potentialAction":[{"@type":"SearchAction","target":{"@type":"EntryPoint","urlTemplate":"https:\/\/cirhi.uwr.edu.pl\/pl\/?s={search_term_string}"},"query-input":{"@type":"PropertyValueSpecification","valueRequired":true,"valueName":"search_term_string"}}],"inLanguage":"pl-PL"},{"@type":"Organization","@id":"https:\/\/cirhi.uwr.edu.pl\/pl\/#organization","name":"Centrum Interdyscyplinarnych Bada\u0144 nad Zdrowiem i Chorob\u0105","url":"https:\/\/cirhi.uwr.edu.pl\/pl\/","logo":{"@type":"ImageObject","inLanguage":"pl-PL","@id":"https:\/\/cirhi.uwr.edu.pl\/pl\/#\/schema\/logo\/image\/","url":"https:\/\/cirhi.uwr.edu.pl\/wp-content\/uploads\/sites\/15\/2025\/10\/UWr-logotyp-2025.png","contentUrl":"https:\/\/cirhi.uwr.edu.pl\/wp-content\/uploads\/sites\/15\/2025\/10\/UWr-logotyp-2025.png","width":764,"height":269,"caption":"Centrum Interdyscyplinarnych Bada\u0144 nad Zdrowiem i Chorob\u0105"},"image":{"@id":"https:\/\/cirhi.uwr.edu.pl\/pl\/#\/schema\/logo\/image\/"}}]}},"publishpress_future_action":{"enabled":false,"date":"2026-04-30 19:19:45","action":"change-status","newStatus":"draft","terms":[],"taxonomy":"category","extraData":[]},"publishpress_future_workflow_manual_trigger":{"enabledWorkflows":[]},"_links":{"self":[{"href":"https:\/\/cirhi.uwr.edu.pl\/pl\/wp-json\/wp\/v2\/pages\/16395\/"}],"collection":[{"href":"https:\/\/cirhi.uwr.edu.pl\/pl\/wp-json\/wp\/v2\/pages\/"}],"about":[{"href":"https:\/\/cirhi.uwr.edu.pl\/pl\/wp-json\/wp\/v2\/types\/page\/"}],"author":[{"embeddable":true,"href":"https:\/\/cirhi.uwr.edu.pl\/pl\/wp-json\/wp\/v2\/users\/2106\/"}],"replies":[{"embeddable":true,"href":"https:\/\/cirhi.uwr.edu.pl\/pl\/wp-json\/wp\/v2\/comments\/?post=16395"}],"version-history":[{"count":1,"href":"https:\/\/cirhi.uwr.edu.pl\/pl\/wp-json\/wp\/v2\/pages\/16395\/revisions\/"}],"predecessor-version":[{"id":16401,"href":"https:\/\/cirhi.uwr.edu.pl\/pl\/wp-json\/wp\/v2\/pages\/16395\/revisions\/16401\/"}],"up":[{"embeddable":true,"href":"https:\/\/cirhi.uwr.edu.pl\/pl\/wp-json\/wp\/v2\/pages\/12751\/"}],"wp:attachment":[{"href":"https:\/\/cirhi.uwr.edu.pl\/pl\/wp-json\/wp\/v2\/media\/?parent=16395"}],"wp:term":[{"taxonomy":"category","embeddable":true,"href":"https:\/\/cirhi.uwr.edu.pl\/pl\/wp-json\/wp\/v2\/categories\/?post=16395"},{"taxonomy":"post_tag","embeddable":true,"href":"https:\/\/cirhi.uwr.edu.pl\/pl\/wp-json\/wp\/v2\/tags\/?post=16395"}],"curies":[{"name":"wp","href":"https:\/\/api.w.org\/{rel}","templated":true}]}}